{"id":4684,"date":"2024-10-21T20:33:09","date_gmt":"2024-10-21T17:33:09","guid":{"rendered":"https:\/\/faberpet.ro\/stage\/produs\/carabiniera-simpla-cu-vartej-80-mm\/"},"modified":"2025-12-19T11:47:30","modified_gmt":"2025-12-19T09:47:30","slug":"carabiniera-simpla-cu-vartej-70-mm","status":"publish","type":"product","link":"https:\/\/faberpet.ro\/stage\/produs\/carabiniera-simpla-cu-vartej-70-mm\/","title":{"rendered":"Carabiniera simpla cu vartej 70 mm 10\/set"},"content":{"rendered":"<p>Este fabricat\u0103 din o\u021bel inoxidabil. Ideal pentru lese \u0219i lan\u021buri de curte \u0219i pentru cuplarea u\u0219oar\u0103 a mijloacelor de control al animalelor.<\/p>\n<p>Lungime: 70 mm.<\/p>\n<p>Sarcin\u0103 maxim\u0103 de \u00eenc\u0103rcare: 35 Kg<\/p>\n<p>Se vinde ambalat c\u00e2te 10 buc\/set! Pre\u021bul afi\u0219at este per buc!<\/p>\n","protected":false},"excerpt":{"rendered":"<p>Este fabricat\u0103 din o\u021bel inoxidabil. Ideal pentru lese \u0219i lan\u021buri de curte \u0219i pentru cuplarea u\u0219oar\u0103 a mijloacelor de control al animalelor. Lungime: 70 mm. Sarcin\u0103 maxim\u0103 de \u00eenc\u0103rcare: 35 Kg Se vinde ambalat c\u00e2te 10 buc\/set! Pre\u021bul afi\u0219at este per buc!<\/p>\n","protected":false},"featured_media":14656,"template":"","meta":[],"product_brand":[],"product_cat":[168,1506,1505],"product_tag":[1511,1509,1510],"class_list":{"0":"post-4684","1":"product","2":"type-product","3":"status-publish","4":"has-post-thumbnail","6":"product_cat-caini","7":"product_cat-carabiniere","8":"product_cat-carabiniere-si-varteje","9":"product_tag-carabina-pentru-caine","10":"product_tag-carabiniera-pentru-caini","11":"product_tag-carabniera-cu-vartej","13":"first","14":"instock","15":"shipping-taxable","16":"purchasable","17":"product-type-simple"},"_links":{"self":[{"href":"https:\/\/faberpet.ro\/stage\/wp-json\/wp\/v2\/product\/4684","targetHints":{"allow":["GET"]}}],"collection":[{"href":"https:\/\/faberpet.ro\/stage\/wp-json\/wp\/v2\/product"}],"about":[{"href":"https:\/\/faberpet.ro\/stage\/wp-json\/wp\/v2\/types\/product"}],"wp:featuredmedia":[{"embeddable":true,"href":"https:\/\/faberpet.ro\/stage\/wp-json\/wp\/v2\/media\/14656"}],"wp:attachment":[{"href":"https:\/\/faberpet.ro\/stage\/wp-json\/wp\/v2\/media?parent=4684"}],"wp:term":[{"taxonomy":"product_brand","embeddable":true,"href":"https:\/\/faberpet.ro\/stage\/wp-json\/wp\/v2\/product_brand?post=4684"},{"taxonomy":"product_cat","embeddable":true,"href":"https:\/\/faberpet.ro\/stage\/wp-json\/wp\/v2\/product_cat?post=4684"},{"taxonomy":"product_tag","embeddable":true,"href":"https:\/\/faberpet.ro\/stage\/wp-json\/wp\/v2\/product_tag?post=4684"}],"curies":[{"name":"wp","href":"https:\/\/api.w.org\/{rel}","templated":true}]}}