{"id":4686,"date":"2024-10-21T20:33:09","date_gmt":"2024-10-21T17:33:09","guid":{"rendered":"https:\/\/faberpet.ro\/stage\/produs\/carabiniera-cu-parghie-de-asigurare-20x68-mm\/"},"modified":"2025-08-04T09:30:07","modified_gmt":"2025-08-04T07:30:07","slug":"carabiniera-cu-parghie-de-asigurare-20x68-mm","status":"publish","type":"product","link":"https:\/\/faberpet.ro\/stage\/produs\/carabiniera-cu-parghie-de-asigurare-20x68-mm\/","title":{"rendered":"Carabiniera cu parghie de asigurare 20&#215;68 mm"},"content":{"rendered":"<p>Este fabricat\u0103 din o\u021bel inoxidabil. Ideal pentru lese \u0219i lan\u021buri de curte \u0219i pentru cuplarea u\u0219oar\u0103 a mijloacelor de control al animalelor. Lungime: 68 mm. M\u0103rime interioar\u0103: 20 mm Se vinde ambalat c\u00e2te 10 buc\/set! Pre\u021bul afi\u0219at este per buc!<\/p>\n","protected":false},"excerpt":{"rendered":"<p>Este fabricat\u0103 din o\u021bel inoxidabil. Ideal pentru lese \u0219i lan\u021buri de curte \u0219i pentru cuplarea u\u0219oar\u0103 a mijloacelor de control al animalelor. Lungime: 68 mm. M\u0103rime interioar\u0103: 20 mm Se vinde ambalat c\u00e2te 10 buc\/set! Pre\u021bul afi\u0219at este per buc!<\/p>\n","protected":false},"featured_media":9688,"template":"","meta":[],"product_brand":[],"product_cat":[168,1506,1505],"product_tag":[1513,1512,1514],"class_list":{"0":"post-4686","1":"product","2":"type-product","3":"status-publish","4":"has-post-thumbnail","6":"product_cat-caini","7":"product_cat-carabiniere","8":"product_cat-carabiniere-si-varteje","9":"product_tag-carabina-cu-inel","10":"product_tag-carabine-cu-lanturi","11":"product_tag-carabine-mari","13":"first","14":"instock","15":"shipping-taxable","16":"purchasable","17":"product-type-simple"},"_links":{"self":[{"href":"https:\/\/faberpet.ro\/stage\/wp-json\/wp\/v2\/product\/4686","targetHints":{"allow":["GET"]}}],"collection":[{"href":"https:\/\/faberpet.ro\/stage\/wp-json\/wp\/v2\/product"}],"about":[{"href":"https:\/\/faberpet.ro\/stage\/wp-json\/wp\/v2\/types\/product"}],"wp:featuredmedia":[{"embeddable":true,"href":"https:\/\/faberpet.ro\/stage\/wp-json\/wp\/v2\/media\/9688"}],"wp:attachment":[{"href":"https:\/\/faberpet.ro\/stage\/wp-json\/wp\/v2\/media?parent=4686"}],"wp:term":[{"taxonomy":"product_brand","embeddable":true,"href":"https:\/\/faberpet.ro\/stage\/wp-json\/wp\/v2\/product_brand?post=4686"},{"taxonomy":"product_cat","embeddable":true,"href":"https:\/\/faberpet.ro\/stage\/wp-json\/wp\/v2\/product_cat?post=4686"},{"taxonomy":"product_tag","embeddable":true,"href":"https:\/\/faberpet.ro\/stage\/wp-json\/wp\/v2\/product_tag?post=4686"}],"curies":[{"name":"wp","href":"https:\/\/api.w.org\/{rel}","templated":true}]}}