{"id":4691,"date":"2024-10-21T20:33:09","date_gmt":"2024-10-21T17:33:09","guid":{"rendered":"https:\/\/faberpet.ro\/stage\/produs\/carabiniera-dubla-85-mm\/"},"modified":"2025-08-04T10:04:16","modified_gmt":"2025-08-04T08:04:16","slug":"carabiniera-dubla-85-mm","status":"publish","type":"product","link":"https:\/\/faberpet.ro\/stage\/produs\/carabiniera-dubla-85-mm\/","title":{"rendered":"Carabiniera dubla 85 mm"},"content":{"rendered":"<p>Carabinier\u0103 dubl\u0103Este fabricat\u0103 din o\u021bel inoxidabil. Ideal pentru lese \u0219i lan\u021buri de curte. Lungime: 85 mm Sarcin\u0103 maxim\u0103 de \u00eenc\u0103rcare: 70 Kg Se vinde ambalat c\u00e2te 10 buc\/set! Pre\u021bul afi\u0219at este per buc!<\/p>\n","protected":false},"excerpt":{"rendered":"<p>Carabinier\u0103 dubl\u0103Este fabricat\u0103 din o\u021bel inoxidabil. Ideal pentru lese \u0219i lan\u021buri de curte. Lungime: 85 mm Sarcin\u0103 maxim\u0103 de \u00eenc\u0103rcare: 70 Kg Se vinde ambalat c\u00e2te 10 buc\/set! Pre\u021bul afi\u0219at este per buc!<\/p>\n","protected":false},"featured_media":9693,"template":"","meta":[],"product_brand":[],"product_cat":[168,1506,1505],"product_tag":[1519,1521,1520],"class_list":{"0":"post-4691","1":"product","2":"type-product","3":"status-publish","4":"has-post-thumbnail","6":"product_cat-caini","7":"product_cat-carabiniere","8":"product_cat-carabiniere-si-varteje","9":"product_tag-accesorii-lanturi","10":"product_tag-carabine-din-inox","11":"product_tag-lant-si-carabine","13":"first","14":"instock","15":"shipping-taxable","16":"purchasable","17":"product-type-simple"},"_links":{"self":[{"href":"https:\/\/faberpet.ro\/stage\/wp-json\/wp\/v2\/product\/4691","targetHints":{"allow":["GET"]}}],"collection":[{"href":"https:\/\/faberpet.ro\/stage\/wp-json\/wp\/v2\/product"}],"about":[{"href":"https:\/\/faberpet.ro\/stage\/wp-json\/wp\/v2\/types\/product"}],"wp:featuredmedia":[{"embeddable":true,"href":"https:\/\/faberpet.ro\/stage\/wp-json\/wp\/v2\/media\/9693"}],"wp:attachment":[{"href":"https:\/\/faberpet.ro\/stage\/wp-json\/wp\/v2\/media?parent=4691"}],"wp:term":[{"taxonomy":"product_brand","embeddable":true,"href":"https:\/\/faberpet.ro\/stage\/wp-json\/wp\/v2\/product_brand?post=4691"},{"taxonomy":"product_cat","embeddable":true,"href":"https:\/\/faberpet.ro\/stage\/wp-json\/wp\/v2\/product_cat?post=4691"},{"taxonomy":"product_tag","embeddable":true,"href":"https:\/\/faberpet.ro\/stage\/wp-json\/wp\/v2\/product_tag?post=4691"}],"curies":[{"name":"wp","href":"https:\/\/api.w.org\/{rel}","templated":true}]}}