{"id":4695,"date":"2024-10-21T20:33:10","date_gmt":"2024-10-21T17:33:10","guid":{"rendered":"https:\/\/faberpet.ro\/stage\/produs\/carabiniera-simpla-cu-vartej-strong-95-mm\/"},"modified":"2025-08-04T10:05:05","modified_gmt":"2025-08-04T08:05:05","slug":"carabiniera-simpla-cu-vartej-strong-95-mm","status":"publish","type":"product","link":"https:\/\/faberpet.ro\/stage\/produs\/carabiniera-simpla-cu-vartej-strong-95-mm\/","title":{"rendered":"Carabiniera simpla cu vartej strong 95 mm 5\/set"},"content":{"rendered":"<p>Este fabricat\u0103 din o\u021bel inoxidabil. Carabin\u0103 de uz general, ideal pentru chei, lese \u0219i gen\u021bi, etc. Lungime: 95 mm Sarcin\u0103 maxim\u0103 de \u00eenc\u0103rcare: 80 Kg Se vinde ambalat c\u00e2te 5 buc\/set! Pre\u021bul afi\u0219at este per buc!<\/p>\n","protected":false},"excerpt":{"rendered":"<p>Este fabricat\u0103 din o\u021bel inoxidabil. Carabin\u0103 de uz general, ideal pentru chei, lese \u0219i gen\u021bi, etc. Lungime: 95 mm Sarcin\u0103 maxim\u0103 de \u00eenc\u0103rcare: 80 Kg Se vinde ambalat c\u00e2te 5 buc\/set! Pre\u021bul afi\u0219at este per buc!<\/p>\n","protected":false},"featured_media":9690,"template":"","meta":[],"product_brand":[],"product_cat":[168,1506,1505],"product_tag":[1531,1532,1518],"class_list":{"0":"post-4695","1":"product","2":"type-product","3":"status-publish","4":"has-post-thumbnail","6":"product_cat-caini","7":"product_cat-carabiniere","8":"product_cat-carabiniere-si-varteje","9":"product_tag-carabiniere-caini","10":"product_tag-lanturi-caini","11":"product_tag-lanturi-si-carabine","13":"first","14":"instock","15":"shipping-taxable","16":"purchasable","17":"product-type-simple"},"_links":{"self":[{"href":"https:\/\/faberpet.ro\/stage\/wp-json\/wp\/v2\/product\/4695","targetHints":{"allow":["GET"]}}],"collection":[{"href":"https:\/\/faberpet.ro\/stage\/wp-json\/wp\/v2\/product"}],"about":[{"href":"https:\/\/faberpet.ro\/stage\/wp-json\/wp\/v2\/types\/product"}],"wp:featuredmedia":[{"embeddable":true,"href":"https:\/\/faberpet.ro\/stage\/wp-json\/wp\/v2\/media\/9690"}],"wp:attachment":[{"href":"https:\/\/faberpet.ro\/stage\/wp-json\/wp\/v2\/media?parent=4695"}],"wp:term":[{"taxonomy":"product_brand","embeddable":true,"href":"https:\/\/faberpet.ro\/stage\/wp-json\/wp\/v2\/product_brand?post=4695"},{"taxonomy":"product_cat","embeddable":true,"href":"https:\/\/faberpet.ro\/stage\/wp-json\/wp\/v2\/product_cat?post=4695"},{"taxonomy":"product_tag","embeddable":true,"href":"https:\/\/faberpet.ro\/stage\/wp-json\/wp\/v2\/product_tag?post=4695"}],"curies":[{"name":"wp","href":"https:\/\/api.w.org\/{rel}","templated":true}]}}