{"id":4697,"date":"2024-10-21T20:33:10","date_gmt":"2024-10-21T17:33:10","guid":{"rendered":"https:\/\/faberpet.ro\/stage\/produs\/carabiniera-simpla-cu-ochi-patrat-30x95-mm\/"},"modified":"2025-08-04T10:05:27","modified_gmt":"2025-08-04T08:05:27","slug":"carabiniera-simpla-cu-ochi-patrat-30x95-mm","status":"publish","type":"product","link":"https:\/\/faberpet.ro\/stage\/produs\/carabiniera-simpla-cu-ochi-patrat-30x95-mm\/","title":{"rendered":"Carabiniera simpla cu ochi patrat 30&#215;95 mm"},"content":{"rendered":"<p>Este fabricat\u0103 din o\u021bel inoxidabil. Ideal pentru lese \u0219i lan\u021buri de curte. Lungime: 90 mm. M\u0103rime interioar\u0103: 30 mm Sarcin\u0103 maxim\u0103 de \u00eenc\u0103rcare: 80 Kg Se vinde ambalat c\u00e2te 5 buc\/set! Pre\u021bul afi\u0219at este per buc!<\/p>\n","protected":false},"excerpt":{"rendered":"<p>Este fabricat\u0103 din o\u021bel inoxidabil. Ideal pentru lese \u0219i lan\u021buri de curte. Lungime: 90 mm. M\u0103rime interioar\u0103: 30 mm Sarcin\u0103 maxim\u0103 de \u00eenc\u0103rcare: 80 Kg Se vinde ambalat c\u00e2te 5 buc\/set! Pre\u021bul afi\u0219at este per buc!<\/p>\n","protected":false},"featured_media":9698,"template":"","meta":[],"product_brand":[],"product_cat":[168,1506,1505],"product_tag":[1536,1538,1537],"class_list":{"0":"post-4697","1":"product","2":"type-product","3":"status-publish","4":"has-post-thumbnail","6":"product_cat-caini","7":"product_cat-carabiniere","8":"product_cat-carabiniere-si-varteje","9":"product_tag-carabina-inox","10":"product_tag-carabina-otel","11":"product_tag-carabiniera-din-otel","13":"first","14":"instock","15":"shipping-taxable","16":"purchasable","17":"product-type-simple"},"_links":{"self":[{"href":"https:\/\/faberpet.ro\/stage\/wp-json\/wp\/v2\/product\/4697","targetHints":{"allow":["GET"]}}],"collection":[{"href":"https:\/\/faberpet.ro\/stage\/wp-json\/wp\/v2\/product"}],"about":[{"href":"https:\/\/faberpet.ro\/stage\/wp-json\/wp\/v2\/types\/product"}],"wp:featuredmedia":[{"embeddable":true,"href":"https:\/\/faberpet.ro\/stage\/wp-json\/wp\/v2\/media\/9698"}],"wp:attachment":[{"href":"https:\/\/faberpet.ro\/stage\/wp-json\/wp\/v2\/media?parent=4697"}],"wp:term":[{"taxonomy":"product_brand","embeddable":true,"href":"https:\/\/faberpet.ro\/stage\/wp-json\/wp\/v2\/product_brand?post=4697"},{"taxonomy":"product_cat","embeddable":true,"href":"https:\/\/faberpet.ro\/stage\/wp-json\/wp\/v2\/product_cat?post=4697"},{"taxonomy":"product_tag","embeddable":true,"href":"https:\/\/faberpet.ro\/stage\/wp-json\/wp\/v2\/product_tag?post=4697"}],"curies":[{"name":"wp","href":"https:\/\/api.w.org\/{rel}","templated":true}]}}