{"id":4704,"date":"2024-10-21T20:33:11","date_gmt":"2024-10-21T17:33:11","guid":{"rendered":"https:\/\/faberpet.ro\/stage\/produs\/carabiniera-pentru-cai-120-mm\/"},"modified":"2025-08-04T10:10:16","modified_gmt":"2025-08-04T08:10:16","slug":"carabiniera-pentru-cai-120-mm","status":"publish","type":"product","link":"https:\/\/faberpet.ro\/stage\/produs\/carabiniera-pentru-cai-120-mm\/","title":{"rendered":"Carabiniera pentru cai 120 mm"},"content":{"rendered":"<p>Este fabricat\u0103 din o\u021bel inoxidabil. Lungime: 1200 mm. M\u0103rime interioar\u0103: 20 mm Se vinde ambalat c\u00e2te 3 buc\/set! Pre\u021bul afi\u0219at este per buc!<\/p>\n","protected":false},"excerpt":{"rendered":"<p>Este fabricat\u0103 din o\u021bel inoxidabil. Lungime: 1200 mm. M\u0103rime interioar\u0103: 20 mm Se vinde ambalat c\u00e2te 3 buc\/set! Pre\u021bul afi\u0219at este per buc!<\/p>\n","protected":false},"featured_media":9706,"template":"","meta":[],"product_brand":[],"product_cat":[167,168,1506,1505],"product_tag":[1553,1551,1552],"class_list":{"0":"post-4704","1":"product","2":"type-product","3":"status-publish","4":"has-post-thumbnail","6":"product_cat-cai-si-vaci","7":"product_cat-caini","8":"product_cat-carabiniere","9":"product_cat-carabiniere-si-varteje","10":"product_tag-accesorii-cai","11":"product_tag-carabine-pentru-cai","12":"product_tag-carabiniera-cai","14":"first","15":"instock","16":"shipping-taxable","17":"purchasable","18":"product-type-simple"},"_links":{"self":[{"href":"https:\/\/faberpet.ro\/stage\/wp-json\/wp\/v2\/product\/4704","targetHints":{"allow":["GET"]}}],"collection":[{"href":"https:\/\/faberpet.ro\/stage\/wp-json\/wp\/v2\/product"}],"about":[{"href":"https:\/\/faberpet.ro\/stage\/wp-json\/wp\/v2\/types\/product"}],"wp:featuredmedia":[{"embeddable":true,"href":"https:\/\/faberpet.ro\/stage\/wp-json\/wp\/v2\/media\/9706"}],"wp:attachment":[{"href":"https:\/\/faberpet.ro\/stage\/wp-json\/wp\/v2\/media?parent=4704"}],"wp:term":[{"taxonomy":"product_brand","embeddable":true,"href":"https:\/\/faberpet.ro\/stage\/wp-json\/wp\/v2\/product_brand?post=4704"},{"taxonomy":"product_cat","embeddable":true,"href":"https:\/\/faberpet.ro\/stage\/wp-json\/wp\/v2\/product_cat?post=4704"},{"taxonomy":"product_tag","embeddable":true,"href":"https:\/\/faberpet.ro\/stage\/wp-json\/wp\/v2\/product_tag?post=4704"}],"curies":[{"name":"wp","href":"https:\/\/api.w.org\/{rel}","templated":true}]}}