{"id":4712,"date":"2024-10-21T20:33:12","date_gmt":"2024-10-21T17:33:12","guid":{"rendered":"https:\/\/faberpet.ro\/stage\/produs\/carabiniera-galvanizata-cu-filet-11x105-mm\/"},"modified":"2025-08-04T10:12:36","modified_gmt":"2025-08-04T08:12:36","slug":"carabiniera-galvanizata-cu-filet-11x105-mm","status":"publish","type":"product","link":"https:\/\/faberpet.ro\/stage\/produs\/carabiniera-galvanizata-cu-filet-11x105-mm\/","title":{"rendered":"Carabiniera galvanizata cu filet 11&#215;105 mm"},"content":{"rendered":"<p>Este fabricat\u0103 din o\u021bel de calitate. Galvanizat pentru cre\u0219terea duratei de via\u021b\u0103. Folosit\u0103 pentru prinderea \u0219i asigurarea a diverse obiecte, precum lan\u021buri, chei, chingi, fr\u00e2nghii, etc. Nu dispune de \u00eenchiz\u0103tor cu arc, \u00eenchiderea realiz\u00e2ndu- se prin \u00eenfiletar\u0103. Lungime: 105 mm Sarcina maxim\u0103 de \u00eenc\u0103rcare: 500 kg Se vinde ambalat c\u00e2te 3 buc\/set! Pre\u021bul afi\u0219at este per buc!<\/p>\n","protected":false},"excerpt":{"rendered":"<p>Este fabricat\u0103 din o\u021bel de calitate. Galvanizat pentru cre\u0219terea duratei de via\u021b\u0103. Folosit\u0103 pentru prinderea \u0219i asigurarea a diverse obiecte, precum lan\u021buri, chei, chingi, fr\u00e2nghii, etc. Nu dispune de \u00eenchiz\u0103tor cu arc, \u00eenchiderea realiz\u00e2ndu- se prin \u00eenfiletar\u0103. Lungime: 105 mm Sarcina maxim\u0103 de \u00eenc\u0103rcare: 500 kg Se vinde ambalat c\u00e2te 3 buc\/set! Pre\u021bul afi\u0219at este [&hellip;]<\/p>\n","protected":false},"featured_media":9714,"template":"","meta":[],"product_brand":[],"product_cat":[168,1506,1505],"product_tag":[1558,1546,1567],"class_list":{"0":"post-4712","1":"product","2":"type-product","3":"status-publish","4":"has-post-thumbnail","6":"product_cat-caini","7":"product_cat-carabiniere","8":"product_cat-carabiniere-si-varteje","9":"product_tag-carabina-caini","10":"product_tag-carabiniera-caini","11":"product_tag-carabiniera-lanturi","13":"first","14":"instock","15":"shipping-taxable","16":"purchasable","17":"product-type-simple"},"_links":{"self":[{"href":"https:\/\/faberpet.ro\/stage\/wp-json\/wp\/v2\/product\/4712","targetHints":{"allow":["GET"]}}],"collection":[{"href":"https:\/\/faberpet.ro\/stage\/wp-json\/wp\/v2\/product"}],"about":[{"href":"https:\/\/faberpet.ro\/stage\/wp-json\/wp\/v2\/types\/product"}],"wp:featuredmedia":[{"embeddable":true,"href":"https:\/\/faberpet.ro\/stage\/wp-json\/wp\/v2\/media\/9714"}],"wp:attachment":[{"href":"https:\/\/faberpet.ro\/stage\/wp-json\/wp\/v2\/media?parent=4712"}],"wp:term":[{"taxonomy":"product_brand","embeddable":true,"href":"https:\/\/faberpet.ro\/stage\/wp-json\/wp\/v2\/product_brand?post=4712"},{"taxonomy":"product_cat","embeddable":true,"href":"https:\/\/faberpet.ro\/stage\/wp-json\/wp\/v2\/product_cat?post=4712"},{"taxonomy":"product_tag","embeddable":true,"href":"https:\/\/faberpet.ro\/stage\/wp-json\/wp\/v2\/product_tag?post=4712"}],"curies":[{"name":"wp","href":"https:\/\/api.w.org\/{rel}","templated":true}]}}