{"id":4713,"date":"2024-10-21T20:33:13","date_gmt":"2024-10-21T17:33:13","guid":{"rendered":"https:\/\/faberpet.ro\/stage\/produs\/vartej-lant-patrat-20x50-mm\/"},"modified":"2025-08-04T10:12:52","modified_gmt":"2025-08-04T08:12:52","slug":"vartej-lant-patrat-20x50-mm","status":"publish","type":"product","link":"https:\/\/faberpet.ro\/stage\/produs\/vartej-lant-patrat-20x50-mm\/","title":{"rendered":"Vartej lant patrat 20&#215;50 mm"},"content":{"rendered":"<p>Este fabricat\u0103 din o\u021bel inoxidabil. Ideal pentru lese \u0219i lan\u021buri de curte. Lungime: 50 mm M\u0103rime interioar\u0103: 20 mm Se vinde ambalat c\u00e2te 10 buc\/set! Pre\u021bul afi\u0219at este per buc!<\/p>\n","protected":false},"excerpt":{"rendered":"<p>Este fabricat\u0103 din o\u021bel inoxidabil. Ideal pentru lese \u0219i lan\u021buri de curte. Lungime: 50 mm M\u0103rime interioar\u0103: 20 mm Se vinde ambalat c\u00e2te 10 buc\/set! Pre\u021bul afi\u0219at este per buc!<\/p>\n","protected":false},"featured_media":9715,"template":"","meta":[],"product_brand":[],"product_cat":[168,1505,1571],"product_tag":[1569,1570,1568],"class_list":{"0":"post-4713","1":"product","2":"type-product","3":"status-publish","4":"has-post-thumbnail","6":"product_cat-caini","7":"product_cat-carabiniere-si-varteje","8":"product_cat-varteje","9":"product_tag-vartej-cu-carabina","10":"product_tag-vartej-pentru-lant","11":"product_tag-varteje-pentru-caine","13":"first","14":"instock","15":"shipping-taxable","16":"purchasable","17":"product-type-simple"},"_links":{"self":[{"href":"https:\/\/faberpet.ro\/stage\/wp-json\/wp\/v2\/product\/4713","targetHints":{"allow":["GET"]}}],"collection":[{"href":"https:\/\/faberpet.ro\/stage\/wp-json\/wp\/v2\/product"}],"about":[{"href":"https:\/\/faberpet.ro\/stage\/wp-json\/wp\/v2\/types\/product"}],"wp:featuredmedia":[{"embeddable":true,"href":"https:\/\/faberpet.ro\/stage\/wp-json\/wp\/v2\/media\/9715"}],"wp:attachment":[{"href":"https:\/\/faberpet.ro\/stage\/wp-json\/wp\/v2\/media?parent=4713"}],"wp:term":[{"taxonomy":"product_brand","embeddable":true,"href":"https:\/\/faberpet.ro\/stage\/wp-json\/wp\/v2\/product_brand?post=4713"},{"taxonomy":"product_cat","embeddable":true,"href":"https:\/\/faberpet.ro\/stage\/wp-json\/wp\/v2\/product_cat?post=4713"},{"taxonomy":"product_tag","embeddable":true,"href":"https:\/\/faberpet.ro\/stage\/wp-json\/wp\/v2\/product_tag?post=4713"}],"curies":[{"name":"wp","href":"https:\/\/api.w.org\/{rel}","templated":true}]}}