{"id":4731,"date":"2024-10-21T20:33:15","date_gmt":"2024-10-21T17:33:15","guid":{"rendered":"https:\/\/faberpet.ro\/stage\/produs\/carabiniera-pompieri-cu-clapeta-9x90-mm\/"},"modified":"2025-08-04T10:20:53","modified_gmt":"2025-08-04T08:20:53","slug":"carabiniera-pompieri-cu-clapeta-9x90-mm","status":"publish","type":"product","link":"https:\/\/faberpet.ro\/stage\/produs\/carabiniera-pompieri-cu-clapeta-9x90-mm\/","title":{"rendered":"Carabiniera pompieri cu clapeta 9&#215;90 mm"},"content":{"rendered":"<p>Este fabricat\u0103 din o\u021bel inoxidabil. Ideal pentru lese \u0219i lan\u021buri de curte \u0219i pentru cuplarea u\u0219oar\u0103 a mijloacelor de control al animalelor. este prev\u0103zut\u0103 cu un arc pentru a \u021bine fix pozi\u021bia \u00eenchis. Lungime: 90 mm Sarcin\u0103 maxim\u0103 de \u00eenc\u0103rcare: 9&#215;90 mm &#8211; 300 Kg Nu folosi\u021bi pentru misiuni alpinism \u0219i salvare! Se vinde ambalat c\u00e2te 5 buc\/set! Pre\u021bul afi\u0219at este per buc!<\/p>\n","protected":false},"excerpt":{"rendered":"<p>Este fabricat\u0103 din o\u021bel inoxidabil. Ideal pentru lese \u0219i lan\u021buri de curte \u0219i pentru cuplarea u\u0219oar\u0103 a mijloacelor de control al animalelor. este prev\u0103zut\u0103 cu un arc pentru a \u021bine fix pozi\u021bia \u00eenchis. Lungime: 90 mm Sarcin\u0103 maxim\u0103 de \u00eenc\u0103rcare: 9&#215;90 mm &#8211; 300 Kg Nu folosi\u021bi pentru misiuni alpinism \u0219i salvare! Se vinde ambalat [&hellip;]<\/p>\n","protected":false},"featured_media":9733,"template":"","meta":[],"product_brand":[],"product_cat":[168,1506,1505],"product_tag":[1546,1532,1518],"class_list":{"0":"post-4731","1":"product","2":"type-product","3":"status-publish","4":"has-post-thumbnail","6":"product_cat-caini","7":"product_cat-carabiniere","8":"product_cat-carabiniere-si-varteje","9":"product_tag-carabiniera-caini","10":"product_tag-lanturi-caini","11":"product_tag-lanturi-si-carabine","13":"first","14":"instock","15":"shipping-taxable","16":"purchasable","17":"product-type-simple"},"_links":{"self":[{"href":"https:\/\/faberpet.ro\/stage\/wp-json\/wp\/v2\/product\/4731","targetHints":{"allow":["GET"]}}],"collection":[{"href":"https:\/\/faberpet.ro\/stage\/wp-json\/wp\/v2\/product"}],"about":[{"href":"https:\/\/faberpet.ro\/stage\/wp-json\/wp\/v2\/types\/product"}],"wp:featuredmedia":[{"embeddable":true,"href":"https:\/\/faberpet.ro\/stage\/wp-json\/wp\/v2\/media\/9733"}],"wp:attachment":[{"href":"https:\/\/faberpet.ro\/stage\/wp-json\/wp\/v2\/media?parent=4731"}],"wp:term":[{"taxonomy":"product_brand","embeddable":true,"href":"https:\/\/faberpet.ro\/stage\/wp-json\/wp\/v2\/product_brand?post=4731"},{"taxonomy":"product_cat","embeddable":true,"href":"https:\/\/faberpet.ro\/stage\/wp-json\/wp\/v2\/product_cat?post=4731"},{"taxonomy":"product_tag","embeddable":true,"href":"https:\/\/faberpet.ro\/stage\/wp-json\/wp\/v2\/product_tag?post=4731"}],"curies":[{"name":"wp","href":"https:\/\/api.w.org\/{rel}","templated":true}]}}