{"id":4738,"date":"2024-10-21T20:33:16","date_gmt":"2024-10-21T17:33:16","guid":{"rendered":"https:\/\/faberpet.ro\/stage\/produs\/inel-otel-nichelat-pentru-chinga-d30\/"},"modified":"2025-08-04T06:43:03","modified_gmt":"2025-08-04T04:43:03","slug":"inel-otel-nichelat-pentru-chinga-d30","status":"publish","type":"product","link":"https:\/\/faberpet.ro\/stage\/produs\/inel-otel-nichelat-pentru-chinga-d30\/","title":{"rendered":"Inel otel nichelat pentru chinga D30"},"content":{"rendered":"<p>Este fabricat\u0103 din o\u021bel inoxidabil. Ideal pentru curea de piele, geant\u0103, centur\u0103 cataram\u0103, etc. . . M\u0103rimi: 4x30x25 mm Se vinde ambalat c\u00e2te 10 buc\/set! Pre\u021bul afi\u0219at este per buc!<\/p>\n","protected":false},"excerpt":{"rendered":"<p>Este fabricat\u0103 din o\u021bel inoxidabil. Ideal pentru curea de piele, geant\u0103, centur\u0103 cataram\u0103, etc. . . M\u0103rimi: 4x30x25 mm Se vinde ambalat c\u00e2te 10 buc\/set! Pre\u021bul afi\u0219at este per buc!<\/p>\n","protected":false},"featured_media":9741,"template":"","meta":[],"product_brand":[],"product_cat":[168,1505,1571],"product_tag":[1589,1588,1590],"class_list":{"0":"post-4738","1":"product","2":"type-product","3":"status-publish","4":"has-post-thumbnail","6":"product_cat-caini","7":"product_cat-carabiniere-si-varteje","8":"product_cat-varteje","9":"product_tag-inel-nichelat","10":"product_tag-inel-otel","11":"product_tag-inel-pentru-chinga","13":"first","14":"instock","15":"shipping-taxable","16":"purchasable","17":"product-type-simple"},"_links":{"self":[{"href":"https:\/\/faberpet.ro\/stage\/wp-json\/wp\/v2\/product\/4738","targetHints":{"allow":["GET"]}}],"collection":[{"href":"https:\/\/faberpet.ro\/stage\/wp-json\/wp\/v2\/product"}],"about":[{"href":"https:\/\/faberpet.ro\/stage\/wp-json\/wp\/v2\/types\/product"}],"wp:featuredmedia":[{"embeddable":true,"href":"https:\/\/faberpet.ro\/stage\/wp-json\/wp\/v2\/media\/9741"}],"wp:attachment":[{"href":"https:\/\/faberpet.ro\/stage\/wp-json\/wp\/v2\/media?parent=4738"}],"wp:term":[{"taxonomy":"product_brand","embeddable":true,"href":"https:\/\/faberpet.ro\/stage\/wp-json\/wp\/v2\/product_brand?post=4738"},{"taxonomy":"product_cat","embeddable":true,"href":"https:\/\/faberpet.ro\/stage\/wp-json\/wp\/v2\/product_cat?post=4738"},{"taxonomy":"product_tag","embeddable":true,"href":"https:\/\/faberpet.ro\/stage\/wp-json\/wp\/v2\/product_tag?post=4738"}],"curies":[{"name":"wp","href":"https:\/\/api.w.org\/{rel}","templated":true}]}}