{"id":4753,"date":"2024-10-21T20:33:18","date_gmt":"2024-10-21T17:33:18","guid":{"rendered":"https:\/\/faberpet.ro\/stage\/produs\/lant-curte-cu-inel-si-carabina-5-mm-x-400-cm\/"},"modified":"2025-08-04T06:47:14","modified_gmt":"2025-08-04T04:47:14","slug":"lant-curte-cu-inel-si-carabina-5-mm-x-400-cm","status":"publish","type":"product","link":"https:\/\/faberpet.ro\/stage\/produs\/lant-curte-cu-inel-si-carabina-5-mm-x-400-cm\/","title":{"rendered":"Lant curte cu inel si carabina 5 mm x 400 cm"},"content":{"rendered":"<p>Lan\u021b confec\u021bionat din o\u021bel rezistent cu zale sudate, ideal pentru legat c\u00e2inele \u00een curte. Pute\u021bi imobiliza u\u0219or \u0219i \u00een siguran\u021b\u0103 c\u0103\u021belul prin intermediul acestui lan\u021b. Nu se r\u0103suce\u0219te fiind prev\u0103zut cu un inel \u0219i cu o carabinier\u0103 cu rezisten\u021b\u0103 mult peste cea necesar\u0103. Lan\u021bul este compus din zale lung de 45 mm \u0219i gros de 5 mm. Lungimea maxim\u0103 desf\u0103\u0219urat\u0103 este de 4 m. Recomandat c\u00e2inilor de talie mare. Aten\u021bie! Men\u021binerea c\u0103inelui legat \u00een lan\u021b trebuie s\u0103 fie limitat\u0103 \u00een timp \u0219i numai \u00een situa\u021biile care impun acest lucru. Un exemplar legat \u00een permanen\u021b\u0103 va prezenta modific\u0103ri comportamentale grave ( devine agresiv cu toata lumea, inclusiv de\u021binatorul, \u00eencepe s\u0103 latre excesiv, etc), care fac dificil\u0103 intre\u021binerea c\u00e2inelui \u0219i nu de pu\u021bine ori, chiar coexisten\u021ba cu animalul de companie.<\/p>\n","protected":false},"excerpt":{"rendered":"<p>Lan\u021b confec\u021bionat din o\u021bel rezistent cu zale sudate, ideal pentru legat c\u00e2inele \u00een curte. Pute\u021bi imobiliza u\u0219or \u0219i \u00een siguran\u021b\u0103 c\u0103\u021belul prin intermediul acestui lan\u021b. Nu se r\u0103suce\u0219te fiind prev\u0103zut cu un inel \u0219i cu o carabinier\u0103 cu rezisten\u021b\u0103 mult peste cea necesar\u0103. Lan\u021bul este compus din zale lung de 45 mm \u0219i gros de [&hellip;]<\/p>\n","protected":false},"featured_media":9764,"template":"","meta":[],"product_brand":[],"product_cat":[168,1594],"product_tag":[630,1621,1622],"class_list":{"0":"post-4753","1":"product","2":"type-product","3":"status-publish","4":"has-post-thumbnail","6":"product_cat-caini","7":"product_cat-lanturi-si-cabluri-curte","8":"product_tag-accesorii-caini","9":"product_tag-lant-legat-caine","10":"product_tag-legat-caine-curte","12":"first","13":"instock","14":"shipping-taxable","15":"purchasable","16":"product-type-simple"},"_links":{"self":[{"href":"https:\/\/faberpet.ro\/stage\/wp-json\/wp\/v2\/product\/4753","targetHints":{"allow":["GET"]}}],"collection":[{"href":"https:\/\/faberpet.ro\/stage\/wp-json\/wp\/v2\/product"}],"about":[{"href":"https:\/\/faberpet.ro\/stage\/wp-json\/wp\/v2\/types\/product"}],"wp:featuredmedia":[{"embeddable":true,"href":"https:\/\/faberpet.ro\/stage\/wp-json\/wp\/v2\/media\/9764"}],"wp:attachment":[{"href":"https:\/\/faberpet.ro\/stage\/wp-json\/wp\/v2\/media?parent=4753"}],"wp:term":[{"taxonomy":"product_brand","embeddable":true,"href":"https:\/\/faberpet.ro\/stage\/wp-json\/wp\/v2\/product_brand?post=4753"},{"taxonomy":"product_cat","embeddable":true,"href":"https:\/\/faberpet.ro\/stage\/wp-json\/wp\/v2\/product_cat?post=4753"},{"taxonomy":"product_tag","embeddable":true,"href":"https:\/\/faberpet.ro\/stage\/wp-json\/wp\/v2\/product_tag?post=4753"}],"curies":[{"name":"wp","href":"https:\/\/api.w.org\/{rel}","templated":true}]}}