{"id":4764,"date":"2024-10-21T20:33:19","date_gmt":"2024-10-21T17:33:19","guid":{"rendered":"https:\/\/faberpet.ro\/stage\/produs\/os-presat-natur-13-cm-25-buc-set\/"},"modified":"2025-08-04T06:49:05","modified_gmt":"2025-08-04T04:49:05","slug":"os-presat-natur-13-cm-25-buc-set","status":"publish","type":"product","link":"https:\/\/faberpet.ro\/stage\/produs\/os-presat-natur-13-cm-25-buc-set\/","title":{"rendered":"Os presat natur 13 cm, 25 buc\/set"},"content":{"rendered":"<p>Os presat\u0103 din piele natural\u0103 de vit\u0103 ce asigur\u0103 igiena dentar\u0103 a c\u00e2inilor \u0219i \u00eent\u0103re\u0219te gingiile \u00eentr- un mod natural. este comestibil\u0103 \u0219i rezistent o perioad\u0103 \u00eendelungat\u0103 la mestecat. Nu con\u021bine arome, coloran\u021bi sau conservan\u021bi. Recomandat tuturor raselor de c\u00e2ini. A se p\u0103stra la loc uscat \u0219i r\u0103coros.<\/p>\n<p>Lungime os: 13 cm<\/p>\n<p>Compozi\u021bie analitic\u0103: Proteine 80 % Gr\u0103simi 2 % Umiditate 12 %<\/p>\n<p>Se vinde ambalat c\u00e2te 25 buc\/set! Pre\u021bul afi\u0219at este per set!<\/p>\n","protected":false},"excerpt":{"rendered":"<p>Os presat\u0103 din piele natural\u0103 de vit\u0103 ce asigur\u0103 igiena dentar\u0103 a c\u00e2inilor \u0219i \u00eent\u0103re\u0219te gingiile \u00eentr- un mod natural. este comestibil\u0103 \u0219i rezistent o perioad\u0103 \u00eendelungat\u0103 la mestecat. Nu con\u021bine arome, coloran\u021bi sau conservan\u021bi. Recomandat tuturor raselor de c\u00e2ini. A se p\u0103stra la loc uscat \u0219i r\u0103coros. Lungime os: 13 cm Compozi\u021bie analitic\u0103: Proteine [&hellip;]<\/p>\n","protected":false},"featured_media":9774,"template":"","meta":[],"product_brand":[],"product_cat":[168,1628],"product_tag":[1638,1637,1636],"class_list":{"0":"post-4764","1":"product","2":"type-product","3":"status-publish","4":"has-post-thumbnail","6":"product_cat-caini","7":"product_cat-recompense-si-delicii","8":"product_tag-oase-presate","9":"product_tag-os-pentru-caini","10":"product_tag-os-presat-caini","12":"first","13":"instock","14":"shipping-taxable","15":"purchasable","16":"product-type-simple"},"_links":{"self":[{"href":"https:\/\/faberpet.ro\/stage\/wp-json\/wp\/v2\/product\/4764","targetHints":{"allow":["GET"]}}],"collection":[{"href":"https:\/\/faberpet.ro\/stage\/wp-json\/wp\/v2\/product"}],"about":[{"href":"https:\/\/faberpet.ro\/stage\/wp-json\/wp\/v2\/types\/product"}],"wp:featuredmedia":[{"embeddable":true,"href":"https:\/\/faberpet.ro\/stage\/wp-json\/wp\/v2\/media\/9774"}],"wp:attachment":[{"href":"https:\/\/faberpet.ro\/stage\/wp-json\/wp\/v2\/media?parent=4764"}],"wp:term":[{"taxonomy":"product_brand","embeddable":true,"href":"https:\/\/faberpet.ro\/stage\/wp-json\/wp\/v2\/product_brand?post=4764"},{"taxonomy":"product_cat","embeddable":true,"href":"https:\/\/faberpet.ro\/stage\/wp-json\/wp\/v2\/product_cat?post=4764"},{"taxonomy":"product_tag","embeddable":true,"href":"https:\/\/faberpet.ro\/stage\/wp-json\/wp\/v2\/product_tag?post=4764"}],"curies":[{"name":"wp","href":"https:\/\/api.w.org\/{rel}","templated":true}]}}