{"id":4775,"date":"2024-10-21T20:33:21","date_gmt":"2024-10-21T17:33:21","guid":{"rendered":"https:\/\/faberpet.ro\/stage\/produs\/recompensa-os-innodat-13-cm\/"},"modified":"2025-08-04T06:52:17","modified_gmt":"2025-08-04T04:52:17","slug":"recompensa-os-innodat-13-cm","status":"publish","type":"product","link":"https:\/\/faberpet.ro\/stage\/produs\/recompensa-os-innodat-13-cm\/","title":{"rendered":"Recompensa os innodat 13 cm"},"content":{"rendered":"<p>Os \u00eennodat\u0103 din piele natural\u0103 de vit\u0103 ce asigur\u0103 igiena dentar\u0103 a c\u00e2inilor \u0219i \u00eent\u0103re\u0219te gingiile \u00eentr- un mod natural. este comestibil\u0103 \u0219i rezistent o perioad\u0103 \u00eendelungat\u0103 la mestecat. Nu con\u021bine arome, coloran\u021bi sau conservan\u021bi. Recomandat tuturor raselor de c\u00e2ini. A se p\u0103stra la loc uscat \u0219i r\u0103coros. Lungime os: 13 cm Compozi\u021bie analitic\u0103:Proteine 83 %Gr\u0103simi 3 %Umiditate 11 %<\/p>\n","protected":false},"excerpt":{"rendered":"<p>Os \u00eennodat\u0103 din piele natural\u0103 de vit\u0103 ce asigur\u0103 igiena dentar\u0103 a c\u00e2inilor \u0219i \u00eent\u0103re\u0219te gingiile \u00eentr- un mod natural. este comestibil\u0103 \u0219i rezistent o perioad\u0103 \u00eendelungat\u0103 la mestecat. Nu con\u021bine arome, coloran\u021bi sau conservan\u021bi. Recomandat tuturor raselor de c\u00e2ini. A se p\u0103stra la loc uscat \u0219i r\u0103coros. Lungime os: 13 cm Compozi\u021bie analitic\u0103:Proteine 83 [&hellip;]<\/p>\n","protected":false},"featured_media":9784,"template":"","meta":[],"product_brand":[],"product_cat":[168,1628],"product_tag":[1627,1648,1647],"class_list":{"0":"post-4775","1":"product","2":"type-product","3":"status-publish","4":"has-post-thumbnail","6":"product_cat-caini","7":"product_cat-recompense-si-delicii","8":"product_tag-recompensa-caini","9":"product_tag-recompensa-os-caine","10":"product_tag-recompensa-os-innodat","12":"first","13":"instock","14":"shipping-taxable","15":"purchasable","16":"product-type-simple"},"_links":{"self":[{"href":"https:\/\/faberpet.ro\/stage\/wp-json\/wp\/v2\/product\/4775","targetHints":{"allow":["GET"]}}],"collection":[{"href":"https:\/\/faberpet.ro\/stage\/wp-json\/wp\/v2\/product"}],"about":[{"href":"https:\/\/faberpet.ro\/stage\/wp-json\/wp\/v2\/types\/product"}],"wp:featuredmedia":[{"embeddable":true,"href":"https:\/\/faberpet.ro\/stage\/wp-json\/wp\/v2\/media\/9784"}],"wp:attachment":[{"href":"https:\/\/faberpet.ro\/stage\/wp-json\/wp\/v2\/media?parent=4775"}],"wp:term":[{"taxonomy":"product_brand","embeddable":true,"href":"https:\/\/faberpet.ro\/stage\/wp-json\/wp\/v2\/product_brand?post=4775"},{"taxonomy":"product_cat","embeddable":true,"href":"https:\/\/faberpet.ro\/stage\/wp-json\/wp\/v2\/product_cat?post=4775"},{"taxonomy":"product_tag","embeddable":true,"href":"https:\/\/faberpet.ro\/stage\/wp-json\/wp\/v2\/product_tag?post=4775"}],"curies":[{"name":"wp","href":"https:\/\/api.w.org\/{rel}","templated":true}]}}