{"id":4776,"date":"2024-10-21T20:33:21","date_gmt":"2024-10-21T17:33:21","guid":{"rendered":"https:\/\/faberpet.ro\/stage\/produs\/os-presat-natur-21-cm\/"},"modified":"2025-11-28T08:14:46","modified_gmt":"2025-11-28T06:14:46","slug":"os-presat-natur-21-cm","status":"publish","type":"product","link":"https:\/\/faberpet.ro\/stage\/produs\/os-presat-natur-21-cm\/","title":{"rendered":"Os presat natur 21 cm"},"content":{"rendered":"<p>Os presat\u0103 din piele natural\u0103 de vit\u0103 ce asigur\u0103 igiena dentar\u0103 a c\u00e2inilor \u0219i \u00eent\u0103re\u0219te gingiile \u00eentr- un mod natural. este comestibil\u0103 \u0219i rezistent o perioad\u0103 \u00eendelungat\u0103 la mestecat. Nu con\u021bine arome, coloran\u021bi sau conservan\u021bi. Recomandat tuturor raselor de c\u00e2ini. A se p\u0103stra la loc uscat \u0219i r\u0103coros. Lungime os: 21 cm. Cantitate: 170 g. Compozi\u021bie analitic\u0103:Proteine 83 %Gr\u0103simi 3 %Umiditate 11 %<\/p>\n","protected":false},"excerpt":{"rendered":"<p>Os presat\u0103 din piele natural\u0103 de vit\u0103 ce asigur\u0103 igiena dentar\u0103 a c\u00e2inilor \u0219i \u00eent\u0103re\u0219te gingiile \u00eentr- un mod natural. este comestibil\u0103 \u0219i rezistent o perioad\u0103 \u00eendelungat\u0103 la mestecat. Nu con\u021bine arome, coloran\u021bi sau conservan\u021bi. Recomandat tuturor raselor de c\u00e2ini. A se p\u0103stra la loc uscat \u0219i r\u0103coros. Lungime os: 21 cm. Cantitate: 170 g. [&hellip;]<\/p>\n","protected":false},"featured_media":9785,"template":"","meta":[],"product_brand":[],"product_cat":[168,1628],"product_tag":[1649,1634,1650],"class_list":{"0":"post-4776","1":"product","2":"type-product","3":"status-publish","4":"has-post-thumbnail","6":"product_cat-caini","7":"product_cat-recompense-si-delicii","8":"product_tag-oase-piele-presate","9":"product_tag-piele-presat","10":"product_tag-presat-natur","12":"first","13":"instock","14":"shipping-taxable","15":"purchasable","16":"product-type-simple"},"_links":{"self":[{"href":"https:\/\/faberpet.ro\/stage\/wp-json\/wp\/v2\/product\/4776","targetHints":{"allow":["GET"]}}],"collection":[{"href":"https:\/\/faberpet.ro\/stage\/wp-json\/wp\/v2\/product"}],"about":[{"href":"https:\/\/faberpet.ro\/stage\/wp-json\/wp\/v2\/types\/product"}],"wp:featuredmedia":[{"embeddable":true,"href":"https:\/\/faberpet.ro\/stage\/wp-json\/wp\/v2\/media\/9785"}],"wp:attachment":[{"href":"https:\/\/faberpet.ro\/stage\/wp-json\/wp\/v2\/media?parent=4776"}],"wp:term":[{"taxonomy":"product_brand","embeddable":true,"href":"https:\/\/faberpet.ro\/stage\/wp-json\/wp\/v2\/product_brand?post=4776"},{"taxonomy":"product_cat","embeddable":true,"href":"https:\/\/faberpet.ro\/stage\/wp-json\/wp\/v2\/product_cat?post=4776"},{"taxonomy":"product_tag","embeddable":true,"href":"https:\/\/faberpet.ro\/stage\/wp-json\/wp\/v2\/product_tag?post=4776"}],"curies":[{"name":"wp","href":"https:\/\/api.w.org\/{rel}","templated":true}]}}