{"id":4783,"date":"2024-10-21T20:33:22","date_gmt":"2024-10-21T17:33:22","guid":{"rendered":"https:\/\/faberpet.ro\/stage\/produs\/recompensa-os-presat-natur-15-cm\/"},"modified":"2026-01-05T14:42:14","modified_gmt":"2026-01-05T12:42:14","slug":"recompensa-os-presat-natur-15-cm","status":"publish","type":"product","link":"https:\/\/faberpet.ro\/stage\/produs\/recompensa-os-presat-natur-15-cm\/","title":{"rendered":"Recompensa os presat natur 15 cm"},"content":{"rendered":"<p>Os presat\u0103 din piele natural\u0103 de vit\u0103 ce asigur\u0103 igiena dentar\u0103 a c\u00e2inilor \u0219i \u00eent\u0103re\u0219te gingiile \u00eentr- un mod natural. este comestibil\u0103 \u0219i rezistent o perioad\u0103 \u00eendelungat\u0103 la mestecat. Nu con\u021bine arome, coloran\u021bi sau conservan\u021bi. Recomandat tuturor raselor de c\u00e2ini. A se p\u0103stra la loc uscat \u0219i r\u0103coros. Lungime os: 15 cm. Compozi\u021bie analitic\u0103:Proteine 82 %Gr\u0103simi 2 %Umiditate 10 %<\/p>\n","protected":false},"excerpt":{"rendered":"<p>Os presat\u0103 din piele natural\u0103 de vit\u0103 ce asigur\u0103 igiena dentar\u0103 a c\u00e2inilor \u0219i \u00eent\u0103re\u0219te gingiile \u00eentr- un mod natural. este comestibil\u0103 \u0219i rezistent o perioad\u0103 \u00eendelungat\u0103 la mestecat. Nu con\u021bine arome, coloran\u021bi sau conservan\u021bi. Recomandat tuturor raselor de c\u00e2ini. A se p\u0103stra la loc uscat \u0219i r\u0103coros. Lungime os: 15 cm. Compozi\u021bie analitic\u0103:Proteine 82 [&hellip;]<\/p>\n","protected":false},"featured_media":9794,"template":"","meta":[],"product_brand":[],"product_cat":[168,1628],"product_tag":[1637,1636,1627],"class_list":{"0":"post-4783","1":"product","2":"type-product","3":"status-publish","4":"has-post-thumbnail","6":"product_cat-caini","7":"product_cat-recompense-si-delicii","8":"product_tag-os-pentru-caini","9":"product_tag-os-presat-caini","10":"product_tag-recompensa-caini","12":"first","13":"instock","14":"shipping-taxable","15":"purchasable","16":"product-type-simple"},"_links":{"self":[{"href":"https:\/\/faberpet.ro\/stage\/wp-json\/wp\/v2\/product\/4783","targetHints":{"allow":["GET"]}}],"collection":[{"href":"https:\/\/faberpet.ro\/stage\/wp-json\/wp\/v2\/product"}],"about":[{"href":"https:\/\/faberpet.ro\/stage\/wp-json\/wp\/v2\/types\/product"}],"wp:featuredmedia":[{"embeddable":true,"href":"https:\/\/faberpet.ro\/stage\/wp-json\/wp\/v2\/media\/9794"}],"wp:attachment":[{"href":"https:\/\/faberpet.ro\/stage\/wp-json\/wp\/v2\/media?parent=4783"}],"wp:term":[{"taxonomy":"product_brand","embeddable":true,"href":"https:\/\/faberpet.ro\/stage\/wp-json\/wp\/v2\/product_brand?post=4783"},{"taxonomy":"product_cat","embeddable":true,"href":"https:\/\/faberpet.ro\/stage\/wp-json\/wp\/v2\/product_cat?post=4783"},{"taxonomy":"product_tag","embeddable":true,"href":"https:\/\/faberpet.ro\/stage\/wp-json\/wp\/v2\/product_tag?post=4783"}],"curies":[{"name":"wp","href":"https:\/\/api.w.org\/{rel}","templated":true}]}}