{"id":4788,"date":"2024-10-21T20:33:23","date_gmt":"2024-10-21T17:33:23","guid":{"rendered":"https:\/\/faberpet.ro\/stage\/produs\/recompensa-snacks-paragon-110-gr\/"},"modified":"2025-08-04T06:56:36","modified_gmt":"2025-08-04T04:56:36","slug":"recompensa-snacks-paragon-110-gr","status":"publish","type":"product","link":"https:\/\/faberpet.ro\/stage\/produs\/recompensa-snacks-paragon-110-gr\/","title":{"rendered":"Recompensa snacks paragon, 110 gr"},"content":{"rendered":"<p>Paragon snacks au la baza de obicei, amidon din gr\u0103u sau din cartofi, con\u021bin pu\u021bine gr\u0103simi \u0219i au \u00een componen\u021b\u0103 fibre u\u0219or digestibile. \u00cen majoritatea cazurilor, deliciile vegetale sunt \u00eembog\u0103\u021bite cu glicerin\u0103, lecitin\u0103, clorofil\u0103 sau propolis. Fiind tari, recompensele vegetale contribuie la men\u021binerea unei s\u0103n\u0103t\u0103\u021bi dentare foarte bune. Nu con\u021bine coloran\u021bi \u0219i arome artificiale. Avertisment Nu se recomand\u0103 oricare talii de c\u0103\u021bei. Nu se recomand\u0103 animalelor excesiv agresive. Se recomand\u0103 supravegherea animalului \u00een timpul jocului cu aceasta. A nu se l\u0103sa \u00een condi\u021bii extreme de temperature. A nu se l\u0103sa la \u00eendem\u00e2na copiilor. Strict pentru animalul de companie. A se p\u0103stra \u00een recipiente adecvate. Ce rol are recompensa c\u00e2ini baton paragon? cur\u0103\u021barea denti\u021biei de tartru;stimularea circula\u021biei la nivelul gingiilor;\u00eemprosp\u0103tarea respira\u021biei;ocupare a timpului liber (joac\u0103).<\/p>\n","protected":false},"excerpt":{"rendered":"<p>Paragon snacks au la baza de obicei, amidon din gr\u0103u sau din cartofi, con\u021bin pu\u021bine gr\u0103simi \u0219i au \u00een componen\u021b\u0103 fibre u\u0219or digestibile. \u00cen majoritatea cazurilor, deliciile vegetale sunt \u00eembog\u0103\u021bite cu glicerin\u0103, lecitin\u0103, clorofil\u0103 sau propolis. Fiind tari, recompensele vegetale contribuie la men\u021binerea unei s\u0103n\u0103t\u0103\u021bi dentare foarte bune. Nu con\u021bine coloran\u021bi \u0219i arome artificiale. Avertisment [&hellip;]<\/p>\n","protected":false},"featured_media":9799,"template":"","meta":[],"product_brand":[],"product_cat":[168,1628],"product_tag":[1667,1666,1668],"class_list":{"0":"post-4788","1":"product","2":"type-product","3":"status-publish","4":"has-post-thumbnail","6":"product_cat-caini","7":"product_cat-recompense-si-delicii","8":"product_tag-caini-snacks","9":"product_tag-recompensa","10":"product_tag-recompensa-snacks","12":"first","13":"instock","14":"shipping-taxable","15":"purchasable","16":"product-type-simple"},"_links":{"self":[{"href":"https:\/\/faberpet.ro\/stage\/wp-json\/wp\/v2\/product\/4788","targetHints":{"allow":["GET"]}}],"collection":[{"href":"https:\/\/faberpet.ro\/stage\/wp-json\/wp\/v2\/product"}],"about":[{"href":"https:\/\/faberpet.ro\/stage\/wp-json\/wp\/v2\/types\/product"}],"wp:featuredmedia":[{"embeddable":true,"href":"https:\/\/faberpet.ro\/stage\/wp-json\/wp\/v2\/media\/9799"}],"wp:attachment":[{"href":"https:\/\/faberpet.ro\/stage\/wp-json\/wp\/v2\/media?parent=4788"}],"wp:term":[{"taxonomy":"product_brand","embeddable":true,"href":"https:\/\/faberpet.ro\/stage\/wp-json\/wp\/v2\/product_brand?post=4788"},{"taxonomy":"product_cat","embeddable":true,"href":"https:\/\/faberpet.ro\/stage\/wp-json\/wp\/v2\/product_cat?post=4788"},{"taxonomy":"product_tag","embeddable":true,"href":"https:\/\/faberpet.ro\/stage\/wp-json\/wp\/v2\/product_tag?post=4788"}],"curies":[{"name":"wp","href":"https:\/\/api.w.org\/{rel}","templated":true}]}}