{"id":4793,"date":"2024-10-21T20:33:23","date_gmt":"2024-10-21T17:33:23","guid":{"rendered":"https:\/\/faberpet.ro\/stage\/produs\/pieptan-purici-cu-dinti-scurti-si-densi-21-cm\/"},"modified":"2025-11-07T11:07:42","modified_gmt":"2025-11-07T09:07:42","slug":"pieptan-purici-cu-dinti-scurti-si-densi-21-cm","status":"publish","type":"product","link":"https:\/\/faberpet.ro\/stage\/produs\/pieptan-purici-cu-dinti-scurti-si-densi-21-cm\/","title":{"rendered":"Pieptan purici cu dinti scurti si densi 21 cm"},"content":{"rendered":"<p>Elimin\u0103 cu succes puricii sau al\u021bi parazi\u021bi. \u00cenainte de a \u00eencepe piept\u0103narea, blana trebuie foarte bine periat\u0103, s\u0103 fim siguri c\u0103 este desc\u00e2lcit\u0103. Piept\u0103narea trebuie s\u0103 se fac\u0103 \u00een sensul cre\u0219terii firului de p\u0103r. Trebuie s\u0103 insista\u021bi, mai ales \u00een locul preferat al parazi\u021bilor. Dispune de un m\u00e2ner ergonomic, antiderapant. Recomandat pentru tipurile de blan\u0103 &#8211; mediu, lung, aspru, deas\u0103. Lungimea acelor &#8211; 1. 3 cm. Lungimea pieptenei &#8211; 21 cm.<\/p>\n","protected":false},"excerpt":{"rendered":"<p>Elimin\u0103 cu succes puricii sau al\u021bi parazi\u021bi. \u00cenainte de a \u00eencepe piept\u0103narea, blana trebuie foarte bine periat\u0103, s\u0103 fim siguri c\u0103 este desc\u00e2lcit\u0103. Piept\u0103narea trebuie s\u0103 se fac\u0103 \u00een sensul cre\u0219terii firului de p\u0103r. Trebuie s\u0103 insista\u021bi, mai ales \u00een locul preferat al parazi\u021bilor. Dispune de un m\u00e2ner ergonomic, antiderapant. Recomandat pentru tipurile de blan\u0103 [&hellip;]<\/p>\n","protected":false},"featured_media":14510,"template":"","meta":[],"product_brand":[],"product_cat":[168,1674,1672,1673,1675,171],"product_tag":[630,1676,1680],"class_list":{"0":"post-4793","1":"product","2":"type-product","3":"status-publish","4":"has-post-thumbnail","6":"product_cat-caini","7":"product_cat-perii-si-piepteni-pisici","8":"product_cat-perii-si-piepteni","9":"product_cat-piepteni","10":"product_cat-piepteni-pisici","11":"product_cat-pisici","12":"product_tag-accesorii-caini","13":"product_tag-pieptan-caini","14":"product_tag-pieptan-purici","16":"first","17":"instock","18":"shipping-taxable","19":"purchasable","20":"product-type-simple"},"_links":{"self":[{"href":"https:\/\/faberpet.ro\/stage\/wp-json\/wp\/v2\/product\/4793","targetHints":{"allow":["GET"]}}],"collection":[{"href":"https:\/\/faberpet.ro\/stage\/wp-json\/wp\/v2\/product"}],"about":[{"href":"https:\/\/faberpet.ro\/stage\/wp-json\/wp\/v2\/types\/product"}],"wp:featuredmedia":[{"embeddable":true,"href":"https:\/\/faberpet.ro\/stage\/wp-json\/wp\/v2\/media\/14510"}],"wp:attachment":[{"href":"https:\/\/faberpet.ro\/stage\/wp-json\/wp\/v2\/media?parent=4793"}],"wp:term":[{"taxonomy":"product_brand","embeddable":true,"href":"https:\/\/faberpet.ro\/stage\/wp-json\/wp\/v2\/product_brand?post=4793"},{"taxonomy":"product_cat","embeddable":true,"href":"https:\/\/faberpet.ro\/stage\/wp-json\/wp\/v2\/product_cat?post=4793"},{"taxonomy":"product_tag","embeddable":true,"href":"https:\/\/faberpet.ro\/stage\/wp-json\/wp\/v2\/product_tag?post=4793"}],"curies":[{"name":"wp","href":"https:\/\/api.w.org\/{rel}","templated":true}]}}