{"id":4796,"date":"2024-10-21T20:33:23","date_gmt":"2024-10-21T17:33:23","guid":{"rendered":"https:\/\/faberpet.ro\/stage\/produs\/pieptan-purici-cu-dinte-scurt-si-deasa-14-cm\/"},"modified":"2025-08-04T07:14:21","modified_gmt":"2025-08-04T05:14:21","slug":"pieptan-purici-cu-dinte-scurt-si-deasa-14-cm","status":"publish","type":"product","link":"https:\/\/faberpet.ro\/stage\/produs\/pieptan-purici-cu-dinte-scurt-si-deasa-14-cm\/","title":{"rendered":"Pieptan purici cu dinte scurt si deasa 14 cm"},"content":{"rendered":"<p>Elimin\u0103 cu succes puricii sau al\u021bi parazi\u021bi. \u00cenainte de a \u00eencepe piept\u0103narea, blana trebuie foarte bine periat\u0103, s\u0103 fim siguri c\u0103 este desc\u00e2lcit\u0103. Piept\u0103narea trebuie s\u0103 se fac\u0103 \u00een sensul cre\u0219terii firului de p\u0103r. Trebuie s\u0103 insista\u021bi, mai ales \u00een locul preferat al parazi\u021bilor. Dispune de un m\u00e2ner ergonomic, antiderapant. Recomandat pentru tipurile de blan\u0103 &#8211; mediu, lung, aspru, deas\u0103. Lungimea acelor &#8211; 1. 2 cm. Lungimea pieptenei &#8211; 14 cm. Ghid de utilizare perie:Asigura\u021bi- v\u0103 c\u0103 blana c\u00e2inelui Dvs. este complet uscat\u0103. Peria\u021bi \u00eencet animalul Dvs. \u00een sensul cre\u0219terii p\u0103rului. Face\u021bi mi\u0219c\u0103ri lungi \u0219i suple \u0219i evita\u021bi s\u0103 trece\u021bi de mai multe ori \u00een acela\u0219i loc. La periere acorda\u021bi o deosebit\u0103 aten\u021bie zonelor mai sensibile ale animalului Dvs. (burta, labe, p\u0103rti genitale, anus). O periere prea ap\u0103sat\u0103 sau repetat\u0103 poate irita pielea. Dac\u0103 remarca\u021bi o iritare sau \u00eenro\u0219ire a pielii \u00eenceta\u021bi imediat s\u0103 folosi\u021bi peria. Evita\u021bi s\u0103 v\u0103 sprijini\u021bi pe animal atunci c\u00e2nd \u00eel piept\u0103na\u021bi. Durata medie de periere nu trebuie s\u0103 dep\u0103\u0219easc\u0103 10 \u2013 20 minute.<\/p>\n","protected":false},"excerpt":{"rendered":"<p>Elimin\u0103 cu succes puricii sau al\u021bi parazi\u021bi. \u00cenainte de a \u00eencepe piept\u0103narea, blana trebuie foarte bine periat\u0103, s\u0103 fim siguri c\u0103 este desc\u00e2lcit\u0103. Piept\u0103narea trebuie s\u0103 se fac\u0103 \u00een sensul cre\u0219terii firului de p\u0103r. Trebuie s\u0103 insista\u021bi, mai ales \u00een locul preferat al parazi\u021bilor. Dispune de un m\u00e2ner ergonomic, antiderapant. Recomandat pentru tipurile de blan\u0103 [&hellip;]<\/p>\n","protected":false},"featured_media":9806,"template":"","meta":[],"product_brand":[],"product_cat":[168,1679,1672,1674,1673,171],"product_tag":[1677,1676,1678],"class_list":{"0":"post-4796","1":"product","2":"type-product","3":"status-publish","4":"has-post-thumbnail","6":"product_cat-caini","7":"product_cat-perii-pisici","8":"product_cat-perii-si-piepteni","9":"product_cat-perii-si-piepteni-pisici","10":"product_cat-piepteni","11":"product_cat-pisici","12":"product_tag-perie-caini","13":"product_tag-pieptan-caini","14":"product_tag-piepteni-caini","16":"first","17":"instock","18":"shipping-taxable","19":"purchasable","20":"product-type-simple"},"_links":{"self":[{"href":"https:\/\/faberpet.ro\/stage\/wp-json\/wp\/v2\/product\/4796","targetHints":{"allow":["GET"]}}],"collection":[{"href":"https:\/\/faberpet.ro\/stage\/wp-json\/wp\/v2\/product"}],"about":[{"href":"https:\/\/faberpet.ro\/stage\/wp-json\/wp\/v2\/types\/product"}],"wp:featuredmedia":[{"embeddable":true,"href":"https:\/\/faberpet.ro\/stage\/wp-json\/wp\/v2\/media\/9806"}],"wp:attachment":[{"href":"https:\/\/faberpet.ro\/stage\/wp-json\/wp\/v2\/media?parent=4796"}],"wp:term":[{"taxonomy":"product_brand","embeddable":true,"href":"https:\/\/faberpet.ro\/stage\/wp-json\/wp\/v2\/product_brand?post=4796"},{"taxonomy":"product_cat","embeddable":true,"href":"https:\/\/faberpet.ro\/stage\/wp-json\/wp\/v2\/product_cat?post=4796"},{"taxonomy":"product_tag","embeddable":true,"href":"https:\/\/faberpet.ro\/stage\/wp-json\/wp\/v2\/product_tag?post=4796"}],"curies":[{"name":"wp","href":"https:\/\/api.w.org\/{rel}","templated":true}]}}