{"id":4803,"date":"2024-10-21T20:33:26","date_gmt":"2024-10-21T17:33:26","guid":{"rendered":"https:\/\/faberpet.ro\/stage\/produs\/pieptan-metalic-fara-maner-cu-dinte-5-cm-variabil-18-cm\/"},"modified":"2025-08-04T07:25:22","modified_gmt":"2025-08-04T05:25:22","slug":"pieptan-metalic-fara-maner-cu-dinte-5-cm-variabil-18-cm","status":"publish","type":"product","link":"https:\/\/faberpet.ro\/stage\/produs\/pieptan-metalic-fara-maner-cu-dinte-5-cm-variabil-18-cm\/","title":{"rendered":"Pieptan metalic fara maner cu dinte (5 cm) variabil 18 cm"},"content":{"rendered":"<p>Produs clasic, destinat toalet\u0103rii \u0219i \u00eengrijirii regulate a c\u00e2inilor \u0219i pisicilor, indiferent de tipul de blan\u0103: cu par lung sau scurt, moale sau s\u0103rmos, drept sau cret, etc. este un excelent accesoriu pentru finisarea perierii. Jum\u0103tate din pieptene are din\u021bi de\u0219i, foarte util pentru \u00eendep\u0103rtarea firelor de p\u0103r, a \u00eempurit\u0103\u021bilor sau insectelor din stratul superficial sau profund al bl\u0103nii. Cealalt\u0103 jum\u0103tate are din\u021bi rari, pentru a da volum robei animalului de companie. Ace din o\u021bel inoxidabil cu v\u00e2rful rotunjit, bl\u00e2nd cu pielea animalului. Mi\u0219carea pieptenei pe suprafa\u021b\u0103 pielii, exercit\u0103 un masaj u\u0219or cu efect tonic, relaxant, \u0219i de stimulare a circula\u021biei sanguine periferice. Lungimea acelor &#8211; 5 cm. Lungimea pieptenei &#8211; 18 cm.<\/p>\n","protected":false},"excerpt":{"rendered":"<p>Produs clasic, destinat toalet\u0103rii \u0219i \u00eengrijirii regulate a c\u00e2inilor \u0219i pisicilor, indiferent de tipul de blan\u0103: cu par lung sau scurt, moale sau s\u0103rmos, drept sau cret, etc. este un excelent accesoriu pentru finisarea perierii. Jum\u0103tate din pieptene are din\u021bi de\u0219i, foarte util pentru \u00eendep\u0103rtarea firelor de p\u0103r, a \u00eempurit\u0103\u021bilor sau insectelor din stratul superficial [&hellip;]<\/p>\n","protected":false},"featured_media":9813,"template":"","meta":[],"product_brand":[],"product_cat":[168,1672,1673],"product_tag":[1677,1695,1696],"class_list":{"0":"post-4803","1":"product","2":"type-product","3":"status-publish","4":"has-post-thumbnail","6":"product_cat-caini","7":"product_cat-perii-si-piepteni","8":"product_cat-piepteni","9":"product_tag-perie-caini","10":"product_tag-perie-pentru-caini","11":"product_tag-tesala-caini","13":"first","14":"instock","15":"shipping-taxable","16":"purchasable","17":"product-type-simple"},"_links":{"self":[{"href":"https:\/\/faberpet.ro\/stage\/wp-json\/wp\/v2\/product\/4803","targetHints":{"allow":["GET"]}}],"collection":[{"href":"https:\/\/faberpet.ro\/stage\/wp-json\/wp\/v2\/product"}],"about":[{"href":"https:\/\/faberpet.ro\/stage\/wp-json\/wp\/v2\/types\/product"}],"wp:featuredmedia":[{"embeddable":true,"href":"https:\/\/faberpet.ro\/stage\/wp-json\/wp\/v2\/media\/9813"}],"wp:attachment":[{"href":"https:\/\/faberpet.ro\/stage\/wp-json\/wp\/v2\/media?parent=4803"}],"wp:term":[{"taxonomy":"product_brand","embeddable":true,"href":"https:\/\/faberpet.ro\/stage\/wp-json\/wp\/v2\/product_brand?post=4803"},{"taxonomy":"product_cat","embeddable":true,"href":"https:\/\/faberpet.ro\/stage\/wp-json\/wp\/v2\/product_cat?post=4803"},{"taxonomy":"product_tag","embeddable":true,"href":"https:\/\/faberpet.ro\/stage\/wp-json\/wp\/v2\/product_tag?post=4803"}],"curies":[{"name":"wp","href":"https:\/\/api.w.org\/{rel}","templated":true}]}}