{"id":4806,"date":"2024-10-21T20:33:26","date_gmt":"2024-10-21T17:33:26","guid":{"rendered":"https:\/\/faberpet.ro\/stage\/produs\/pieptan-simplu-alternant-pentru-caini-si-pisici-15-cm\/"},"modified":"2025-08-04T07:26:02","modified_gmt":"2025-08-04T05:26:02","slug":"pieptan-simplu-alternant-pentru-caini-si-pisici-15-cm","status":"publish","type":"product","link":"https:\/\/faberpet.ro\/stage\/produs\/pieptan-simplu-alternant-pentru-caini-si-pisici-15-cm\/","title":{"rendered":"Pieptan simplu alternant pentru caini si pisici 15 cm"},"content":{"rendered":"<p>Este un pieptene pentru p\u0103r scurt sau lung, p\u0103r \u00eenc\u00e2lcit sau dificil de periat. Din\u021bii lungi descurc\u0103 blana, din\u021bii scur\u021bi \u00eenl\u0103tur\u0103 firelor de p\u0103r moarte. Acele mari p\u0103trund ad\u00e2nc \u00een blan\u0103 cur\u0103\u021b\u00e2nd, \u00eendep\u0103rt\u00e2nd puricii \u0219i l\u0103s\u00e2nd \u00een urm\u0103 o blan\u0103 fin\u0103 \u0219i m\u0103t\u0103soas\u0103. Ace din o\u021bel inoxidabil cu v\u00e2rful rotunjit, bl\u00e2nd cu pielea animalului. Acesta este foarte potrivit pentru toate rasele de c\u00e2ini \u0219i pisici. este prev\u0103zut\u0103 cu un m\u00e2ner ergonomic cauciucat, confortabil pentru aderen\u021b\u0103 maxim\u0103. Lungimea acelor &#8211; 2 cm. Lungimea pieptenei &#8211; 15 cm.<\/p>\n","protected":false},"excerpt":{"rendered":"<p>Este un pieptene pentru p\u0103r scurt sau lung, p\u0103r \u00eenc\u00e2lcit sau dificil de periat. Din\u021bii lungi descurc\u0103 blana, din\u021bii scur\u021bi \u00eenl\u0103tur\u0103 firelor de p\u0103r moarte. Acele mari p\u0103trund ad\u00e2nc \u00een blan\u0103 cur\u0103\u021b\u00e2nd, \u00eendep\u0103rt\u00e2nd puricii \u0219i l\u0103s\u00e2nd \u00een urm\u0103 o blan\u0103 fin\u0103 \u0219i m\u0103t\u0103soas\u0103. Ace din o\u021bel inoxidabil cu v\u00e2rful rotunjit, bl\u00e2nd cu pielea animalului. Acesta [&hellip;]<\/p>\n","protected":false},"featured_media":9816,"template":"","meta":[],"product_brand":[],"product_cat":[168,1672,1674,1673,1675,171],"product_tag":[1686,1704,1703],"class_list":{"0":"post-4806","1":"product","2":"type-product","3":"status-publish","4":"has-post-thumbnail","6":"product_cat-caini","7":"product_cat-perii-si-piepteni","8":"product_cat-perii-si-piepteni-pisici","9":"product_cat-piepteni","10":"product_cat-piepteni-pisici","11":"product_cat-pisici","12":"product_tag-perie-cu-dinti","13":"product_tag-perie-masaj","14":"product_tag-tuns-pisica","16":"first","17":"instock","18":"shipping-taxable","19":"purchasable","20":"product-type-simple"},"_links":{"self":[{"href":"https:\/\/faberpet.ro\/stage\/wp-json\/wp\/v2\/product\/4806","targetHints":{"allow":["GET"]}}],"collection":[{"href":"https:\/\/faberpet.ro\/stage\/wp-json\/wp\/v2\/product"}],"about":[{"href":"https:\/\/faberpet.ro\/stage\/wp-json\/wp\/v2\/types\/product"}],"wp:featuredmedia":[{"embeddable":true,"href":"https:\/\/faberpet.ro\/stage\/wp-json\/wp\/v2\/media\/9816"}],"wp:attachment":[{"href":"https:\/\/faberpet.ro\/stage\/wp-json\/wp\/v2\/media?parent=4806"}],"wp:term":[{"taxonomy":"product_brand","embeddable":true,"href":"https:\/\/faberpet.ro\/stage\/wp-json\/wp\/v2\/product_brand?post=4806"},{"taxonomy":"product_cat","embeddable":true,"href":"https:\/\/faberpet.ro\/stage\/wp-json\/wp\/v2\/product_cat?post=4806"},{"taxonomy":"product_tag","embeddable":true,"href":"https:\/\/faberpet.ro\/stage\/wp-json\/wp\/v2\/product_tag?post=4806"}],"curies":[{"name":"wp","href":"https:\/\/api.w.org\/{rel}","templated":true}]}}