{"id":4808,"date":"2024-10-21T20:33:27","date_gmt":"2024-10-21T17:33:27","guid":{"rendered":"https:\/\/faberpet.ro\/stage\/produs\/pieptan-combinat-cu-lama-20-cm\/"},"modified":"2025-08-04T07:26:32","modified_gmt":"2025-08-04T05:26:32","slug":"pieptan-combinat-cu-lama-20-cm","status":"publish","type":"product","link":"https:\/\/faberpet.ro\/stage\/produs\/pieptan-combinat-cu-lama-20-cm\/","title":{"rendered":"Pieptan combinat cu lama 20 cm"},"content":{"rendered":"<p>Un piept\u0103n foarte bun pentru a face lungimi \u0219i colan\u021bi \u00een p\u0103r, ofer\u0103 o t\u0103ietur\u0103 neregulat\u0103 frumoas\u0103. Confortabil \u0219i convenabil pentru animale de companie cu p\u0103rul lung \u0219i mediu, deoarece piapt\u0103n\u0103 \u0219i taie nodurile u\u0219or. Lungimea pieptenei &#8211; 20 cm. Ghid de utilizare perie:Asigura\u021bi- v\u0103 c\u0103 blana c\u00e2inelui Dvs. este complet uscat\u0103. Peria\u021bi \u00eencet animalul Dvs. \u00een sensul cre\u0219terii p\u0103rului. Face\u021bi mi\u0219c\u0103ri lungi \u0219i suple \u0219i evita\u021bi s\u0103 trece\u021bi de mai multe ori \u00een acela\u0219i loc. La periere acorda\u021bi o deosebit\u0103 aten\u021bie zonelor mai sensibile ale animalului Dvs. (burta, labe, p\u0103rti genitale, anus). O periere prea ap\u0103sat\u0103 sau repetat\u0103 poate irita pielea. Dac\u0103 remarca\u021bi o iritare sau \u00eenro\u0219ire a pielii \u00eenceta\u021bi imediat s\u0103 folosi\u021bi peria. Evita\u021bi s\u0103 v\u0103 sprijini\u021bi pe animal atunci c\u00e2nd \u00eel piept\u0103na\u021bi. Durata medie de periere nu trebuie s\u0103 dep\u0103\u0219easc\u0103 10 \u2013 20 minute.<\/p>\n","protected":false},"excerpt":{"rendered":"<p>Un piept\u0103n foarte bun pentru a face lungimi \u0219i colan\u021bi \u00een p\u0103r, ofer\u0103 o t\u0103ietur\u0103 neregulat\u0103 frumoas\u0103. Confortabil \u0219i convenabil pentru animale de companie cu p\u0103rul lung \u0219i mediu, deoarece piapt\u0103n\u0103 \u0219i taie nodurile u\u0219or. Lungimea pieptenei &#8211; 20 cm. Ghid de utilizare perie:Asigura\u021bi- v\u0103 c\u0103 blana c\u00e2inelui Dvs. este complet uscat\u0103. Peria\u021bi \u00eencet animalul [&hellip;]<\/p>\n","protected":false},"featured_media":9818,"template":"","meta":[],"product_brand":[],"product_cat":[168,1672,1673],"product_tag":[1709,1707,1708],"class_list":{"0":"post-4808","1":"product","2":"type-product","3":"status-publish","4":"has-post-thumbnail","6":"product_cat-caini","7":"product_cat-perii-si-piepteni","8":"product_cat-piepteni","9":"product_tag-perie-pisici","10":"product_tag-perii-si-masini-de-tuns","11":"product_tag-pieptan-cu-dinti-lung","13":"first","14":"instock","15":"shipping-taxable","16":"purchasable","17":"product-type-simple"},"_links":{"self":[{"href":"https:\/\/faberpet.ro\/stage\/wp-json\/wp\/v2\/product\/4808","targetHints":{"allow":["GET"]}}],"collection":[{"href":"https:\/\/faberpet.ro\/stage\/wp-json\/wp\/v2\/product"}],"about":[{"href":"https:\/\/faberpet.ro\/stage\/wp-json\/wp\/v2\/types\/product"}],"wp:featuredmedia":[{"embeddable":true,"href":"https:\/\/faberpet.ro\/stage\/wp-json\/wp\/v2\/media\/9818"}],"wp:attachment":[{"href":"https:\/\/faberpet.ro\/stage\/wp-json\/wp\/v2\/media?parent=4808"}],"wp:term":[{"taxonomy":"product_brand","embeddable":true,"href":"https:\/\/faberpet.ro\/stage\/wp-json\/wp\/v2\/product_brand?post=4808"},{"taxonomy":"product_cat","embeddable":true,"href":"https:\/\/faberpet.ro\/stage\/wp-json\/wp\/v2\/product_cat?post=4808"},{"taxonomy":"product_tag","embeddable":true,"href":"https:\/\/faberpet.ro\/stage\/wp-json\/wp\/v2\/product_tag?post=4808"}],"curies":[{"name":"wp","href":"https:\/\/api.w.org\/{rel}","templated":true}]}}