{"id":4809,"date":"2024-10-21T20:33:27","date_gmt":"2024-10-21T17:33:27","guid":{"rendered":"https:\/\/faberpet.ro\/stage\/produs\/pieptan-metalic-cu-dinte-deasa-21-cm\/"},"modified":"2025-08-04T07:36:25","modified_gmt":"2025-08-04T05:36:25","slug":"pieptan-metalic-cu-dinte-deasa-21-cm","status":"publish","type":"product","link":"https:\/\/faberpet.ro\/stage\/produs\/pieptan-metalic-cu-dinte-deasa-21-cm\/","title":{"rendered":"Pieptan metalic cu dinte deasa 21 cm"},"content":{"rendered":"<p>Este un piept\u0103n pentru p\u0103r scurt sau lung, p\u0103r \u00eenc\u00e2lcit sau dificil de periat. Acele mari p\u0103trund ad\u00e2nc \u00een blan\u0103 cur\u0103\u021b\u00e2nd, \u00eendep\u0103rt\u00e2nd puricii \u0219i l\u0103s\u00e2nd \u00een urm\u0103 o blan\u0103 fin\u0103 \u0219i m\u0103t\u0103soas\u0103. Ace din o\u021bel inoxidabil cu v\u00e2rful rotunjit, bl\u00e2nd cu pielea animalului. Acesta este foarte potrivit pentru toate rasele de c\u00e2ini. este prev\u0103zut\u0103 cu un m\u00e2ner ergonomic cauciucat, confortabil pentru aderen\u021b\u0103 maxim\u0103. Lungimea acelor &#8211; 2, 5 cm. Lungimea pieptenei &#8211; 21 cm. Destinate utiliz\u0103rii \u00een frizeriile canine &#8211; feline, saloane de \u00eenfrumuse\u021bare animal\u0103 sau uz \u00een condi\u021bii casnice.<\/p>\n","protected":false},"excerpt":{"rendered":"<p>Este un piept\u0103n pentru p\u0103r scurt sau lung, p\u0103r \u00eenc\u00e2lcit sau dificil de periat. Acele mari p\u0103trund ad\u00e2nc \u00een blan\u0103 cur\u0103\u021b\u00e2nd, \u00eendep\u0103rt\u00e2nd puricii \u0219i l\u0103s\u00e2nd \u00een urm\u0103 o blan\u0103 fin\u0103 \u0219i m\u0103t\u0103soas\u0103. Ace din o\u021bel inoxidabil cu v\u00e2rful rotunjit, bl\u00e2nd cu pielea animalului. Acesta este foarte potrivit pentru toate rasele de c\u00e2ini. este prev\u0103zut\u0103 cu [&hellip;]<\/p>\n","protected":false},"featured_media":9819,"template":"","meta":[],"product_brand":[],"product_cat":[168,1672,1673],"product_tag":[1701,1700,1702],"class_list":{"0":"post-4809","1":"product","2":"type-product","3":"status-publish","4":"has-post-thumbnail","6":"product_cat-caini","7":"product_cat-perii-si-piepteni","8":"product_cat-piepteni","9":"product_tag-perie-dinte-variabil","10":"product_tag-pieptan-pentru-caini","11":"product_tag-tuns-caini","13":"first","14":"instock","15":"shipping-taxable","16":"purchasable","17":"product-type-simple"},"_links":{"self":[{"href":"https:\/\/faberpet.ro\/stage\/wp-json\/wp\/v2\/product\/4809","targetHints":{"allow":["GET"]}}],"collection":[{"href":"https:\/\/faberpet.ro\/stage\/wp-json\/wp\/v2\/product"}],"about":[{"href":"https:\/\/faberpet.ro\/stage\/wp-json\/wp\/v2\/types\/product"}],"wp:featuredmedia":[{"embeddable":true,"href":"https:\/\/faberpet.ro\/stage\/wp-json\/wp\/v2\/media\/9819"}],"wp:attachment":[{"href":"https:\/\/faberpet.ro\/stage\/wp-json\/wp\/v2\/media?parent=4809"}],"wp:term":[{"taxonomy":"product_brand","embeddable":true,"href":"https:\/\/faberpet.ro\/stage\/wp-json\/wp\/v2\/product_brand?post=4809"},{"taxonomy":"product_cat","embeddable":true,"href":"https:\/\/faberpet.ro\/stage\/wp-json\/wp\/v2\/product_cat?post=4809"},{"taxonomy":"product_tag","embeddable":true,"href":"https:\/\/faberpet.ro\/stage\/wp-json\/wp\/v2\/product_tag?post=4809"}],"curies":[{"name":"wp","href":"https:\/\/api.w.org\/{rel}","templated":true}]}}