{"id":4813,"date":"2024-10-21T20:33:27","date_gmt":"2024-10-21T17:33:27","guid":{"rendered":"https:\/\/faberpet.ro\/stage\/produs\/pieptene-antipurici-electric-flea-doctor-pentru-caini-si-pisici\/"},"modified":"2025-08-04T07:38:32","modified_gmt":"2025-08-04T05:38:32","slug":"pieptene-antipurici-electric-flea-doctor-pentru-caini-si-pisici","status":"publish","type":"product","link":"https:\/\/faberpet.ro\/stage\/produs\/pieptene-antipurici-electric-flea-doctor-pentru-caini-si-pisici\/","title":{"rendered":"Pieptene antipurici electric Flea Doctor pentru caini si pisici"},"content":{"rendered":"<p>\u00cen\u021bep\u0103turile de purici sunt dureroase pentru pisici sau c\u00e2ini. \u00cen plus, mu\u0219c\u0103turile de purici pot provoca dermatite alergice, ceea ce provoac\u0103 m\u00e2nc\u0103rime. Un pieptene electric de purici este o modalitate simpla de a sc\u0103pa de purici! Flea Doctor este un pieptene electric de purici care ucide un purici f\u0103r\u0103 s\u0103- \u021bi fac\u0103 r\u0103u animalului t\u0103u de companie. Emite o mic\u0103 sarcin\u0103 electric\u0103, \u00een timp ce trage\u021bi pieptenele peste p\u0103rul animalului de companie. \u00cei omoar\u0103 \u0219i \u00eei \u00eendep\u0103rteaz\u0103 purici mor\u021bi din haina animalului de companie. Pieptenul este conceput astfel \u00eenc\u00e2t \u00een timpul piept\u0103n\u0103rii s\u0103 nu intre \u00een contact cu piele animalului. Dimensiune: aprox. 17 cm. Necesit\u0103 2 baterii AA (nu sunt incluse \u00een pachet)<\/p>\n","protected":false},"excerpt":{"rendered":"<p>\u00cen\u021bep\u0103turile de purici sunt dureroase pentru pisici sau c\u00e2ini. \u00cen plus, mu\u0219c\u0103turile de purici pot provoca dermatite alergice, ceea ce provoac\u0103 m\u00e2nc\u0103rime. Un pieptene electric de purici este o modalitate simpla de a sc\u0103pa de purici! Flea Doctor este un pieptene electric de purici care ucide un purici f\u0103r\u0103 s\u0103- \u021bi fac\u0103 r\u0103u animalului t\u0103u [&hellip;]<\/p>\n","protected":false},"featured_media":9821,"template":"","meta":[],"product_brand":[],"product_cat":[168,1674,1672,1673,1675,171],"product_tag":[1712,1714,1713],"class_list":{"0":"post-4813","1":"product","2":"type-product","3":"status-publish","4":"has-post-thumbnail","6":"product_cat-caini","7":"product_cat-perii-si-piepteni-pisici","8":"product_cat-perii-si-piepteni","9":"product_cat-piepteni","10":"product_cat-piepteni-pisici","11":"product_cat-pisici","12":"product_tag-pieptene-antipurici","13":"product_tag-pieptene-caini-si-pisici","14":"product_tag-pieptene-electric","16":"first","17":"instock","18":"shipping-taxable","19":"purchasable","20":"product-type-simple"},"_links":{"self":[{"href":"https:\/\/faberpet.ro\/stage\/wp-json\/wp\/v2\/product\/4813","targetHints":{"allow":["GET"]}}],"collection":[{"href":"https:\/\/faberpet.ro\/stage\/wp-json\/wp\/v2\/product"}],"about":[{"href":"https:\/\/faberpet.ro\/stage\/wp-json\/wp\/v2\/types\/product"}],"wp:featuredmedia":[{"embeddable":true,"href":"https:\/\/faberpet.ro\/stage\/wp-json\/wp\/v2\/media\/9821"}],"wp:attachment":[{"href":"https:\/\/faberpet.ro\/stage\/wp-json\/wp\/v2\/media?parent=4813"}],"wp:term":[{"taxonomy":"product_brand","embeddable":true,"href":"https:\/\/faberpet.ro\/stage\/wp-json\/wp\/v2\/product_brand?post=4813"},{"taxonomy":"product_cat","embeddable":true,"href":"https:\/\/faberpet.ro\/stage\/wp-json\/wp\/v2\/product_cat?post=4813"},{"taxonomy":"product_tag","embeddable":true,"href":"https:\/\/faberpet.ro\/stage\/wp-json\/wp\/v2\/product_tag?post=4813"}],"curies":[{"name":"wp","href":"https:\/\/api.w.org\/{rel}","templated":true}]}}