{"id":4819,"date":"2024-10-21T20:33:28","date_gmt":"2024-10-21T17:33:28","guid":{"rendered":"https:\/\/faberpet.ro\/stage\/produs\/pieptan-mic-cu-dinti-scurti-si-densi-pentru-purici-8-cm\/"},"modified":"2025-10-23T11:18:13","modified_gmt":"2025-10-23T09:18:13","slug":"pieptan-mic-cu-dinti-scurti-si-densi-pentru-purici-8-cm","status":"publish","type":"product","link":"https:\/\/faberpet.ro\/stage\/produs\/pieptan-mic-cu-dinti-scurti-si-densi-pentru-purici-8-cm\/","title":{"rendered":"Pieptan mic cu dinti scurti si densi pentru purici 8*1,5 cm"},"content":{"rendered":"<p>Special conceput pentru igienizarea u\u0219oar\u0103 \u0219i \u00eendep\u0103rtarea puricilor \u0219i p\u0103duchilor din bl\u0103ni\u021ba, \u00eenl\u0103tur\u0103 firele de p\u0103r moarte. Are din\u021bi den\u0219i metalici fixa\u021bi \u00een suport plastic. Din\u021bii au capetele rotunjite astfel nu vor irita pielea animalu\u021belor. este prev\u0103zut\u0103 cu un m\u00e2ner ergonomic anti- alunecare, confortabil pentru aderen\u021b\u0103 maxim\u0103. Ghid de utilizare perie:Asigura\u021bi- v\u0103 c\u0103 blana c\u00e2inelui dvs. este complet uscat\u0103. Peria\u021bi \u00eencet animalul dvs. \u00een sensul cre\u0219terii p\u0103rului. Face\u021bi mi\u0219c\u0103ri lungi \u0219i suple \u0219i evita\u021bi s\u0103 trece\u021bi de mai multe ori \u00een acela\u0219i loc. La periere acorda\u021bi o deosebit\u0103 aten\u021bie zonelor mai sensibile ale animalului Dvs. (burta, labe, p\u0103rti genitale, anus). O periere prea ap\u0103sat\u0103 sau repetat\u0103 poate irita pielea. Dac\u0103 remarca\u021bi o iritare sau \u00eenro\u0219ire a pielii \u00eenceta\u021bi imediat s\u0103 folosi\u021bi peria. Evita\u021bi s\u0103 v\u0103 sprijini\u021bi pe animal atunci c\u00e2nd \u00eel piept\u0103na\u021bi.<\/p>\n<p>L\u0103\u021bimea din\u021bii &#8211; 1, 5 cm. Lungimea pieptenei &#8211; 8 cm.<\/p>\n","protected":false},"excerpt":{"rendered":"<p>Special conceput pentru igienizarea u\u0219oar\u0103 \u0219i \u00eendep\u0103rtarea puricilor \u0219i p\u0103duchilor din bl\u0103ni\u021ba, \u00eenl\u0103tur\u0103 firele de p\u0103r moarte. Are din\u021bi den\u0219i metalici fixa\u021bi \u00een suport plastic. Din\u021bii au capetele rotunjite astfel nu vor irita pielea animalu\u021belor. este prev\u0103zut\u0103 cu un m\u00e2ner ergonomic anti- alunecare, confortabil pentru aderen\u021b\u0103 maxim\u0103. Ghid de utilizare perie:Asigura\u021bi- v\u0103 c\u0103 blana c\u00e2inelui [&hellip;]<\/p>\n","protected":false},"featured_media":9826,"template":"","meta":[],"product_brand":[],"product_cat":[168,1672,1673],"product_tag":[1718,623,1719],"class_list":{"0":"post-4819","1":"product","2":"type-product","3":"status-publish","4":"has-post-thumbnail","6":"product_cat-caini","7":"product_cat-perii-si-piepteni","8":"product_cat-piepteni","9":"product_tag-caini-purici","10":"product_tag-ingrijire-caini","11":"product_tag-pieptan-caini-purici","13":"first","14":"instock","15":"shipping-taxable","16":"purchasable","17":"product-type-simple"},"_links":{"self":[{"href":"https:\/\/faberpet.ro\/stage\/wp-json\/wp\/v2\/product\/4819","targetHints":{"allow":["GET"]}}],"collection":[{"href":"https:\/\/faberpet.ro\/stage\/wp-json\/wp\/v2\/product"}],"about":[{"href":"https:\/\/faberpet.ro\/stage\/wp-json\/wp\/v2\/types\/product"}],"wp:featuredmedia":[{"embeddable":true,"href":"https:\/\/faberpet.ro\/stage\/wp-json\/wp\/v2\/media\/9826"}],"wp:attachment":[{"href":"https:\/\/faberpet.ro\/stage\/wp-json\/wp\/v2\/media?parent=4819"}],"wp:term":[{"taxonomy":"product_brand","embeddable":true,"href":"https:\/\/faberpet.ro\/stage\/wp-json\/wp\/v2\/product_brand?post=4819"},{"taxonomy":"product_cat","embeddable":true,"href":"https:\/\/faberpet.ro\/stage\/wp-json\/wp\/v2\/product_cat?post=4819"},{"taxonomy":"product_tag","embeddable":true,"href":"https:\/\/faberpet.ro\/stage\/wp-json\/wp\/v2\/product_tag?post=4819"}],"curies":[{"name":"wp","href":"https:\/\/api.w.org\/{rel}","templated":true}]}}