{"id":4822,"date":"2024-10-21T20:33:28","date_gmt":"2024-10-21T17:33:28","guid":{"rendered":"https:\/\/faberpet.ro\/stage\/produs\/pieptan-grebla-medie-cu-dinti-densi-si-rari-9-cm\/"},"modified":"2025-08-04T07:40:55","modified_gmt":"2025-08-04T05:40:55","slug":"pieptan-grebla-medie-cu-dinti-densi-si-rari-9-cm","status":"publish","type":"product","link":"https:\/\/faberpet.ro\/stage\/produs\/pieptan-grebla-medie-cu-dinti-densi-si-rari-9-cm\/","title":{"rendered":"Pieptan (grebla) medie cu dinti densi si rari 9 cm"},"content":{"rendered":"<p>Este un pieptene pentru p\u0103r mediu sau lung, p\u0103r \u00eenc\u00e2lcit sau dificil de periat. Recomandat\u0103 pentru perierea c\u00e2inilor de talie medie sau mare. Din\u021bii metalici fixa\u021bi \u00een dou\u0103 r\u00e2nduri, un r\u00e2nd cu din\u021bi den\u0219i \u0219i un r\u00e2nd cu din\u021bi rari. Desc\u00e2lcire profund\u0103 \u0219i eficient\u0103 datorit\u0103 r\u00e2ndului dublu de din\u021bi. este prev\u0103zut\u0103 cu un m\u00e2ner ergonomic, confortabil pentru aderen\u021b\u0103 maxim\u0103. L\u0103\u021bimea pieptenei &#8211; 9 cm. Lungimea pieptenei &#8211; 15 cm. Ghid de utilizare perie:Asigura\u021bi- v\u0103 c\u0103 blana c\u00e2inelui dvs. este complet uscat\u0103. Peria\u021bi \u00eencet animalul dvs. \u00een sensul cre\u0219terii p\u0103rului. Face\u021bi mi\u0219c\u0103ri lungi \u0219i suple \u0219i evita\u021bi s\u0103 trece\u021bi de mai multe ori \u00een acela\u0219i loc. La periere acorda\u021bi o deosebit\u0103 aten\u021bie zonelor mai sensibile ale animalului dvs. (burta, labe, p\u0103rti genitale, anus). O periere prea ap\u0103sat\u0103 sau repetat\u0103 poate irita pielea. Dac\u0103 remarca\u021bi o iritare sau \u00eenro\u0219ire a pielii \u00eenceta\u021bi imediat s\u0103 folosi\u021bi peria. Evita\u021bi s\u0103 v\u0103 sprijini\u021bi pe animal atunci c\u00e2nd \u00eel piept\u0103na\u021bi.<\/p>\n","protected":false},"excerpt":{"rendered":"<p>Este un pieptene pentru p\u0103r mediu sau lung, p\u0103r \u00eenc\u00e2lcit sau dificil de periat. Recomandat\u0103 pentru perierea c\u00e2inilor de talie medie sau mare. Din\u021bii metalici fixa\u021bi \u00een dou\u0103 r\u00e2nduri, un r\u00e2nd cu din\u021bi den\u0219i \u0219i un r\u00e2nd cu din\u021bi rari. Desc\u00e2lcire profund\u0103 \u0219i eficient\u0103 datorit\u0103 r\u00e2ndului dublu de din\u021bi. este prev\u0103zut\u0103 cu un m\u00e2ner ergonomic, [&hellip;]<\/p>\n","protected":false},"featured_media":9829,"template":"","meta":[],"product_brand":[],"product_cat":[168,1672,1673],"product_tag":[1677,1720,1721],"class_list":{"0":"post-4822","1":"product","2":"type-product","3":"status-publish","4":"has-post-thumbnail","6":"product_cat-caini","7":"product_cat-perii-si-piepteni","8":"product_cat-piepteni","9":"product_tag-perie-caini","10":"product_tag-perie-pisica","11":"product_tag-purici-la-caini","13":"first","14":"instock","15":"shipping-taxable","16":"purchasable","17":"product-type-simple"},"_links":{"self":[{"href":"https:\/\/faberpet.ro\/stage\/wp-json\/wp\/v2\/product\/4822","targetHints":{"allow":["GET"]}}],"collection":[{"href":"https:\/\/faberpet.ro\/stage\/wp-json\/wp\/v2\/product"}],"about":[{"href":"https:\/\/faberpet.ro\/stage\/wp-json\/wp\/v2\/types\/product"}],"wp:featuredmedia":[{"embeddable":true,"href":"https:\/\/faberpet.ro\/stage\/wp-json\/wp\/v2\/media\/9829"}],"wp:attachment":[{"href":"https:\/\/faberpet.ro\/stage\/wp-json\/wp\/v2\/media?parent=4822"}],"wp:term":[{"taxonomy":"product_brand","embeddable":true,"href":"https:\/\/faberpet.ro\/stage\/wp-json\/wp\/v2\/product_brand?post=4822"},{"taxonomy":"product_cat","embeddable":true,"href":"https:\/\/faberpet.ro\/stage\/wp-json\/wp\/v2\/product_cat?post=4822"},{"taxonomy":"product_tag","embeddable":true,"href":"https:\/\/faberpet.ro\/stage\/wp-json\/wp\/v2\/product_tag?post=4822"}],"curies":[{"name":"wp","href":"https:\/\/api.w.org\/{rel}","templated":true}]}}