{"id":4832,"date":"2024-10-21T20:33:29","date_gmt":"2024-10-21T17:33:29","guid":{"rendered":"https:\/\/faberpet.ro\/stage\/produs\/set-igiena-pentru-cai\/"},"modified":"2025-08-04T07:43:57","modified_gmt":"2025-08-04T05:43:57","slug":"set-igiena-pentru-cai","status":"publish","type":"product","link":"https:\/\/faberpet.ro\/stage\/produs\/set-igiena-pentru-cai\/","title":{"rendered":"Set igiena pentru cai"},"content":{"rendered":"<p>Cu ajutorul acestui pachet pute\u021bi face u\u0219or igienizarea cailor \u0219i vacilor. Pachetul con\u021bine \u0219ase accesori: buret pentru cur\u0103\u021barea umed\u0103 \u0219i uscat\u0103;perii pentru scame \u0219i \u00eendep\u0103rtarea p\u0103rului de animale u\u0219or de manevrat, complet reutilizabil;scobitoare copi\u021b\u0103 cu perie \u0219i cu un m\u00e2ner special conceput pentru a crea stabilitate \u0219i u\u0219urin\u021b\u0103 \u00een utilizare;pieptene pentru un p\u0103r frumos;cur\u0103\u021b\u0103tor de transpira\u021bie cu marginea din cuciuc;<\/p>\n","protected":false},"excerpt":{"rendered":"<p>Cu ajutorul acestui pachet pute\u021bi face u\u0219or igienizarea cailor \u0219i vacilor. Pachetul con\u021bine \u0219ase accesori: buret pentru cur\u0103\u021barea umed\u0103 \u0219i uscat\u0103;perii pentru scame \u0219i \u00eendep\u0103rtarea p\u0103rului de animale u\u0219or de manevrat, complet reutilizabil;scobitoare copi\u021b\u0103 cu perie \u0219i cu un m\u00e2ner special conceput pentru a crea stabilitate \u0219i u\u0219urin\u021b\u0103 \u00een utilizare;pieptene pentru un p\u0103r frumos;cur\u0103\u021b\u0103tor de [&hellip;]<\/p>\n","protected":false},"featured_media":9839,"template":"","meta":[],"product_brand":[],"product_cat":[167],"product_tag":[1742,1743,1741],"class_list":{"0":"post-4832","1":"product","2":"type-product","3":"status-publish","4":"has-post-thumbnail","6":"product_cat-cai-si-vaci","7":"product_tag-accesorii-cabaline","8":"product_tag-cai","9":"product_tag-set-ingrijire-cai","11":"first","12":"instock","13":"shipping-taxable","14":"purchasable","15":"product-type-simple"},"_links":{"self":[{"href":"https:\/\/faberpet.ro\/stage\/wp-json\/wp\/v2\/product\/4832","targetHints":{"allow":["GET"]}}],"collection":[{"href":"https:\/\/faberpet.ro\/stage\/wp-json\/wp\/v2\/product"}],"about":[{"href":"https:\/\/faberpet.ro\/stage\/wp-json\/wp\/v2\/types\/product"}],"wp:featuredmedia":[{"embeddable":true,"href":"https:\/\/faberpet.ro\/stage\/wp-json\/wp\/v2\/media\/9839"}],"wp:attachment":[{"href":"https:\/\/faberpet.ro\/stage\/wp-json\/wp\/v2\/media?parent=4832"}],"wp:term":[{"taxonomy":"product_brand","embeddable":true,"href":"https:\/\/faberpet.ro\/stage\/wp-json\/wp\/v2\/product_brand?post=4832"},{"taxonomy":"product_cat","embeddable":true,"href":"https:\/\/faberpet.ro\/stage\/wp-json\/wp\/v2\/product_cat?post=4832"},{"taxonomy":"product_tag","embeddable":true,"href":"https:\/\/faberpet.ro\/stage\/wp-json\/wp\/v2\/product_tag?post=4832"}],"curies":[{"name":"wp","href":"https:\/\/api.w.org\/{rel}","templated":true}]}}