{"id":4833,"date":"2024-10-21T20:33:30","date_gmt":"2024-10-21T17:33:30","guid":{"rendered":"https:\/\/faberpet.ro\/stage\/produs\/set-accesorii-pentru-ingrijire-caini\/"},"modified":"2025-08-04T07:44:11","modified_gmt":"2025-08-04T05:44:11","slug":"set-accesorii-pentru-ingrijire-caini","status":"publish","type":"product","link":"https:\/\/faberpet.ro\/stage\/produs\/set-accesorii-pentru-ingrijire-caini\/","title":{"rendered":"Set accesorii pentru ingrijire caini"},"content":{"rendered":"<p>Setul include 3 piese \u0219i anume o perie \u021besal\u0103, un cle\u0219te cu m\u00e2ner ergonomic si un fluier metalic. Acest cle\u0219te mic este perfect pentru t\u0103ierea regulat\u0103 a unghiilor animalu\u021belor dvs. Protec\u021bie datorit\u0103 v\u00e2rfului rotund at\u00e2t pentru dvs. c\u00e2t \u0219i pentru animalu\u021be. Prin periere se \u00eendep\u0103rteaz\u0103 din stratul de blan\u0103 praful, p\u0103rul c\u0103zut \u0219i pielea moart\u0103. Tot prin periere sebumul se distribuie pe toat\u0103 suprafa\u021ba firului de p\u0103r. Fluier mic pentru c\u00e2ini ofer\u0103 posibilitatea de a comunica foarte u\u0219or \u0219i \u00eentr- o manier\u0103 elegant\u0103 cu c\u00e2inele dvs. Lungime perie &#8211; 14 cm. L\u0103\u021bime perie &#8211; 9 cm. Lungime cle\u0219te &#8211; 13, 5 cm.<\/p>\n","protected":false},"excerpt":{"rendered":"<p>Setul include 3 piese \u0219i anume o perie \u021besal\u0103, un cle\u0219te cu m\u00e2ner ergonomic si un fluier metalic. Acest cle\u0219te mic este perfect pentru t\u0103ierea regulat\u0103 a unghiilor animalu\u021belor dvs. Protec\u021bie datorit\u0103 v\u00e2rfului rotund at\u00e2t pentru dvs. c\u00e2t \u0219i pentru animalu\u021be. Prin periere se \u00eendep\u0103rteaz\u0103 din stratul de blan\u0103 praful, p\u0103rul c\u0103zut \u0219i pielea moart\u0103. [&hellip;]<\/p>\n","protected":false},"featured_media":9840,"template":"","meta":[],"product_brand":[],"product_cat":[168,1746,1745,1672,1674,171],"product_tag":[630,1727,1744],"class_list":{"0":"post-4833","1":"product","2":"type-product","3":"status-publish","4":"has-post-thumbnail","6":"product_cat-caini","7":"product_cat-cleste-unghii-perii-si-piepteni-pisici","8":"product_cat-cleste-unghii","9":"product_cat-perii-si-piepteni","10":"product_cat-perii-si-piepteni-pisici","11":"product_cat-pisici","12":"product_tag-accesorii-caini","13":"product_tag-masina-tuns-caini","14":"product_tag-perii-si-clesti","16":"first","17":"instock","18":"shipping-taxable","19":"purchasable","20":"product-type-simple"},"_links":{"self":[{"href":"https:\/\/faberpet.ro\/stage\/wp-json\/wp\/v2\/product\/4833","targetHints":{"allow":["GET"]}}],"collection":[{"href":"https:\/\/faberpet.ro\/stage\/wp-json\/wp\/v2\/product"}],"about":[{"href":"https:\/\/faberpet.ro\/stage\/wp-json\/wp\/v2\/types\/product"}],"wp:featuredmedia":[{"embeddable":true,"href":"https:\/\/faberpet.ro\/stage\/wp-json\/wp\/v2\/media\/9840"}],"wp:attachment":[{"href":"https:\/\/faberpet.ro\/stage\/wp-json\/wp\/v2\/media?parent=4833"}],"wp:term":[{"taxonomy":"product_brand","embeddable":true,"href":"https:\/\/faberpet.ro\/stage\/wp-json\/wp\/v2\/product_brand?post=4833"},{"taxonomy":"product_cat","embeddable":true,"href":"https:\/\/faberpet.ro\/stage\/wp-json\/wp\/v2\/product_cat?post=4833"},{"taxonomy":"product_tag","embeddable":true,"href":"https:\/\/faberpet.ro\/stage\/wp-json\/wp\/v2\/product_tag?post=4833"}],"curies":[{"name":"wp","href":"https:\/\/api.w.org\/{rel}","templated":true}]}}