{"id":4835,"date":"2024-10-21T20:33:31","date_gmt":"2024-10-21T17:33:31","guid":{"rendered":"https:\/\/faberpet.ro\/stage\/produs\/set-igienic-format-din-patru-piese-pentru-caini-si-pisici-tip-2\/"},"modified":"2025-08-04T07:44:31","modified_gmt":"2025-08-04T05:44:31","slug":"set-igienic-format-din-patru-piese-pentru-caini-si-pisici-tip-2","status":"publish","type":"product","link":"https:\/\/faberpet.ro\/stage\/produs\/set-igienic-format-din-patru-piese-pentru-caini-si-pisici-tip-2\/","title":{"rendered":"Set igienic format din patru piese pentru caini si pisici Tip 2"},"content":{"rendered":"<p>Cu ajutorul acestui pachet pute\u021bi face u\u0219or igienizarea c\u00e2inilor \u0219i a pisicilor. Setul include 4 piese \u0219i anume: o perie metalic alternant. un cle\u0219te cu m\u00e2ner ergonomic. o perie palm\u0103 oval\u0103 din cauciuc. \u0219i un trimmer grebl\u0103. Se folose\u0219te numai pentu animale.<\/p>\n","protected":false},"excerpt":{"rendered":"<p>Cu ajutorul acestui pachet pute\u021bi face u\u0219or igienizarea c\u00e2inilor \u0219i a pisicilor. Setul include 4 piese \u0219i anume: o perie metalic alternant. un cle\u0219te cu m\u00e2ner ergonomic. o perie palm\u0103 oval\u0103 din cauciuc. \u0219i un trimmer grebl\u0103. Se folose\u0219te numai pentu animale.<\/p>\n","protected":false},"featured_media":9842,"template":"","meta":[],"product_brand":[],"product_cat":[168,1745,1746,1672,1674,171],"product_tag":[1749,1747,1748],"class_list":{"0":"post-4835","1":"product","2":"type-product","3":"status-publish","4":"has-post-thumbnail","6":"product_cat-caini","7":"product_cat-cleste-unghii","8":"product_cat-cleste-unghii-perii-si-piepteni-pisici","9":"product_cat-perii-si-piepteni","10":"product_cat-perii-si-piepteni-pisici","11":"product_cat-pisici","12":"product_tag-igienic-pentru-animale","13":"product_tag-set-igienic-caini","14":"product_tag-set-igienic-pisici","16":"first","17":"instock","18":"shipping-taxable","19":"purchasable","20":"product-type-simple"},"_links":{"self":[{"href":"https:\/\/faberpet.ro\/stage\/wp-json\/wp\/v2\/product\/4835","targetHints":{"allow":["GET"]}}],"collection":[{"href":"https:\/\/faberpet.ro\/stage\/wp-json\/wp\/v2\/product"}],"about":[{"href":"https:\/\/faberpet.ro\/stage\/wp-json\/wp\/v2\/types\/product"}],"wp:featuredmedia":[{"embeddable":true,"href":"https:\/\/faberpet.ro\/stage\/wp-json\/wp\/v2\/media\/9842"}],"wp:attachment":[{"href":"https:\/\/faberpet.ro\/stage\/wp-json\/wp\/v2\/media?parent=4835"}],"wp:term":[{"taxonomy":"product_brand","embeddable":true,"href":"https:\/\/faberpet.ro\/stage\/wp-json\/wp\/v2\/product_brand?post=4835"},{"taxonomy":"product_cat","embeddable":true,"href":"https:\/\/faberpet.ro\/stage\/wp-json\/wp\/v2\/product_cat?post=4835"},{"taxonomy":"product_tag","embeddable":true,"href":"https:\/\/faberpet.ro\/stage\/wp-json\/wp\/v2\/product_tag?post=4835"}],"curies":[{"name":"wp","href":"https:\/\/api.w.org\/{rel}","templated":true}]}}