{"id":4839,"date":"2024-10-21T20:33:31","date_gmt":"2024-10-21T17:33:31","guid":{"rendered":"https:\/\/faberpet.ro\/stage\/produs\/perie-plastic-ovala-dubla-19-cm-2\/"},"modified":"2025-08-04T07:45:26","modified_gmt":"2025-08-04T05:45:26","slug":"perie-plastic-ovala-dubla-19-cm-2","status":"publish","type":"product","link":"https:\/\/faberpet.ro\/stage\/produs\/perie-plastic-ovala-dubla-19-cm-2\/","title":{"rendered":"Perie plastic ovala dubla 19 cm"},"content":{"rendered":"<p>Aceast\u0103 perie oval\u0103 cu p\u0103r moale plastic pe o parte, iar pe cealalt\u0103 parte &#8211; din\u021bi cauciuc pentru a nu deranja pielea. Desc\u00e2lcire profund\u0103 \u0219i eficient\u0103 datorit\u0103 r\u00e2ndurile de din\u021bi. M\u00e2ner ergonomic, cauciucat pentru confort \u0219i control maxim. L\u0103\u021bimea periei &#8211; 6 cm. Lungimea periei &#8211; 19 cm. Ghid de utilizare perie:Asigura\u021bi- v\u0103 c\u0103 blana c\u00e2inelui dvs. este complet uscat\u0103. Peria\u021bi \u00eencet animalul dvs. \u00een sensul cre\u0219terii p\u0103rului. Face\u021bi mi\u0219c\u0103ri lungi \u0219i suple \u0219i evita\u021bi s\u0103 trece\u021bi de mai multe ori \u00een acela\u0219i loc. La periere acorda\u021bi o deosebit\u0103 aten\u021bie zonelor mai sensibile ale animalului Dvs. (burta, labe, p\u0103r\u021bi genitale, anus). O periere prea ap\u0103sat\u0103 sau repetat\u0103 poate irita pielea. Dac\u0103 remarca\u021bi o iritare sau \u00eenro\u0219ire a pielii \u00eenceta\u021bi imediat s\u0103 folosi\u021bi peria. Evita\u021bi s\u0103 v\u0103 sprijini\u021bi pe animal atunci c\u00e2nd \u00eel piept\u0103na\u021bi.<\/p>\n","protected":false},"excerpt":{"rendered":"<p>Aceast\u0103 perie oval\u0103 cu p\u0103r moale plastic pe o parte, iar pe cealalt\u0103 parte &#8211; din\u021bi cauciuc pentru a nu deranja pielea. Desc\u00e2lcire profund\u0103 \u0219i eficient\u0103 datorit\u0103 r\u00e2ndurile de din\u021bi. M\u00e2ner ergonomic, cauciucat pentru confort \u0219i control maxim. L\u0103\u021bimea periei &#8211; 6 cm. Lungimea periei &#8211; 19 cm. Ghid de utilizare perie:Asigura\u021bi- v\u0103 c\u0103 blana [&hellip;]<\/p>\n","protected":false},"featured_media":9847,"template":"","meta":[],"product_brand":[],"product_cat":[168,1738,1674,1672,171],"product_tag":[1753,1752,1751],"class_list":{"0":"post-4839","1":"product","2":"type-product","3":"status-publish","4":"has-post-thumbnail","6":"product_cat-caini","7":"product_cat-perii","8":"product_cat-perii-si-piepteni-pisici","9":"product_cat-perii-si-piepteni","10":"product_cat-pisici","11":"product_tag-perie-ovala-dubla","12":"product_tag-perie-pentru-pisici","13":"product_tag-unghii-pisici","15":"first","16":"instock","17":"shipping-taxable","18":"purchasable","19":"product-type-simple"},"_links":{"self":[{"href":"https:\/\/faberpet.ro\/stage\/wp-json\/wp\/v2\/product\/4839","targetHints":{"allow":["GET"]}}],"collection":[{"href":"https:\/\/faberpet.ro\/stage\/wp-json\/wp\/v2\/product"}],"about":[{"href":"https:\/\/faberpet.ro\/stage\/wp-json\/wp\/v2\/types\/product"}],"wp:featuredmedia":[{"embeddable":true,"href":"https:\/\/faberpet.ro\/stage\/wp-json\/wp\/v2\/media\/9847"}],"wp:attachment":[{"href":"https:\/\/faberpet.ro\/stage\/wp-json\/wp\/v2\/media?parent=4839"}],"wp:term":[{"taxonomy":"product_brand","embeddable":true,"href":"https:\/\/faberpet.ro\/stage\/wp-json\/wp\/v2\/product_brand?post=4839"},{"taxonomy":"product_cat","embeddable":true,"href":"https:\/\/faberpet.ro\/stage\/wp-json\/wp\/v2\/product_cat?post=4839"},{"taxonomy":"product_tag","embeddable":true,"href":"https:\/\/faberpet.ro\/stage\/wp-json\/wp\/v2\/product_tag?post=4839"}],"curies":[{"name":"wp","href":"https:\/\/api.w.org\/{rel}","templated":true}]}}