{"id":4840,"date":"2024-10-21T20:33:31","date_gmt":"2024-10-21T17:33:31","guid":{"rendered":"https:\/\/faberpet.ro\/stage\/produs\/perie-plastic-ovala-dubla-21-cm\/"},"modified":"2025-08-04T07:45:39","modified_gmt":"2025-08-04T05:45:39","slug":"perie-plastic-ovala-dubla-21-cm","status":"publish","type":"product","link":"https:\/\/faberpet.ro\/stage\/produs\/perie-plastic-ovala-dubla-21-cm\/","title":{"rendered":"Perie plastic ovala dubla 21 cm"},"content":{"rendered":"<p>Aceast\u0103 perie oval\u0103 cu p\u0103r moale pe o parte, iar pe cealalta parte &#8211; fire de o\u021bel prev\u0103zute la capete cu bilu\u021be, pentru a nu deranja pielea. Desc\u00e2lcire profund\u0103 \u0219i eficient\u0103 datorit\u0103 r\u00e2ndurile de din\u021bi. Peria are dou\u0103 func\u021bii: partea cu firele de o\u021bel prev\u0103zute cu bilu\u021bele \u00een cap\u0103t \u0219i fixa\u021bi \u00een pat cauciucat &#8211; de a masa pielea animalului precum \u0219i de a stimula circula\u021bia sanguin\u0103; partea cu p\u0103r nylon moale, garanteaz\u0103 o blan\u0103 bine \u00eengrijit\u0103 \u0219i str\u0103lucitoare. M\u00e2ner ergonomic, cauciucat pentru confort \u0219i control maxim. L\u0103\u021bimea periei &#8211; 7 cm. Lungimea periei &#8211; 21 cm. Ghid de utilizare perie:Asigura\u021bi- v\u0103 c\u0103 blana c\u00e2inelui dvs. este complet uscat\u0103. Peria\u021bi \u00eencet animalul dvs. \u00een sensul cre\u0219terii p\u0103rului. Face\u021bi mi\u0219c\u0103ri lungi \u0219i suple \u0219i evita\u021bi s\u0103 trece\u021bi de mai multe ori \u00een acela\u0219i loc. La periere acorda\u021bi o deosebit\u0103 aten\u021bie zonelor mai sensibile ale animalului Dvs. (burta, labe, p\u0103r\u021bi genitale, anus). O periere prea ap\u0103sat\u0103 sau repetat\u0103 poate irita pielea. Dac\u0103 remarca\u021bi o iritare sau \u00eenro\u0219ire a pielii \u00eenceta\u021bi imediat s\u0103 folosi\u021bi peria. Evita\u021bi s\u0103 v\u0103 sprijini\u021bi pe animal atunci c\u00e2nd \u00eel piept\u0103na\u021bi.<\/p>\n","protected":false},"excerpt":{"rendered":"<p>Aceast\u0103 perie oval\u0103 cu p\u0103r moale pe o parte, iar pe cealalta parte &#8211; fire de o\u021bel prev\u0103zute la capete cu bilu\u021be, pentru a nu deranja pielea. Desc\u00e2lcire profund\u0103 \u0219i eficient\u0103 datorit\u0103 r\u00e2ndurile de din\u021bi. Peria are dou\u0103 func\u021bii: partea cu firele de o\u021bel prev\u0103zute cu bilu\u021bele \u00een cap\u0103t \u0219i fixa\u021bi \u00een pat cauciucat &#8211; [&hellip;]<\/p>\n","protected":false},"featured_media":9848,"template":"","meta":[],"product_brand":[],"product_cat":[168,1738,1672],"product_tag":[1754,1696,1755],"class_list":{"0":"post-4840","1":"product","2":"type-product","3":"status-publish","4":"has-post-thumbnail","6":"product_cat-caini","7":"product_cat-perii","8":"product_cat-perii-si-piepteni","9":"product_tag-aparat-de-tuns-caini","10":"product_tag-tesala-caini","11":"product_tag-trimer","13":"first","14":"instock","15":"shipping-taxable","16":"purchasable","17":"product-type-simple"},"_links":{"self":[{"href":"https:\/\/faberpet.ro\/stage\/wp-json\/wp\/v2\/product\/4840","targetHints":{"allow":["GET"]}}],"collection":[{"href":"https:\/\/faberpet.ro\/stage\/wp-json\/wp\/v2\/product"}],"about":[{"href":"https:\/\/faberpet.ro\/stage\/wp-json\/wp\/v2\/types\/product"}],"wp:featuredmedia":[{"embeddable":true,"href":"https:\/\/faberpet.ro\/stage\/wp-json\/wp\/v2\/media\/9848"}],"wp:attachment":[{"href":"https:\/\/faberpet.ro\/stage\/wp-json\/wp\/v2\/media?parent=4840"}],"wp:term":[{"taxonomy":"product_brand","embeddable":true,"href":"https:\/\/faberpet.ro\/stage\/wp-json\/wp\/v2\/product_brand?post=4840"},{"taxonomy":"product_cat","embeddable":true,"href":"https:\/\/faberpet.ro\/stage\/wp-json\/wp\/v2\/product_cat?post=4840"},{"taxonomy":"product_tag","embeddable":true,"href":"https:\/\/faberpet.ro\/stage\/wp-json\/wp\/v2\/product_tag?post=4840"}],"curies":[{"name":"wp","href":"https:\/\/api.w.org\/{rel}","templated":true}]}}