{"id":4851,"date":"2024-10-21T20:33:33","date_gmt":"2024-10-21T17:33:33","guid":{"rendered":"https:\/\/faberpet.ro\/stage\/produs\/perie-masaj-pentru-pisici-montabil\/"},"modified":"2025-08-04T07:52:35","modified_gmt":"2025-08-04T05:52:35","slug":"perie-masaj-pentru-pisici-montabil","status":"publish","type":"product","link":"https:\/\/faberpet.ro\/stage\/produs\/perie-masaj-pentru-pisici-montabil\/","title":{"rendered":"Perie masaj pentru pisici montabil"},"content":{"rendered":"<p>Aceast\u0103 perie poate masa pisica doar mont\u00e2nd peria pe col\u021buri sau pe un perete drept. Oferi\u021bi- i pisicii \u00eenc\u0103 un loc de distrac\u021bie. Peria poate fi ata\u0219at\u0103 la \u00een\u0103l\u021bimea necesar\u0103, cu ajutorul \u0219uruburilor sau autoadezivelor fa\u021b\u0103- verso. Peria nu numai c\u0103 maseaz\u0103 foarte bine, ci \u0219i adun\u0103 p\u0103rul \u00een exces. Dimensiuni: 12, 7 cm x 8, 5 cm x 5 cm;Material: plastic;<\/p>\n","protected":false},"excerpt":{"rendered":"<p>Aceast\u0103 perie poate masa pisica doar mont\u00e2nd peria pe col\u021buri sau pe un perete drept. Oferi\u021bi- i pisicii \u00eenc\u0103 un loc de distrac\u021bie. Peria poate fi ata\u0219at\u0103 la \u00een\u0103l\u021bimea necesar\u0103, cu ajutorul \u0219uruburilor sau autoadezivelor fa\u021b\u0103- verso. Peria nu numai c\u0103 maseaz\u0103 foarte bine, ci \u0219i adun\u0103 p\u0103rul \u00een exces. Dimensiuni: 12, 7 cm x [&hellip;]<\/p>\n","protected":false},"featured_media":9862,"template":"","meta":[],"product_brand":[],"product_cat":[1679,1674,171],"product_tag":[1774,1775,1773],"class_list":{"0":"post-4851","1":"product","2":"type-product","3":"status-publish","4":"has-post-thumbnail","6":"product_cat-perii-pisici","7":"product_cat-perii-si-piepteni-pisici","8":"product_cat-pisici","9":"product_tag-peri-masaj-pisici","10":"product_tag-perie-masaj-animale","11":"product_tag-perie-masaj-caine","13":"first","14":"instock","15":"shipping-taxable","16":"purchasable","17":"product-type-simple"},"_links":{"self":[{"href":"https:\/\/faberpet.ro\/stage\/wp-json\/wp\/v2\/product\/4851","targetHints":{"allow":["GET"]}}],"collection":[{"href":"https:\/\/faberpet.ro\/stage\/wp-json\/wp\/v2\/product"}],"about":[{"href":"https:\/\/faberpet.ro\/stage\/wp-json\/wp\/v2\/types\/product"}],"wp:featuredmedia":[{"embeddable":true,"href":"https:\/\/faberpet.ro\/stage\/wp-json\/wp\/v2\/media\/9862"}],"wp:attachment":[{"href":"https:\/\/faberpet.ro\/stage\/wp-json\/wp\/v2\/media?parent=4851"}],"wp:term":[{"taxonomy":"product_brand","embeddable":true,"href":"https:\/\/faberpet.ro\/stage\/wp-json\/wp\/v2\/product_brand?post=4851"},{"taxonomy":"product_cat","embeddable":true,"href":"https:\/\/faberpet.ro\/stage\/wp-json\/wp\/v2\/product_cat?post=4851"},{"taxonomy":"product_tag","embeddable":true,"href":"https:\/\/faberpet.ro\/stage\/wp-json\/wp\/v2\/product_tag?post=4851"}],"curies":[{"name":"wp","href":"https:\/\/api.w.org\/{rel}","templated":true}]}}