{"id":4856,"date":"2024-10-21T20:33:33","date_gmt":"2024-10-21T17:33:33","guid":{"rendered":"https:\/\/faberpet.ro\/stage\/produs\/perie-manusa-cu-tepi-cauciuc-22-cm\/"},"modified":"2025-08-04T07:55:51","modified_gmt":"2025-08-04T05:55:51","slug":"perie-manusa-cu-tepi-cauciuc-22-cm","status":"publish","type":"product","link":"https:\/\/faberpet.ro\/stage\/produs\/perie-manusa-cu-tepi-cauciuc-22-cm\/","title":{"rendered":"Perie manusa cu tepi cauciuc 22 cm"},"content":{"rendered":"<p>Perierea bl\u0103nii este un aspect important \u00een procesul de \u00eengrijire a animalelor de companie. Trebuie f\u0103cut periodic, s\u0103 nu- l l\u0103s\u0103m s\u0103 se \u00eenc\u00e2lceasc\u0103, s\u0103 se murd\u0103reasc\u0103 sau s\u0103 se r\u0103sp\u00e2ndeasc\u0103 prin cas\u0103. M\u0103nu\u0219\u0103 pentru periaj, fabricat\u0103 din material textil, pe palma c\u0103reia din\u021bii sunt monta\u021bi \u00eentr- un cauciuc siliconic robust \u0219i elastic. V\u00e2rful din\u021bilor este rotunjit, pentru a nu rupe p\u0103rul sau r\u0103ni pielea animalului \u00een timpul perierii. Recomandat\u0103 c\u00e2inilor \u0219i pisicilor cu p\u0103r scurt, pentru periere sau masaj. L\u0103\u021bimea m\u0103nu\u0219ei &#8211; 17 cm. Lungimea m\u0103nu\u0219ei &#8211; 22 cm. Ghid de utilizare:Asigura\u021bi- v\u0103 c\u0103 blana c\u00e2inelui dvs. este complet uscat\u0103. Peria\u021bi masa\u021bi \u00eencet animalul dvs. \u00een sensul cre\u0219terii p\u0103rului. Face\u021bi mi\u0219c\u0103ri lungi \u0219i suple \u0219i evita\u021bi s\u0103 trece\u021bi de mai multe ori \u00een acela\u0219i loc. La periere acorda\u021bi o deosebit\u0103 aten\u021bie zonelor mai sensibile ale animalului Dvs. (burta, labe, p\u0103r\u021bi genitale, anus). O periere prea ap\u0103sat\u0103 sau repetat\u0103 poate irita pielea. Dac\u0103 remarca\u021bi o iritare sau \u00eenro\u0219ire a pielii \u00eenceta\u021bi imediat s\u0103 folosi\u021bi peria. Evita\u021bi s\u0103 v\u0103 sprijini\u021bi pe animal atunci c\u00e2nd \u00eel piept\u0103na\u021bi.<\/p>\n","protected":false},"excerpt":{"rendered":"<p>Perierea bl\u0103nii este un aspect important \u00een procesul de \u00eengrijire a animalelor de companie. Trebuie f\u0103cut periodic, s\u0103 nu- l l\u0103s\u0103m s\u0103 se \u00eenc\u00e2lceasc\u0103, s\u0103 se murd\u0103reasc\u0103 sau s\u0103 se r\u0103sp\u00e2ndeasc\u0103 prin cas\u0103. M\u0103nu\u0219\u0103 pentru periaj, fabricat\u0103 din material textil, pe palma c\u0103reia din\u021bii sunt monta\u021bi \u00eentr- un cauciuc siliconic robust \u0219i elastic. V\u00e2rful din\u021bilor [&hellip;]<\/p>\n","protected":false},"featured_media":9868,"template":"","meta":[],"product_brand":[],"product_cat":[168,1738,1672],"product_tag":[1780,1770,1669],"class_list":{"0":"post-4856","1":"product","2":"type-product","3":"status-publish","4":"has-post-thumbnail","6":"product_cat-caini","7":"product_cat-perii","8":"product_cat-perii-si-piepteni","9":"product_tag-manus-periat-caini","10":"product_tag-perie-manusa","11":"product_tag-perie-tesala","13":"first","14":"instock","15":"shipping-taxable","16":"purchasable","17":"product-type-simple"},"_links":{"self":[{"href":"https:\/\/faberpet.ro\/stage\/wp-json\/wp\/v2\/product\/4856","targetHints":{"allow":["GET"]}}],"collection":[{"href":"https:\/\/faberpet.ro\/stage\/wp-json\/wp\/v2\/product"}],"about":[{"href":"https:\/\/faberpet.ro\/stage\/wp-json\/wp\/v2\/types\/product"}],"wp:featuredmedia":[{"embeddable":true,"href":"https:\/\/faberpet.ro\/stage\/wp-json\/wp\/v2\/media\/9868"}],"wp:attachment":[{"href":"https:\/\/faberpet.ro\/stage\/wp-json\/wp\/v2\/media?parent=4856"}],"wp:term":[{"taxonomy":"product_brand","embeddable":true,"href":"https:\/\/faberpet.ro\/stage\/wp-json\/wp\/v2\/product_brand?post=4856"},{"taxonomy":"product_cat","embeddable":true,"href":"https:\/\/faberpet.ro\/stage\/wp-json\/wp\/v2\/product_cat?post=4856"},{"taxonomy":"product_tag","embeddable":true,"href":"https:\/\/faberpet.ro\/stage\/wp-json\/wp\/v2\/product_tag?post=4856"}],"curies":[{"name":"wp","href":"https:\/\/api.w.org\/{rel}","templated":true}]}}