{"id":4857,"date":"2024-10-21T20:33:34","date_gmt":"2024-10-21T17:33:34","guid":{"rendered":"https:\/\/faberpet.ro\/stage\/produs\/set-perii-lemn-cu-2-piese-22-cm\/"},"modified":"2025-08-04T07:56:13","modified_gmt":"2025-08-04T05:56:13","slug":"set-perii-lemn-cu-2-piese-22-cm","status":"publish","type":"product","link":"https:\/\/faberpet.ro\/stage\/produs\/set-perii-lemn-cu-2-piese-22-cm\/","title":{"rendered":"Set perii lemn cu 2 piese 22 cm"},"content":{"rendered":"<p>Perii profesional\u0103 recomandat\u0103 pentru toaletarea regulat\u0103 a c\u00e2inilor cu blan\u0103 deas\u0103 \u0219i firul de p\u0103r mediu sau lung. Corpurile periilor este din lemn, din\u021bii metalici sunt monta\u021bi \u00eentr- un cauciuc siliconic robust \u0219i elastic. V\u00e2rful din\u021bilor este rotunjit, pentru a nu rupe p\u0103rul sau r\u0103ni pielea animalului \u00een timpul perierii. M\u00e2nerul ergonomic permite o m\u0103nuire u\u0219oar\u0103, f\u0103r\u0103 efort a accesoriului, \u00een timpul toaletajului. Lungimea periei &#8211; 22 cm. Ghid de utilizare perie:Asigura\u021bi- v\u0103 c\u0103 blana c\u00e2inelui dvs. este complet uscat\u0103. Peria\u021bi \u00eencet animalul dvs. \u00een sensul cre\u0219terii p\u0103rului. Face\u021bi mi\u0219c\u0103ri lungi \u0219i suple \u0219i evita\u021bi s\u0103 trece\u021bi de mai multe ori \u00een acela\u0219i loc. La periere acorda\u021bi o deosebit\u0103 aten\u021bie zonelor mai sensibile ale animalului Dvs. (burta, labe, p\u0103r\u021bi genitale, anus). O periere prea ap\u0103sat\u0103 sau repetat\u0103 poate irita pielea. Dac\u0103 remarca\u021bi o iritare sau \u00eenro\u0219ire a pielii \u00eenceta\u021bi imediat s\u0103 folosi\u021bi peria. Evita\u021bi s\u0103 v\u0103 sprijini\u021bi pe animal atunci c\u00e2nd \u00eel piept\u0103na\u021bi.<\/p>\n","protected":false},"excerpt":{"rendered":"<p>Perii profesional\u0103 recomandat\u0103 pentru toaletarea regulat\u0103 a c\u00e2inilor cu blan\u0103 deas\u0103 \u0219i firul de p\u0103r mediu sau lung. Corpurile periilor este din lemn, din\u021bii metalici sunt monta\u021bi \u00eentr- un cauciuc siliconic robust \u0219i elastic. V\u00e2rful din\u021bilor este rotunjit, pentru a nu rupe p\u0103rul sau r\u0103ni pielea animalului \u00een timpul perierii. M\u00e2nerul ergonomic permite o m\u0103nuire [&hellip;]<\/p>\n","protected":false},"featured_media":9869,"template":"","meta":[],"product_brand":[],"product_cat":[168,1738,1679,1672,1674,171],"product_tag":[1784,1669,1783],"class_list":{"0":"post-4857","1":"product","2":"type-product","3":"status-publish","4":"has-post-thumbnail","6":"product_cat-caini","7":"product_cat-perii","8":"product_cat-perii-pisici","9":"product_cat-perii-si-piepteni","10":"product_cat-perii-si-piepteni-pisici","11":"product_cat-pisici","12":"product_tag-ingrijire-cai","13":"product_tag-perie-tesala","14":"product_tag-pieptene-paduchi","16":"first","17":"instock","18":"shipping-taxable","19":"purchasable","20":"product-type-simple"},"_links":{"self":[{"href":"https:\/\/faberpet.ro\/stage\/wp-json\/wp\/v2\/product\/4857","targetHints":{"allow":["GET"]}}],"collection":[{"href":"https:\/\/faberpet.ro\/stage\/wp-json\/wp\/v2\/product"}],"about":[{"href":"https:\/\/faberpet.ro\/stage\/wp-json\/wp\/v2\/types\/product"}],"wp:featuredmedia":[{"embeddable":true,"href":"https:\/\/faberpet.ro\/stage\/wp-json\/wp\/v2\/media\/9869"}],"wp:attachment":[{"href":"https:\/\/faberpet.ro\/stage\/wp-json\/wp\/v2\/media?parent=4857"}],"wp:term":[{"taxonomy":"product_brand","embeddable":true,"href":"https:\/\/faberpet.ro\/stage\/wp-json\/wp\/v2\/product_brand?post=4857"},{"taxonomy":"product_cat","embeddable":true,"href":"https:\/\/faberpet.ro\/stage\/wp-json\/wp\/v2\/product_cat?post=4857"},{"taxonomy":"product_tag","embeddable":true,"href":"https:\/\/faberpet.ro\/stage\/wp-json\/wp\/v2\/product_tag?post=4857"}],"curies":[{"name":"wp","href":"https:\/\/api.w.org\/{rel}","templated":true}]}}