{"id":4859,"date":"2024-10-21T20:33:34","date_gmt":"2024-10-21T17:33:34","guid":{"rendered":"https:\/\/faberpet.ro\/stage\/produs\/tesala-rotunda-cai-si-vaci-23-cm\/"},"modified":"2025-08-04T07:58:02","modified_gmt":"2025-08-04T05:58:02","slug":"tesala-rotunda-cai-si-vaci-23-cm","status":"publish","type":"product","link":"https:\/\/faberpet.ro\/stage\/produs\/tesala-rotunda-cai-si-vaci-23-cm\/","title":{"rendered":"Tesala rotunda cai \u0219i vaci 23 cm"},"content":{"rendered":"<p>Model reversibil put\u00e2nd fi utilizat\u0103 pe ambele p\u0103rti. Spiralele sunt foarte elastice. este confec\u021bionat\u0103 din inox cu m\u00e2ner de plastic ergonomic. Foarte util\u0103 mai ales primavara, c\u00e2nd animalul \u00ee\u0219i schimb\u0103 p\u0103rul. L\u0103\u021bimea lamei &#8211; 2, 5 cm. Lungimea \u021besalei &#8211; 23 cm.<\/p>\n","protected":false},"excerpt":{"rendered":"<p>Model reversibil put\u00e2nd fi utilizat\u0103 pe ambele p\u0103rti. Spiralele sunt foarte elastice. este confec\u021bionat\u0103 din inox cu m\u00e2ner de plastic ergonomic. Foarte util\u0103 mai ales primavara, c\u00e2nd animalul \u00ee\u0219i schimb\u0103 p\u0103rul. L\u0103\u021bimea lamei &#8211; 2, 5 cm. Lungimea \u021besalei &#8211; 23 cm.<\/p>\n","protected":false},"featured_media":12704,"template":"","meta":[],"product_brand":[],"product_cat":[167],"product_tag":[1742,1787,1786],"class_list":{"0":"post-4859","1":"product","2":"type-product","3":"status-publish","4":"has-post-thumbnail","6":"product_cat-cai-si-vaci","7":"product_tag-accesorii-cabaline","8":"product_tag-ingrijire-vaci","9":"product_tag-tesala-pentru-cai","11":"first","12":"instock","13":"shipping-taxable","14":"purchasable","15":"product-type-simple"},"_links":{"self":[{"href":"https:\/\/faberpet.ro\/stage\/wp-json\/wp\/v2\/product\/4859","targetHints":{"allow":["GET"]}}],"collection":[{"href":"https:\/\/faberpet.ro\/stage\/wp-json\/wp\/v2\/product"}],"about":[{"href":"https:\/\/faberpet.ro\/stage\/wp-json\/wp\/v2\/types\/product"}],"wp:featuredmedia":[{"embeddable":true,"href":"https:\/\/faberpet.ro\/stage\/wp-json\/wp\/v2\/media\/12704"}],"wp:attachment":[{"href":"https:\/\/faberpet.ro\/stage\/wp-json\/wp\/v2\/media?parent=4859"}],"wp:term":[{"taxonomy":"product_brand","embeddable":true,"href":"https:\/\/faberpet.ro\/stage\/wp-json\/wp\/v2\/product_brand?post=4859"},{"taxonomy":"product_cat","embeddable":true,"href":"https:\/\/faberpet.ro\/stage\/wp-json\/wp\/v2\/product_cat?post=4859"},{"taxonomy":"product_tag","embeddable":true,"href":"https:\/\/faberpet.ro\/stage\/wp-json\/wp\/v2\/product_tag?post=4859"}],"curies":[{"name":"wp","href":"https:\/\/api.w.org\/{rel}","templated":true}]}}