{"id":4889,"date":"2024-10-21T20:33:38","date_gmt":"2024-10-21T17:33:38","guid":{"rendered":"https:\/\/faberpet.ro\/stage\/produs\/tesala-retractabila-lux-cu-lama\/"},"modified":"2025-08-04T08:10:29","modified_gmt":"2025-08-04T06:10:29","slug":"tesala-retractabila-lux-cu-lama","status":"publish","type":"product","link":"https:\/\/faberpet.ro\/stage\/produs\/tesala-retractabila-lux-cu-lama\/","title":{"rendered":"Tesala retractabila lux cu lama"},"content":{"rendered":"<p>Este un perie pentru p\u0103r mediu sau lung, p\u0103r \u00eenc\u00e2lcit sau dificil de periat. Desc\u00e2lcire profund\u0103 \u0219i eficient\u0103 datorit\u0103 r\u00e2ndului de din\u021bi. Design modern &#8211; ac\u021bionarea butonului prezent pe m\u00e2ner va permite cur\u0103\u021barea rapid\u0103 a bl\u0103nii str\u00e2nse \u00eentre &#8220;acele&#8221; periei. este prev\u0103zut\u0103 cu un m\u00e2ner ergonomic, confortabil pentru aderen\u021b\u0103 maxim\u0103. Setul con\u021bine o perie \u0219i o pieptene cu lam\u0103. L\u0103\u021bimi perii &#8211; 10, 12 cm. Lungimi perii &#8211; 19 cm. Ghid de utilizare perie:Asigura\u021bi- v\u0103 c\u0103 blana animalului dvs. este complet uscat\u0103. Peria\u021bi \u00eencet animalul dvs. \u00een sensul cre\u0219terii p\u0103rului. Face\u021bi mi\u0219c\u0103ri lungi \u0219i suple \u0219i evita\u021bi s\u0103 trece\u021bi de mai multe ori \u00een acela\u0219i loc. La periere acorda\u021bi o deosebit\u0103 aten\u021bie zonelor mai sensibile ale animalului Dvs. (burta, labe, p\u0103r\u021bi genitale, anus). O periere prea ap\u0103sat\u0103 sau repetat\u0103 poate irita pielea. Dac\u0103 remarca\u021bi o iritare sau \u00eenro\u0219ire a pielii \u00eenceta\u021bi imediat s\u0103 folosi\u021bi peria. Evita\u021bi s\u0103 v\u0103 sprijini\u021bi pe animal atunci c\u00e2nd \u00eel piept\u0103na\u021bi. Se vinde ambalat c\u00e2te 2 buc\/set! Pre\u021bul afi\u0219at este per set!<\/p>\n","protected":false},"excerpt":{"rendered":"<p>Este un perie pentru p\u0103r mediu sau lung, p\u0103r \u00eenc\u00e2lcit sau dificil de periat. Desc\u00e2lcire profund\u0103 \u0219i eficient\u0103 datorit\u0103 r\u00e2ndului de din\u021bi. Design modern &#8211; ac\u021bionarea butonului prezent pe m\u00e2ner va permite cur\u0103\u021barea rapid\u0103 a bl\u0103nii str\u00e2nse \u00eentre &#8220;acele&#8221; periei. este prev\u0103zut\u0103 cu un m\u00e2ner ergonomic, confortabil pentru aderen\u021b\u0103 maxim\u0103. Setul con\u021bine o perie \u0219i [&hellip;]<\/p>\n","protected":false},"featured_media":9899,"template":"","meta":[],"product_brand":[],"product_cat":[168,1672,1792],"product_tag":[1806,1709,1696],"class_list":{"0":"post-4889","1":"product","2":"type-product","3":"status-publish","4":"has-post-thumbnail","6":"product_cat-caini","7":"product_cat-perii-si-piepteni","8":"product_cat-tesale","9":"product_tag-articole-periaj","10":"product_tag-perie-pisici","11":"product_tag-tesala-caini","13":"first","14":"instock","15":"shipping-taxable","16":"purchasable","17":"product-type-simple"},"_links":{"self":[{"href":"https:\/\/faberpet.ro\/stage\/wp-json\/wp\/v2\/product\/4889","targetHints":{"allow":["GET"]}}],"collection":[{"href":"https:\/\/faberpet.ro\/stage\/wp-json\/wp\/v2\/product"}],"about":[{"href":"https:\/\/faberpet.ro\/stage\/wp-json\/wp\/v2\/types\/product"}],"wp:featuredmedia":[{"embeddable":true,"href":"https:\/\/faberpet.ro\/stage\/wp-json\/wp\/v2\/media\/9899"}],"wp:attachment":[{"href":"https:\/\/faberpet.ro\/stage\/wp-json\/wp\/v2\/media?parent=4889"}],"wp:term":[{"taxonomy":"product_brand","embeddable":true,"href":"https:\/\/faberpet.ro\/stage\/wp-json\/wp\/v2\/product_brand?post=4889"},{"taxonomy":"product_cat","embeddable":true,"href":"https:\/\/faberpet.ro\/stage\/wp-json\/wp\/v2\/product_cat?post=4889"},{"taxonomy":"product_tag","embeddable":true,"href":"https:\/\/faberpet.ro\/stage\/wp-json\/wp\/v2\/product_tag?post=4889"}],"curies":[{"name":"wp","href":"https:\/\/api.w.org\/{rel}","templated":true}]}}