{"id":4891,"date":"2024-10-21T20:33:38","date_gmt":"2024-10-21T17:33:38","guid":{"rendered":"https:\/\/faberpet.ro\/stage\/produs\/ghilotina-taiat-unghii-pentru-caini-si-pisici-14-cm\/"},"modified":"2025-08-04T08:10:56","modified_gmt":"2025-08-04T06:10:56","slug":"ghilotina-taiat-unghii-pentru-caini-si-pisici-14-cm","status":"publish","type":"product","link":"https:\/\/faberpet.ro\/stage\/produs\/ghilotina-taiat-unghii-pentru-caini-si-pisici-14-cm\/","title":{"rendered":"Ghilotina taiat unghii pentru caini si pisici 14 cm"},"content":{"rendered":"<p>Acest ghilotin\u0103 este perfect pentru t\u0103ierea regulat\u0103 a unghiilor animalu\u021belor dvs. Protec\u021bie datorit\u0103 v\u00e2rfului rotund at\u00e2t pentru dvs. c\u00e2t \u0219i pentru animalu\u021be. Durabilitate datorit\u0103 lamelor din o\u021bel inoxidabil. Confort \u00een utilizare datorit\u0103 m\u00e2nerelor ergonomice. Lungime cle\u0219te &#8211; 14 cm.<\/p>\n","protected":false},"excerpt":{"rendered":"<p>Acest ghilotin\u0103 este perfect pentru t\u0103ierea regulat\u0103 a unghiilor animalu\u021belor dvs. Protec\u021bie datorit\u0103 v\u00e2rfului rotund at\u00e2t pentru dvs. c\u00e2t \u0219i pentru animalu\u021be. Durabilitate datorit\u0103 lamelor din o\u021bel inoxidabil. Confort \u00een utilizare datorit\u0103 m\u00e2nerelor ergonomice. Lungime cle\u0219te &#8211; 14 cm.<\/p>\n","protected":false},"featured_media":9901,"template":"","meta":[],"product_brand":[],"product_cat":[168,1745,1746,1672,171],"product_tag":[1817,1816,623],"class_list":{"0":"post-4891","1":"product","2":"type-product","3":"status-publish","4":"has-post-thumbnail","6":"product_cat-caini","7":"product_cat-cleste-unghii","8":"product_cat-cleste-unghii-perii-si-piepteni-pisici","9":"product_cat-perii-si-piepteni","10":"product_cat-pisici","11":"product_tag-cleste-caini","12":"product_tag-cleste-unghii-caini","13":"product_tag-ingrijire-caini","15":"first","16":"instock","17":"shipping-taxable","18":"purchasable","19":"product-type-simple"},"_links":{"self":[{"href":"https:\/\/faberpet.ro\/stage\/wp-json\/wp\/v2\/product\/4891","targetHints":{"allow":["GET"]}}],"collection":[{"href":"https:\/\/faberpet.ro\/stage\/wp-json\/wp\/v2\/product"}],"about":[{"href":"https:\/\/faberpet.ro\/stage\/wp-json\/wp\/v2\/types\/product"}],"wp:featuredmedia":[{"embeddable":true,"href":"https:\/\/faberpet.ro\/stage\/wp-json\/wp\/v2\/media\/9901"}],"wp:attachment":[{"href":"https:\/\/faberpet.ro\/stage\/wp-json\/wp\/v2\/media?parent=4891"}],"wp:term":[{"taxonomy":"product_brand","embeddable":true,"href":"https:\/\/faberpet.ro\/stage\/wp-json\/wp\/v2\/product_brand?post=4891"},{"taxonomy":"product_cat","embeddable":true,"href":"https:\/\/faberpet.ro\/stage\/wp-json\/wp\/v2\/product_cat?post=4891"},{"taxonomy":"product_tag","embeddable":true,"href":"https:\/\/faberpet.ro\/stage\/wp-json\/wp\/v2\/product_tag?post=4891"}],"curies":[{"name":"wp","href":"https:\/\/api.w.org\/{rel}","templated":true}]}}