{"id":4900,"date":"2024-10-21T20:33:40","date_gmt":"2024-10-21T17:33:40","guid":{"rendered":"https:\/\/faberpet.ro\/stage\/produs\/cleste-unghii-cu-pila-pentru-caini-si-pisici-16-cm\/"},"modified":"2025-08-04T08:16:03","modified_gmt":"2025-08-04T06:16:03","slug":"cleste-unghii-cu-pila-pentru-caini-si-pisici-16-cm","status":"publish","type":"product","link":"https:\/\/faberpet.ro\/stage\/produs\/cleste-unghii-cu-pila-pentru-caini-si-pisici-16-cm\/","title":{"rendered":"Cleste unghii cu pila pentru caini si pisici 16 cm"},"content":{"rendered":"<p>Acest cle\u0219te este perfect pentru t\u0103ierea regulat\u0103 a unghiilor animalu\u021belor dvs. Cuprinde pachetul \u0219i o pil\u0103 metalic\u0103 special\u0103 de pilit ghearele c\u00e2inilor \u0219i pisicilor. Protec\u021bie datorit\u0103 v\u00e2rfului rotund at\u00e2t pentru dvs. c\u00e2t \u0219i pentru animalu\u021be. Precizie cu ajutorul sistemului de siguran\u021b\u0103 care va impiedica s\u0103 t\u0103ia\u021bi din gre\u0219eal\u0103, mai mult dec\u00e2t a\u021bi stabilit ini\u021bial din unghii. Durabilitate datorit\u0103 lamelor din o\u021bel inoxidabil. Confort \u00een utilizare datorit\u0103 m\u00e2nerelor ergonomice. Siguran\u021b\u0103, beneficiind de un sistem de blocare, pentru a \u021bine cle\u0219tele \u00eenchis. Lungime cle\u0219te &#8211; 16 cm<\/p>\n","protected":false},"excerpt":{"rendered":"<p>Acest cle\u0219te este perfect pentru t\u0103ierea regulat\u0103 a unghiilor animalu\u021belor dvs. Cuprinde pachetul \u0219i o pil\u0103 metalic\u0103 special\u0103 de pilit ghearele c\u00e2inilor \u0219i pisicilor. Protec\u021bie datorit\u0103 v\u00e2rfului rotund at\u00e2t pentru dvs. c\u00e2t \u0219i pentru animalu\u021be. Precizie cu ajutorul sistemului de siguran\u021b\u0103 care va impiedica s\u0103 t\u0103ia\u021bi din gre\u0219eal\u0103, mai mult dec\u00e2t a\u021bi stabilit ini\u021bial din [&hellip;]<\/p>\n","protected":false},"featured_media":9912,"template":"","meta":[],"product_brand":[],"product_cat":[168,1745,1746,1672,171],"product_tag":[1817,1818,623],"class_list":{"0":"post-4900","1":"product","2":"type-product","3":"status-publish","4":"has-post-thumbnail","6":"product_cat-caini","7":"product_cat-cleste-unghii","8":"product_cat-cleste-unghii-perii-si-piepteni-pisici","9":"product_cat-perii-si-piepteni","10":"product_cat-pisici","11":"product_tag-cleste-caini","12":"product_tag-cleste-unghii-pisici","13":"product_tag-ingrijire-caini","15":"first","16":"instock","17":"shipping-taxable","18":"purchasable","19":"product-type-simple"},"_links":{"self":[{"href":"https:\/\/faberpet.ro\/stage\/wp-json\/wp\/v2\/product\/4900","targetHints":{"allow":["GET"]}}],"collection":[{"href":"https:\/\/faberpet.ro\/stage\/wp-json\/wp\/v2\/product"}],"about":[{"href":"https:\/\/faberpet.ro\/stage\/wp-json\/wp\/v2\/types\/product"}],"wp:featuredmedia":[{"embeddable":true,"href":"https:\/\/faberpet.ro\/stage\/wp-json\/wp\/v2\/media\/9912"}],"wp:attachment":[{"href":"https:\/\/faberpet.ro\/stage\/wp-json\/wp\/v2\/media?parent=4900"}],"wp:term":[{"taxonomy":"product_brand","embeddable":true,"href":"https:\/\/faberpet.ro\/stage\/wp-json\/wp\/v2\/product_brand?post=4900"},{"taxonomy":"product_cat","embeddable":true,"href":"https:\/\/faberpet.ro\/stage\/wp-json\/wp\/v2\/product_cat?post=4900"},{"taxonomy":"product_tag","embeddable":true,"href":"https:\/\/faberpet.ro\/stage\/wp-json\/wp\/v2\/product_tag?post=4900"}],"curies":[{"name":"wp","href":"https:\/\/api.w.org\/{rel}","templated":true}]}}