{"id":4909,"date":"2024-10-21T20:33:41","date_gmt":"2024-10-21T17:33:41","guid":{"rendered":"https:\/\/faberpet.ro\/stage\/produs\/dispozitiv-pentru-indepartarea-capuselor-cu-falci-plastic\/"},"modified":"2025-08-04T08:19:16","modified_gmt":"2025-08-04T06:19:16","slug":"dispozitiv-pentru-indepartarea-capuselor-cu-falci-plastic","status":"publish","type":"product","link":"https:\/\/faberpet.ro\/stage\/produs\/dispozitiv-pentru-indepartarea-capuselor-cu-falci-plastic\/","title":{"rendered":"Dispozitiv pentru indepartarea capuselor cu falci plastic"},"content":{"rendered":"<p>Instrument pentru \u00eenl\u0103turarea tuturor c\u0103pu\u0219elor, de orice dimensiune \u0219i loca\u021bie, de pe oameni \u0219i animale, spre exemplu c\u0103ini, pisici \u0219i cai. Aceasta opera\u021bie este nedureroas\u0103 \u0219i are loc \u00een condi\u021bii de siguran\u021b\u0103, fiind rapid \u0219i u\u0219or de folosit. Nu l\u0103sa\u021bi \u201ccapul\u201d c\u0103pu\u0219ei sub piele. Nu comprima\u021bi c\u0103pu\u0219a. Nu e nevoie s\u0103 folosi\u021bi eter sau alcool. Scoate\u021bi c\u0103pu\u0219a \u00een mod rapid \u0219i indolor. Rostrumul c\u0103pu\u0219ei, capul acesteia, este plin de mici \u021bepi care permit c\u0103pu\u0219ei s\u0103 r\u0103m\u00e2n\u0103 infipt\u0103 \u00een piele. Dac\u0103 \u00eencerca\u021bi s\u0103 scoate\u021bi c\u0103pu\u0219a prin tragere, \u021bepii se infig \u0219i mai ad\u00e2nc \u00een piele. Tragerea poate provoca ruptura rostrumului, care r\u0103m\u00e2ne sub piele, provoc\u00e2nd o inflama\u021bie dureroas\u0103 sau o infec\u021bie. Daca scoate\u021bi c\u0103pu\u0219a prin r\u0103sucire, \u021bepii se pliaz\u0103 de- a lungul axei de rota\u021bie, iar c\u0103pu\u0219a e scoas\u0103 u\u0219or, limit\u00e2nd riscul de a r\u0103m\u00e2ne sub piele. C\u00e2nd scoate\u021bi o c\u0103pu\u0219\u0103, e important s\u0103 nu \u00eei apasa\u021bi pe abdomen, pentru a evita riscul de regurgitare al salivei ce con\u021bine mai multe substan\u021be iritante \u0219i c\u00e2teodat\u0103 microorganisme care pot cauza infec\u021bii sau alergii.<\/p>\n","protected":false},"excerpt":{"rendered":"<p>Instrument pentru \u00eenl\u0103turarea tuturor c\u0103pu\u0219elor, de orice dimensiune \u0219i loca\u021bie, de pe oameni \u0219i animale, spre exemplu c\u0103ini, pisici \u0219i cai. Aceasta opera\u021bie este nedureroas\u0103 \u0219i are loc \u00een condi\u021bii de siguran\u021b\u0103, fiind rapid \u0219i u\u0219or de folosit. Nu l\u0103sa\u021bi \u201ccapul\u201d c\u0103pu\u0219ei sub piele. Nu comprima\u021bi c\u0103pu\u0219a. Nu e nevoie s\u0103 folosi\u021bi eter sau alcool. [&hellip;]<\/p>\n","protected":false},"featured_media":9921,"template":"","meta":[],"product_brand":[],"product_cat":[597,625,168,171],"product_tag":[1825,1823,1824],"class_list":{"0":"post-4909","1":"product","2":"type-product","3":"status-publish","4":"has-post-thumbnail","6":"product_cat-accesorii","7":"product_cat-accesorii-pisici","8":"product_cat-caini","9":"product_cat-pisici","10":"product_tag-capuse-caini","11":"product_tag-dispozitiv-capuse","12":"product_tag-indepartare-purici","14":"first","15":"instock","16":"shipping-taxable","17":"purchasable","18":"product-type-simple"},"_links":{"self":[{"href":"https:\/\/faberpet.ro\/stage\/wp-json\/wp\/v2\/product\/4909","targetHints":{"allow":["GET"]}}],"collection":[{"href":"https:\/\/faberpet.ro\/stage\/wp-json\/wp\/v2\/product"}],"about":[{"href":"https:\/\/faberpet.ro\/stage\/wp-json\/wp\/v2\/types\/product"}],"wp:featuredmedia":[{"embeddable":true,"href":"https:\/\/faberpet.ro\/stage\/wp-json\/wp\/v2\/media\/9921"}],"wp:attachment":[{"href":"https:\/\/faberpet.ro\/stage\/wp-json\/wp\/v2\/media?parent=4909"}],"wp:term":[{"taxonomy":"product_brand","embeddable":true,"href":"https:\/\/faberpet.ro\/stage\/wp-json\/wp\/v2\/product_brand?post=4909"},{"taxonomy":"product_cat","embeddable":true,"href":"https:\/\/faberpet.ro\/stage\/wp-json\/wp\/v2\/product_cat?post=4909"},{"taxonomy":"product_tag","embeddable":true,"href":"https:\/\/faberpet.ro\/stage\/wp-json\/wp\/v2\/product_tag?post=4909"}],"curies":[{"name":"wp","href":"https:\/\/api.w.org\/{rel}","templated":true}]}}