{"id":4913,"date":"2024-10-21T20:33:42","date_gmt":"2024-10-21T17:33:42","guid":{"rendered":"https:\/\/faberpet.ro\/stage\/produs\/trimmer-grebla-cu-gheare-lungi-si-indoit-8-lame\/"},"modified":"2025-08-04T08:25:57","modified_gmt":"2025-08-04T06:25:57","slug":"trimmer-grebla-cu-gheare-lungi-si-indoit-8-lame","status":"publish","type":"product","link":"https:\/\/faberpet.ro\/stage\/produs\/trimmer-grebla-cu-gheare-lungi-si-indoit-8-lame\/","title":{"rendered":"Trimmer grebla cu gheare lungi si indoit 8 lame"},"content":{"rendered":"<p>Trimmer pentru \u00eendep\u0103rtarea cu u\u0219urin\u021b\u0103 a p\u0103rului mort prin t\u0103iere minim\u0103. Confec\u021bionat din plastic, av\u00e2nd lame solide din o\u021bel inoxidabil pentru o \u00eentre\u021binere u\u0219oar\u0103 \u0219i propriet\u0103\u021bi antirugin\u0103. Ajut\u0103 la producerea de sebum natural al pielii, conduc\u00e2nd la o piele s\u0103n\u0103toas\u0103 \u0219i o blan\u0103 str\u0103lucitoare. M\u00e2nerul ergonomic, acoperit cu un cauciuc antiderapant, permite m\u00e2nuirea u\u0219oar\u0103 \u0219i sigur\u0103 a accesoriului pentru toaletaj. L\u0103\u021bimea lamelor &#8211; 5 cm. Lungimea lamelor &#8211; 2 cm. Lungimea trimerului &#8211; 15 cm. 8 din\u021bi (lame). Ideal pentru rase de c\u0103ini cu blan\u0103 lung\u0103. Ghid de utilizare perie trimmer c\u00e2ini:Asigura\u021bi- v\u0103 c\u0103 blana c\u00e2inelui Dvs. este complet uscat\u0103. Peria\u021bi \u00eencet animalul Dvs. \u00een sensul cre\u0219terii p\u0103rului. Face\u021bi mi\u0219c\u0103ri lungi \u0219i suple \u0219i evita\u021bi s\u0103 trece\u021bi de mai multe ori \u00een acela\u0219i loc. La periere acorda\u021bi o deosebit\u0103 aten\u021bie zonelor mai sensibile ale animalului Dvs. (burta, labe, p\u0103rti genitale, anus). O periere prea ap\u0103sat\u0103 sau repetat\u0103 poate irita pielea. Dac\u0103 remarca\u021bi o iritare sau \u00eenro\u0219ire a pielii \u00eenceta\u021bi imediat s\u0103 folosi\u021bi peria. Evita\u021bi s\u0103 v\u0103 sprijini\u021bi pe animal atunci c\u00e2nd \u00eel piept\u0103na\u021bi. Durata medie de periere nu trebuie s\u0103 dep\u0103\u0219easc\u0103 10 \u2013 20 minute.<\/p>\n","protected":false},"excerpt":{"rendered":"<p>Trimmer pentru \u00eendep\u0103rtarea cu u\u0219urin\u021b\u0103 a p\u0103rului mort prin t\u0103iere minim\u0103. Confec\u021bionat din plastic, av\u00e2nd lame solide din o\u021bel inoxidabil pentru o \u00eentre\u021binere u\u0219oar\u0103 \u0219i propriet\u0103\u021bi antirugin\u0103. Ajut\u0103 la producerea de sebum natural al pielii, conduc\u00e2nd la o piele s\u0103n\u0103toas\u0103 \u0219i o blan\u0103 str\u0103lucitoare. M\u00e2nerul ergonomic, acoperit cu un cauciuc antiderapant, permite m\u00e2nuirea u\u0219oar\u0103 \u0219i [&hellip;]<\/p>\n","protected":false},"featured_media":9925,"template":"","meta":[],"product_brand":[],"product_cat":[168,1679,1672,1674,171,1827],"product_tag":[1784,623,1829],"class_list":{"0":"post-4913","1":"product","2":"type-product","3":"status-publish","4":"has-post-thumbnail","6":"product_cat-caini","7":"product_cat-perii-pisici","8":"product_cat-perii-si-piepteni","9":"product_cat-perii-si-piepteni-pisici","10":"product_cat-pisici","11":"product_cat-trimmere","12":"product_tag-ingrijire-cai","13":"product_tag-ingrijire-caini","14":"product_tag-perii-si-piepteni-caini","16":"first","17":"instock","18":"shipping-taxable","19":"purchasable","20":"product-type-simple"},"_links":{"self":[{"href":"https:\/\/faberpet.ro\/stage\/wp-json\/wp\/v2\/product\/4913","targetHints":{"allow":["GET"]}}],"collection":[{"href":"https:\/\/faberpet.ro\/stage\/wp-json\/wp\/v2\/product"}],"about":[{"href":"https:\/\/faberpet.ro\/stage\/wp-json\/wp\/v2\/types\/product"}],"wp:featuredmedia":[{"embeddable":true,"href":"https:\/\/faberpet.ro\/stage\/wp-json\/wp\/v2\/media\/9925"}],"wp:attachment":[{"href":"https:\/\/faberpet.ro\/stage\/wp-json\/wp\/v2\/media?parent=4913"}],"wp:term":[{"taxonomy":"product_brand","embeddable":true,"href":"https:\/\/faberpet.ro\/stage\/wp-json\/wp\/v2\/product_brand?post=4913"},{"taxonomy":"product_cat","embeddable":true,"href":"https:\/\/faberpet.ro\/stage\/wp-json\/wp\/v2\/product_cat?post=4913"},{"taxonomy":"product_tag","embeddable":true,"href":"https:\/\/faberpet.ro\/stage\/wp-json\/wp\/v2\/product_tag?post=4913"}],"curies":[{"name":"wp","href":"https:\/\/api.w.org\/{rel}","templated":true}]}}