{"id":4920,"date":"2024-10-21T20:33:43","date_gmt":"2024-10-21T17:33:43","guid":{"rendered":"https:\/\/faberpet.ro\/stage\/produs\/perie-tesala-cu-cap-detasabil-5-cm\/"},"modified":"2025-08-04T08:27:15","modified_gmt":"2025-08-04T06:27:15","slug":"perie-tesala-cu-cap-detasabil-5-cm","status":"publish","type":"product","link":"https:\/\/faberpet.ro\/stage\/produs\/perie-tesala-cu-cap-detasabil-5-cm\/","title":{"rendered":"Perie-Tesala cu cap detasabil 5 cm"},"content":{"rendered":"<p>Este o perie p\u0103r care reduce c\u0103derea p\u0103rului p\u00e2n\u0103 la 90%. Ajut\u0103 la prevenirea form\u0103rii ghemotoacelor de p\u0103r ce le pot pune via\u021ba \u00een pericol. Ajut\u0103 la producerea de sebum natural al pielii, conduc\u00e2nd la o piele s\u0103n\u0103toas\u0103 \u0219i o blan\u0103 str\u0103lucitoare. Prin reducerea substan\u021bial\u0103 a c\u0103derii p\u0103rului se reduce frecven\u021ba factorilor alergogeni ce cauzeaz\u0103 reac\u021bii alergice asupra multor persoane. este prev\u0103zut\u0103 cu un m\u00e2ner ergonomic anti- alunecare, confortabil pentru aderen\u021b\u0103 maxim\u0103. Cur\u0103\u021bare u\u0219oar\u0103 a periei cu ajutorul butonului cu care este prevazut\u0103, ce cur\u0103\u021b\u0103 \u0219i elimin\u0103 murd\u0103ria \u0219i p\u0103rul r\u0103mas \u00een lam\u0103. Cap deta\u0219abil. L\u0103\u021bimea lamei &#8211; 5 cm. Lungimea pieptenei &#8211; 14, 5 cm Indicat\u0103 pentru c\u00e2ini \u0219i pisici cu p\u0103rul lung mai mare de 5 cm.<\/p>\n","protected":false},"excerpt":{"rendered":"<p>Este o perie p\u0103r care reduce c\u0103derea p\u0103rului p\u00e2n\u0103 la 90%. Ajut\u0103 la prevenirea form\u0103rii ghemotoacelor de p\u0103r ce le pot pune via\u021ba \u00een pericol. Ajut\u0103 la producerea de sebum natural al pielii, conduc\u00e2nd la o piele s\u0103n\u0103toas\u0103 \u0219i o blan\u0103 str\u0103lucitoare. Prin reducerea substan\u021bial\u0103 a c\u0103derii p\u0103rului se reduce frecven\u021ba factorilor alergogeni ce cauzeaz\u0103 [&hellip;]<\/p>\n","protected":false},"featured_media":9932,"template":"","meta":[],"product_brand":[],"product_cat":[168,1837,1679,1672,1674,171],"product_tag":[1836,1835,1834],"class_list":{"0":"post-4920","1":"product","2":"type-product","3":"status-publish","4":"has-post-thumbnail","6":"product_cat-caini","7":"product_cat-perie-tesala","8":"product_cat-perii-pisici","9":"product_cat-perii-si-piepteni","10":"product_cat-perii-si-piepteni-pisici","11":"product_cat-pisici","12":"product_tag-furminator-caini","13":"product_tag-perie-tesala-caini","14":"product_tag-perie-tesala-pisici","16":"first","17":"instock","18":"shipping-taxable","19":"purchasable","20":"product-type-simple"},"_links":{"self":[{"href":"https:\/\/faberpet.ro\/stage\/wp-json\/wp\/v2\/product\/4920","targetHints":{"allow":["GET"]}}],"collection":[{"href":"https:\/\/faberpet.ro\/stage\/wp-json\/wp\/v2\/product"}],"about":[{"href":"https:\/\/faberpet.ro\/stage\/wp-json\/wp\/v2\/types\/product"}],"wp:featuredmedia":[{"embeddable":true,"href":"https:\/\/faberpet.ro\/stage\/wp-json\/wp\/v2\/media\/9932"}],"wp:attachment":[{"href":"https:\/\/faberpet.ro\/stage\/wp-json\/wp\/v2\/media?parent=4920"}],"wp:term":[{"taxonomy":"product_brand","embeddable":true,"href":"https:\/\/faberpet.ro\/stage\/wp-json\/wp\/v2\/product_brand?post=4920"},{"taxonomy":"product_cat","embeddable":true,"href":"https:\/\/faberpet.ro\/stage\/wp-json\/wp\/v2\/product_cat?post=4920"},{"taxonomy":"product_tag","embeddable":true,"href":"https:\/\/faberpet.ro\/stage\/wp-json\/wp\/v2\/product_tag?post=4920"}],"curies":[{"name":"wp","href":"https:\/\/api.w.org\/{rel}","templated":true}]}}