{"id":4924,"date":"2024-10-21T20:33:44","date_gmt":"2024-10-21T17:33:44","guid":{"rendered":"https:\/\/faberpet.ro\/stage\/produs\/perie-tesala-rotativa-pentru-caini-si-pisici-85-cm\/"},"modified":"2025-08-04T08:28:29","modified_gmt":"2025-08-04T06:28:29","slug":"perie-tesala-rotativa-pentru-caini-si-pisici-85-cm","status":"publish","type":"product","link":"https:\/\/faberpet.ro\/stage\/produs\/perie-tesala-rotativa-pentru-caini-si-pisici-85-cm\/","title":{"rendered":"Perie-Tesala rotativa pentru caini si pisici 8,5 cm"},"content":{"rendered":"<p>Este o perie \u00eembun\u0103t\u0103\u021bit\u0103 2 \u00een 1. O parte piept\u0103n\u0103 perfect p\u0103rul, iar cealalt\u0103 adun\u0103 stratul vechi. Accesoriu practic pentru fiecare iubitor de c\u00e2ini. Datorit\u0103 m\u00e2nerului ergonomic cauciucat se potrive\u0219te \u00een fiecare m\u00e2n\u0103. Capul rotativ practic permite animalului de companie s\u0103 pieptene mai \u00eent\u00e2i \u0219i apoi s\u0103 str\u00e2ng\u0103 p\u0103rul! Pentru \u00eentre\u021binerea p\u0103rului recomand\u0103m s\u0103 se foloseasc\u0103 \u00een mod regulat. Utiliza\u021bi \u00eentotdeauna \u00een direc\u021bia de cre\u0219tere a p\u0103rului. L\u0103\u021bimea lamei &#8211; 8, 5 cm. Lungimea pieptenei &#8211; 16 cm. Ghid de utilizare perie:Asigura\u021bi- v\u0103 c\u0103 blana c\u00e2inelui \u0219i pisicului Dvs. este complet uscat\u0103. Peria\u021bi \u00eencet animalul Dvs. \u00een sensul cre\u0219terii p\u0103rului. Face\u021bi mi\u0219c\u0103ri lungi \u0219i suple \u0219i evita\u021bi s\u0103 trece\u021bi de mai multe ori \u00een acela\u0219i loc. La periere acorda\u021bi o deosebit\u0103 aten\u021bie zonelor mai sensibile ale animalului Dvs. (burta, labe, p\u0103rti genitale, anus). O periere prea ap\u0103sat\u0103 sau repetat\u0103 poate irita pielea. Dac\u0103 remarca\u021bi o iritare sau \u00eenro\u0219ire a pielii \u00eenceta\u021bi imediat s\u0103 folosi\u021bi peria. Evita\u021bi s\u0103 v\u0103 sprijini\u021bi pe animal atunci c\u00e2nd \u00eel piept\u0103na\u021bi.<\/p>\n","protected":false},"excerpt":{"rendered":"<p>Este o perie \u00eembun\u0103t\u0103\u021bit\u0103 2 \u00een 1. O parte piept\u0103n\u0103 perfect p\u0103rul, iar cealalt\u0103 adun\u0103 stratul vechi. Accesoriu practic pentru fiecare iubitor de c\u00e2ini. Datorit\u0103 m\u00e2nerului ergonomic cauciucat se potrive\u0219te \u00een fiecare m\u00e2n\u0103. Capul rotativ practic permite animalului de companie s\u0103 pieptene mai \u00eent\u00e2i \u0219i apoi s\u0103 str\u00e2ng\u0103 p\u0103rul! Pentru \u00eentre\u021binerea p\u0103rului recomand\u0103m s\u0103 se [&hellip;]<\/p>\n","protected":false},"featured_media":9936,"template":"","meta":[],"product_brand":[],"product_cat":[168,1837,1679,1672,1674,171],"product_tag":[1836,1835,1834],"class_list":{"0":"post-4924","1":"product","2":"type-product","3":"status-publish","4":"has-post-thumbnail","6":"product_cat-caini","7":"product_cat-perie-tesala","8":"product_cat-perii-pisici","9":"product_cat-perii-si-piepteni","10":"product_cat-perii-si-piepteni-pisici","11":"product_cat-pisici","12":"product_tag-furminator-caini","13":"product_tag-perie-tesala-caini","14":"product_tag-perie-tesala-pisici","16":"first","17":"instock","18":"shipping-taxable","19":"purchasable","20":"product-type-simple"},"_links":{"self":[{"href":"https:\/\/faberpet.ro\/stage\/wp-json\/wp\/v2\/product\/4924","targetHints":{"allow":["GET"]}}],"collection":[{"href":"https:\/\/faberpet.ro\/stage\/wp-json\/wp\/v2\/product"}],"about":[{"href":"https:\/\/faberpet.ro\/stage\/wp-json\/wp\/v2\/types\/product"}],"wp:featuredmedia":[{"embeddable":true,"href":"https:\/\/faberpet.ro\/stage\/wp-json\/wp\/v2\/media\/9936"}],"wp:attachment":[{"href":"https:\/\/faberpet.ro\/stage\/wp-json\/wp\/v2\/media?parent=4924"}],"wp:term":[{"taxonomy":"product_brand","embeddable":true,"href":"https:\/\/faberpet.ro\/stage\/wp-json\/wp\/v2\/product_brand?post=4924"},{"taxonomy":"product_cat","embeddable":true,"href":"https:\/\/faberpet.ro\/stage\/wp-json\/wp\/v2\/product_cat?post=4924"},{"taxonomy":"product_tag","embeddable":true,"href":"https:\/\/faberpet.ro\/stage\/wp-json\/wp\/v2\/product_tag?post=4924"}],"curies":[{"name":"wp","href":"https:\/\/api.w.org\/{rel}","templated":true}]}}