{"id":4925,"date":"2024-10-21T20:33:44","date_gmt":"2024-10-21T17:33:44","guid":{"rendered":"https:\/\/faberpet.ro\/stage\/produs\/masina-de-tuns-pt-animale-de-companie-sn-8202\/"},"modified":"2025-08-04T08:28:41","modified_gmt":"2025-08-04T06:28:41","slug":"masina-de-tuns-pt-animale-de-companie-sn-8202","status":"publish","type":"product","link":"https:\/\/faberpet.ro\/stage\/produs\/masina-de-tuns-pt-animale-de-companie-sn-8202\/","title":{"rendered":"Masina de tuns pt animale de companie SN-8202"},"content":{"rendered":"<p>Este conceput\u0103 pentru a tunde c\u00e2ini de talie mare, medie \u0219i mic\u0103. Tunde cu u\u0219urin\u021b\u0103 animalele de companie \u0219i este dotat\u0103 cu toate accesoriile de care ave\u021bi nevoie. Pentru mobilitate sporit\u0103, ma\u0219ina func\u021bioneaz\u0103 pe acumulatori \u0219i nu depinde de sursa de curent. Reinc\u0103rcarea se face \u00een 8 ore \u0219i ofer\u0103 o func\u021bionare continu\u0103, timp de 50 de minute. Specifica\u021bii:Motor intern rotativ, 7WButon practic On\/Off;4 capete (8, 12, 16, 20 mm)Carcas\u0103 din plastic durabil, de o calitate deosebit\u0103;Alimentare la priza 220V &#8211; 50Hz;Lungime reglabil\u0103 din slider- ul de pe aparat;Lungime aparat 15 cm;Pachetul con\u021bine:Aparatul de tuns animale;4 capete (8, 12, 16, 20 mm);Cutie pentru pastrare;Ulei pentru uns;Periu\u021ba pentru cur\u0103\u021bat;\u00eenc\u0103rc\u0103tor re\u021bea 220V.<\/p>\n","protected":false},"excerpt":{"rendered":"<p>Este conceput\u0103 pentru a tunde c\u00e2ini de talie mare, medie \u0219i mic\u0103. Tunde cu u\u0219urin\u021b\u0103 animalele de companie \u0219i este dotat\u0103 cu toate accesoriile de care ave\u021bi nevoie. Pentru mobilitate sporit\u0103, ma\u0219ina func\u021bioneaz\u0103 pe acumulatori \u0219i nu depinde de sursa de curent. Reinc\u0103rcarea se face \u00een 8 ore \u0219i ofer\u0103 o func\u021bionare continu\u0103, timp de [&hellip;]<\/p>\n","protected":false},"featured_media":9938,"template":"","meta":[],"product_brand":[],"product_cat":[168,1745,1746,1674,1672,171],"product_tag":[165,1838,1839],"class_list":{"0":"post-4925","1":"product","2":"type-product","3":"status-publish","4":"has-post-thumbnail","6":"product_cat-caini","7":"product_cat-cleste-unghii","8":"product_cat-cleste-unghii-perii-si-piepteni-pisici","9":"product_cat-perii-si-piepteni-pisici","10":"product_cat-perii-si-piepteni","11":"product_cat-pisici","12":"product_tag-ingrijire-animale","13":"product_tag-masina-de-tuns","14":"product_tag-pentru-tuns-animale","16":"first","17":"instock","18":"shipping-taxable","19":"purchasable","20":"product-type-simple"},"_links":{"self":[{"href":"https:\/\/faberpet.ro\/stage\/wp-json\/wp\/v2\/product\/4925","targetHints":{"allow":["GET"]}}],"collection":[{"href":"https:\/\/faberpet.ro\/stage\/wp-json\/wp\/v2\/product"}],"about":[{"href":"https:\/\/faberpet.ro\/stage\/wp-json\/wp\/v2\/types\/product"}],"wp:featuredmedia":[{"embeddable":true,"href":"https:\/\/faberpet.ro\/stage\/wp-json\/wp\/v2\/media\/9938"}],"wp:attachment":[{"href":"https:\/\/faberpet.ro\/stage\/wp-json\/wp\/v2\/media?parent=4925"}],"wp:term":[{"taxonomy":"product_brand","embeddable":true,"href":"https:\/\/faberpet.ro\/stage\/wp-json\/wp\/v2\/product_brand?post=4925"},{"taxonomy":"product_cat","embeddable":true,"href":"https:\/\/faberpet.ro\/stage\/wp-json\/wp\/v2\/product_cat?post=4925"},{"taxonomy":"product_tag","embeddable":true,"href":"https:\/\/faberpet.ro\/stage\/wp-json\/wp\/v2\/product_tag?post=4925"}],"curies":[{"name":"wp","href":"https:\/\/api.w.org\/{rel}","templated":true}]}}