{"id":4926,"date":"2024-10-21T20:33:44","date_gmt":"2024-10-21T17:33:44","guid":{"rendered":"https:\/\/faberpet.ro\/stage\/produs\/foarfeca-caini-pisici-simplu-pentru-tuns-16-cm\/"},"modified":"2025-08-04T08:29:26","modified_gmt":"2025-08-04T06:29:26","slug":"foarfeca-caini-pisici-simplu-pentru-tuns-16-cm","status":"publish","type":"product","link":"https:\/\/faberpet.ro\/stage\/produs\/foarfeca-caini-pisici-simplu-pentru-tuns-16-cm\/","title":{"rendered":"Foarfeci cu tais pieptene pentru tuns 16 cm"},"content":{"rendered":"<p>Foarfec\u0103 de tuns c\u0103ini \u0219i pisici din lame de inox, m\u00e2ner ergonomic anti- alunecare, design special conceput pentru evitarea producerii de leziuni \u00een zonele greu accesibile, protec\u021bie maxim\u0103. Recomandate pentru \u00eendep\u0103rtarea nodurilor din zonele sensibile sau tunderea bl\u0103nii din zona ochilor, gurii, pernu\u021be labe, etc. Dimensiuni: 16 cm<\/p>\n","protected":false},"excerpt":{"rendered":"<p>Foarfec\u0103 de tuns c\u0103ini \u0219i pisici din lame de inox, m\u00e2ner ergonomic anti- alunecare, design special conceput pentru evitarea producerii de leziuni \u00een zonele greu accesibile, protec\u021bie maxim\u0103. Recomandate pentru \u00eendep\u0103rtarea nodurilor din zonele sensibile sau tunderea bl\u0103nii din zona ochilor, gurii, pernu\u021be labe, etc. Dimensiuni: 16 cm<\/p>\n","protected":false},"featured_media":9941,"template":"","meta":[],"product_brand":[],"product_cat":[168,1746,1674,1672,171],"product_tag":[1841,1840,1842],"class_list":{"0":"post-4926","1":"product","2":"type-product","3":"status-publish","4":"has-post-thumbnail","6":"product_cat-caini","7":"product_cat-cleste-unghii-perii-si-piepteni-pisici","8":"product_cat-perii-si-piepteni-pisici","9":"product_cat-perii-si-piepteni","10":"product_cat-pisici","11":"product_tag-foarfeca-pentru-tuns","12":"product_tag-foarfeci-caini-pisici","13":"product_tag-tuns","15":"first","16":"instock","17":"shipping-taxable","18":"purchasable","19":"product-type-simple"},"_links":{"self":[{"href":"https:\/\/faberpet.ro\/stage\/wp-json\/wp\/v2\/product\/4926","targetHints":{"allow":["GET"]}}],"collection":[{"href":"https:\/\/faberpet.ro\/stage\/wp-json\/wp\/v2\/product"}],"about":[{"href":"https:\/\/faberpet.ro\/stage\/wp-json\/wp\/v2\/types\/product"}],"wp:featuredmedia":[{"embeddable":true,"href":"https:\/\/faberpet.ro\/stage\/wp-json\/wp\/v2\/media\/9941"}],"wp:attachment":[{"href":"https:\/\/faberpet.ro\/stage\/wp-json\/wp\/v2\/media?parent=4926"}],"wp:term":[{"taxonomy":"product_brand","embeddable":true,"href":"https:\/\/faberpet.ro\/stage\/wp-json\/wp\/v2\/product_brand?post=4926"},{"taxonomy":"product_cat","embeddable":true,"href":"https:\/\/faberpet.ro\/stage\/wp-json\/wp\/v2\/product_cat?post=4926"},{"taxonomy":"product_tag","embeddable":true,"href":"https:\/\/faberpet.ro\/stage\/wp-json\/wp\/v2\/product_tag?post=4926"}],"curies":[{"name":"wp","href":"https:\/\/api.w.org\/{rel}","templated":true}]}}