{"id":4936,"date":"2024-10-21T20:33:45","date_gmt":"2024-10-21T17:33:45","guid":{"rendered":"https:\/\/faberpet.ro\/stage\/produs\/lesa-lant-metalic-4-mm-x-180-cm\/"},"modified":"2025-08-04T07:22:23","modified_gmt":"2025-08-04T05:22:23","slug":"lesa-lant-metalic-4-mm-x-180-cm","status":"publish","type":"product","link":"https:\/\/faberpet.ro\/stage\/produs\/lesa-lant-metalic-4-mm-x-180-cm\/","title":{"rendered":"Lesa lant metalic 4 mm x 180 cm"},"content":{"rendered":"<p>Acest tip de les\u0103 este recomandat\u0103 ca o alternativ\u0103 a celei din nylon, \u00een cazul c\u00e2inilor care obi\u0219nuiesc s\u0103 road\u0103. Potrivit\u0103 oric\u0103rui c\u00e2ine datorit\u0103 rezisten\u021bei materialului \u0219i variet\u0103\u021bii de dimensiuni. Chiar dac\u0103 grosimea zalelor este variabil\u0103 \u0219i teoretic, lesa poate fi folosit\u0103 pentru orice exemplar, indiferent de talia acestuia, \u00eencerca\u021bi s\u0103 evita\u021bi folosirea ei pentru c\u00e2ini sub 10 kg. este o solu\u021bie simpl\u0103 \u0219i eficient\u0103 de control. Permite men\u021binerea \u00een siguran\u021b\u0103 a puilor animale sau s\u0103 sperie copiii \u0219i alte persoane aflate \u00een vecin\u0103tate. Nu se r\u0103suce\u0219te fiind prev\u0103zut\u0103 cu carabinier\u0103 cu v\u00e2rtej. Confort \u00een timpul plimb\u0103rii cu ajutorul m\u00e2nerului din textil c\u0103ptu\u0219it rezistent. 4 mm x 180 cm<\/p>\n","protected":false},"excerpt":{"rendered":"<p>Acest tip de les\u0103 este recomandat\u0103 ca o alternativ\u0103 a celei din nylon, \u00een cazul c\u00e2inilor care obi\u0219nuiesc s\u0103 road\u0103. Potrivit\u0103 oric\u0103rui c\u00e2ine datorit\u0103 rezisten\u021bei materialului \u0219i variet\u0103\u021bii de dimensiuni. Chiar dac\u0103 grosimea zalelor este variabil\u0103 \u0219i teoretic, lesa poate fi folosit\u0103 pentru orice exemplar, indiferent de talia acestuia, \u00eencerca\u021bi s\u0103 evita\u021bi folosirea ei pentru [&hellip;]<\/p>\n","protected":false},"featured_media":9943,"template":"","meta":[],"product_brand":[],"product_cat":[168,935,1844],"product_tag":[1848,1850,870],"class_list":{"0":"post-4936","1":"product","2":"type-product","3":"status-publish","4":"has-post-thumbnail","6":"product_cat-caini","7":"product_cat-lese","8":"product_cat-lese-lant","9":"product_tag-lesa-lant-metalic","10":"product_tag-lesa-pt-caini","11":"product_tag-lesa-retractabila","13":"first","14":"instock","15":"shipping-taxable","16":"purchasable","17":"product-type-simple"},"_links":{"self":[{"href":"https:\/\/faberpet.ro\/stage\/wp-json\/wp\/v2\/product\/4936","targetHints":{"allow":["GET"]}}],"collection":[{"href":"https:\/\/faberpet.ro\/stage\/wp-json\/wp\/v2\/product"}],"about":[{"href":"https:\/\/faberpet.ro\/stage\/wp-json\/wp\/v2\/types\/product"}],"wp:featuredmedia":[{"embeddable":true,"href":"https:\/\/faberpet.ro\/stage\/wp-json\/wp\/v2\/media\/9943"}],"wp:attachment":[{"href":"https:\/\/faberpet.ro\/stage\/wp-json\/wp\/v2\/media?parent=4936"}],"wp:term":[{"taxonomy":"product_brand","embeddable":true,"href":"https:\/\/faberpet.ro\/stage\/wp-json\/wp\/v2\/product_brand?post=4936"},{"taxonomy":"product_cat","embeddable":true,"href":"https:\/\/faberpet.ro\/stage\/wp-json\/wp\/v2\/product_cat?post=4936"},{"taxonomy":"product_tag","embeddable":true,"href":"https:\/\/faberpet.ro\/stage\/wp-json\/wp\/v2\/product_tag?post=4936"}],"curies":[{"name":"wp","href":"https:\/\/api.w.org\/{rel}","templated":true}]}}