{"id":4942,"date":"2024-10-21T20:33:46","date_gmt":"2024-10-21T17:33:46","guid":{"rendered":"https:\/\/faberpet.ro\/stage\/produs\/zgarda-strangulanta-cu-zale-slefuite-2x400-mm\/"},"modified":"2025-08-04T07:23:39","modified_gmt":"2025-08-04T05:23:39","slug":"zgarda-strangulanta-cu-zale-slefuite-2x400-mm","status":"publish","type":"product","link":"https:\/\/faberpet.ro\/stage\/produs\/zgarda-strangulanta-cu-zale-slefuite-2x400-mm\/","title":{"rendered":"Zgarda strangulanta cu zale slefuite 2&#215;400 mm"},"content":{"rendered":"<p>Zgarda \u0219trangulant\u0103 este folosit \u00een dresajul canin sau corectarea problemelor de comportamente. este utilizat \u00een special pentru c\u00e2inii de talie mic\u0103 \u0219i medie \u0219i \u00eei \u00eempedic\u0103 pe ace\u0219tia s\u0103 trag\u0103 \u00een les\u0103 \u0219i \u00eei for\u021beaz\u0103 s\u0103 mearg\u0103 la picior, compens\u00e2nd sau supliment\u00e2nd un dresaj corect \u00een acest scop. Poate fi dimensionat\u0103 \u00een func\u021bie de dimensiunea g\u00e2tului c\u00e2inelui. Nu tocesc p\u0103rul din jurul g\u00e2tului, \u00een cazul raselor cu p\u0103r lung sau semilung, ca zg\u0103rzile din piele. Confec\u021bionat\u0103 din o\u021bel inoxidabil. Lungime: 40 cm Grosime za: 2 mm<\/p>\n","protected":false},"excerpt":{"rendered":"<p>Zgarda \u0219trangulant\u0103 este folosit \u00een dresajul canin sau corectarea problemelor de comportamente. este utilizat \u00een special pentru c\u00e2inii de talie mic\u0103 \u0219i medie \u0219i \u00eei \u00eempedic\u0103 pe ace\u0219tia s\u0103 trag\u0103 \u00een les\u0103 \u0219i \u00eei for\u021beaz\u0103 s\u0103 mearg\u0103 la picior, compens\u00e2nd sau supliment\u00e2nd un dresaj corect \u00een acest scop. Poate fi dimensionat\u0103 \u00een func\u021bie de dimensiunea [&hellip;]<\/p>\n","protected":false},"featured_media":9951,"template":"","meta":[],"product_brand":[],"product_cat":[168,1855,1854],"product_tag":[922,1861,1860],"class_list":{"0":"post-4942","1":"product","2":"type-product","3":"status-publish","4":"has-post-thumbnail","6":"product_cat-caini","7":"product_cat-zgarzi-metalice","8":"product_cat-zgarzi-si-curele","9":"product_tag-strangulanta","10":"product_tag-zgarda-pentru-dresaj","11":"product_tag-zgarda-slefuita","13":"first","14":"instock","15":"shipping-taxable","16":"purchasable","17":"product-type-simple"},"_links":{"self":[{"href":"https:\/\/faberpet.ro\/stage\/wp-json\/wp\/v2\/product\/4942","targetHints":{"allow":["GET"]}}],"collection":[{"href":"https:\/\/faberpet.ro\/stage\/wp-json\/wp\/v2\/product"}],"about":[{"href":"https:\/\/faberpet.ro\/stage\/wp-json\/wp\/v2\/types\/product"}],"wp:featuredmedia":[{"embeddable":true,"href":"https:\/\/faberpet.ro\/stage\/wp-json\/wp\/v2\/media\/9951"}],"wp:attachment":[{"href":"https:\/\/faberpet.ro\/stage\/wp-json\/wp\/v2\/media?parent=4942"}],"wp:term":[{"taxonomy":"product_brand","embeddable":true,"href":"https:\/\/faberpet.ro\/stage\/wp-json\/wp\/v2\/product_brand?post=4942"},{"taxonomy":"product_cat","embeddable":true,"href":"https:\/\/faberpet.ro\/stage\/wp-json\/wp\/v2\/product_cat?post=4942"},{"taxonomy":"product_tag","embeddable":true,"href":"https:\/\/faberpet.ro\/stage\/wp-json\/wp\/v2\/product_tag?post=4942"}],"curies":[{"name":"wp","href":"https:\/\/api.w.org\/{rel}","templated":true}]}}