{"id":4957,"date":"2024-10-21T20:33:49","date_gmt":"2024-10-21T17:33:49","guid":{"rendered":"https:\/\/faberpet.ro\/stage\/produs\/zgarda-strangulanta-cu-zale-lungi-4x700-750-mm\/"},"modified":"2025-08-04T07:27:25","modified_gmt":"2025-08-04T05:27:25","slug":"zgarda-strangulanta-cu-zale-lungi-4x700-750-mm","status":"publish","type":"product","link":"https:\/\/faberpet.ro\/stage\/produs\/zgarda-strangulanta-cu-zale-lungi-4x700-750-mm\/","title":{"rendered":"Zgarda strangulanta cu zale lungi 4x(700-750) mm"},"content":{"rendered":"<p>Zgarda de for\u021b\u0103 este folosit \u00een dresajul canin sau corectarea problemelor de comportamente. este utilizat \u00een special pentru c\u00e2inii de talie medie \u0219i mare \u0219i \u00eei \u00eempiedic\u0103 pe ace\u0219tia s\u0103 trag\u0103 \u00een les\u0103 \u0219i \u00eei for\u021beaz\u0103 s\u0103 mearg\u0103 la picior, compens\u00e2nd sau supliment\u00e2nd un dresaj corect \u00een acest scop. Poate fi dimensionat\u0103 \u00een func\u021bie de dimensiunea g\u00e2tului c\u00e2inelui. Nu tocesc p\u0103rul din jurul g\u00e2tului, \u00een cazul raselor cu p\u0103r lung sau semi- lung, ca zg\u0103rzile din piele. Confec\u021bionat\u0103 din o\u021bel inoxidabil. Lungime: 75 cm. Grosime za: 4 mm.<\/p>\n","protected":false},"excerpt":{"rendered":"<p>Zgarda de for\u021b\u0103 este folosit \u00een dresajul canin sau corectarea problemelor de comportamente. este utilizat \u00een special pentru c\u00e2inii de talie medie \u0219i mare \u0219i \u00eei \u00eempiedic\u0103 pe ace\u0219tia s\u0103 trag\u0103 \u00een les\u0103 \u0219i \u00eei for\u021beaz\u0103 s\u0103 mearg\u0103 la picior, compens\u00e2nd sau supliment\u00e2nd un dresaj corect \u00een acest scop. Poate fi dimensionat\u0103 \u00een func\u021bie de [&hellip;]<\/p>\n","protected":false},"featured_media":9969,"template":"","meta":[],"product_brand":[],"product_cat":[168,1855,1854],"product_tag":[1881,1856,928],"class_list":{"0":"post-4957","1":"product","2":"type-product","3":"status-publish","4":"has-post-thumbnail","6":"product_cat-caini","7":"product_cat-zgarzi-metalice","8":"product_cat-zgarzi-si-curele","9":"product_tag-zgarda-dresaj-caini","10":"product_tag-zgarda-pentru-caini","11":"product_tag-zgarda-strangulanta","13":"first","14":"instock","15":"shipping-taxable","16":"purchasable","17":"product-type-simple"},"_links":{"self":[{"href":"https:\/\/faberpet.ro\/stage\/wp-json\/wp\/v2\/product\/4957","targetHints":{"allow":["GET"]}}],"collection":[{"href":"https:\/\/faberpet.ro\/stage\/wp-json\/wp\/v2\/product"}],"about":[{"href":"https:\/\/faberpet.ro\/stage\/wp-json\/wp\/v2\/types\/product"}],"wp:featuredmedia":[{"embeddable":true,"href":"https:\/\/faberpet.ro\/stage\/wp-json\/wp\/v2\/media\/9969"}],"wp:attachment":[{"href":"https:\/\/faberpet.ro\/stage\/wp-json\/wp\/v2\/media?parent=4957"}],"wp:term":[{"taxonomy":"product_brand","embeddable":true,"href":"https:\/\/faberpet.ro\/stage\/wp-json\/wp\/v2\/product_brand?post=4957"},{"taxonomy":"product_cat","embeddable":true,"href":"https:\/\/faberpet.ro\/stage\/wp-json\/wp\/v2\/product_cat?post=4957"},{"taxonomy":"product_tag","embeddable":true,"href":"https:\/\/faberpet.ro\/stage\/wp-json\/wp\/v2\/product_tag?post=4957"}],"curies":[{"name":"wp","href":"https:\/\/api.w.org\/{rel}","templated":true}]}}