{"id":4959,"date":"2024-10-21T20:33:49","date_gmt":"2024-10-21T17:33:49","guid":{"rendered":"https:\/\/faberpet.ro\/stage\/produs\/zgarda-strangulanta-cu-placuta-2x500-mm\/"},"modified":"2025-08-04T07:27:39","modified_gmt":"2025-08-04T05:27:39","slug":"zgarda-strangulanta-cu-placuta-2x500-mm","status":"publish","type":"product","link":"https:\/\/faberpet.ro\/stage\/produs\/zgarda-strangulanta-cu-placuta-2x500-mm\/","title":{"rendered":"Zgarda strangulanta cu placuta 2&#215;500 mm"},"content":{"rendered":"<p>Zgarda \u0219trangulant\u0103 este folosit \u00een dresajul canin sau corectarea problemelor de comportamente. Lan\u021bul are integrat\u0103 \u00een mijloc o pl\u0103cu\u021b\u0103 special\u0103 pe care pute\u021bi s\u0103 le personaliza\u021bi. Prin folosirea metalului de cea mai bun\u0103 calitate aceste produse nu se deformeaz\u0103 \u0219i nu se rup \u00een condi\u021bii normale de utilizare. Poate fi dimensionat\u0103 \u00een func\u021bie de dimensiunea g\u00e2tului c\u00e2inelui. Nu tocesc p\u0103rul din jurul g\u00e2tului, \u00een cazul raselor cu p\u0103r lung sau semilung, ca zg\u0103rzile din piele. Confec\u021bionat\u0103 din o\u021bel inoxidabil. Lungime: 50 cm Grosime fir: 2 mm<\/p>\n","protected":false},"excerpt":{"rendered":"<p>Zgarda \u0219trangulant\u0103 este folosit \u00een dresajul canin sau corectarea problemelor de comportamente. Lan\u021bul are integrat\u0103 \u00een mijloc o pl\u0103cu\u021b\u0103 special\u0103 pe care pute\u021bi s\u0103 le personaliza\u021bi. Prin folosirea metalului de cea mai bun\u0103 calitate aceste produse nu se deformeaz\u0103 \u0219i nu se rup \u00een condi\u021bii normale de utilizare. Poate fi dimensionat\u0103 \u00een func\u021bie de dimensiunea [&hellip;]<\/p>\n","protected":false},"featured_media":9972,"template":"","meta":[],"product_brand":[],"product_cat":[168,1855,1854],"product_tag":[1885,1886,1884],"class_list":{"0":"post-4959","1":"product","2":"type-product","3":"status-publish","4":"has-post-thumbnail","6":"product_cat-caini","7":"product_cat-zgarzi-metalice","8":"product_cat-zgarzi-si-curele","9":"product_tag-accesorii-zgarzi","10":"product_tag-zgarda-caini-lant","11":"product_tag-zgarda-pentru-caini-de-forta","13":"first","14":"instock","15":"shipping-taxable","16":"purchasable","17":"product-type-simple"},"_links":{"self":[{"href":"https:\/\/faberpet.ro\/stage\/wp-json\/wp\/v2\/product\/4959","targetHints":{"allow":["GET"]}}],"collection":[{"href":"https:\/\/faberpet.ro\/stage\/wp-json\/wp\/v2\/product"}],"about":[{"href":"https:\/\/faberpet.ro\/stage\/wp-json\/wp\/v2\/types\/product"}],"wp:featuredmedia":[{"embeddable":true,"href":"https:\/\/faberpet.ro\/stage\/wp-json\/wp\/v2\/media\/9972"}],"wp:attachment":[{"href":"https:\/\/faberpet.ro\/stage\/wp-json\/wp\/v2\/media?parent=4959"}],"wp:term":[{"taxonomy":"product_brand","embeddable":true,"href":"https:\/\/faberpet.ro\/stage\/wp-json\/wp\/v2\/product_brand?post=4959"},{"taxonomy":"product_cat","embeddable":true,"href":"https:\/\/faberpet.ro\/stage\/wp-json\/wp\/v2\/product_cat?post=4959"},{"taxonomy":"product_tag","embeddable":true,"href":"https:\/\/faberpet.ro\/stage\/wp-json\/wp\/v2\/product_tag?post=4959"}],"curies":[{"name":"wp","href":"https:\/\/api.w.org\/{rel}","templated":true}]}}