{"id":4979,"date":"2024-10-21T20:33:51","date_gmt":"2024-10-21T17:33:51","guid":{"rendered":"https:\/\/faberpet.ro\/stage\/produs\/zgarda-strangulanta-metalica-cu-zale-patrate-3x600-mm\/"},"modified":"2025-08-04T07:32:16","modified_gmt":"2025-08-04T05:32:16","slug":"zgarda-strangulanta-metalica-cu-zale-patrate-3x600-mm","status":"publish","type":"product","link":"https:\/\/faberpet.ro\/stage\/produs\/zgarda-strangulanta-metalica-cu-zale-patrate-3x600-mm\/","title":{"rendered":"Zgarda strangulanta metalica cu zale patrate 3x(480-580) mm"},"content":{"rendered":"<p>Zgarda \u0219trangulant\u0103 este folosit \u00een dresajul canin sau corectarea problemelor de comportamente. este utilizat \u00een special pentru c\u00e2inii de talie mare \u0219i \u00eei \u00eempediec\u0103 pe ace\u0219tia s\u0103 trag\u0103 \u00een les\u0103 \u0219i \u00eei for\u021beaz\u0103 s\u0103 mearg\u0103 la picior, compens\u00e2nd sau supliment\u00e2nd un dresaj corect \u00een acest scop. Poate fi dimensionat\u0103 \u00een func\u021bie de dimensiunea g\u00e2tului c\u00e2inelui. Confec\u021bionat\u0103 din o\u021bel inoxidabil. Prev\u0103zut\u0103 cu lan\u021b culisant. 3 mm x 60 cm C\u00e2nd alege\u021bi o zgard\u0103 \u0219trangulant\u0103 m\u0103sura\u021bi circumferin\u021ba g\u00e2tului (imediat \u00een spatele urechilor) c\u0103\u021belului iar la aceasta dimensiunie mai adauga\u021bi 5 cm, determin\u00e2nd astfel lungimea zg\u0103rzii care trebuie cump\u0103rat\u0103.<\/p>\n","protected":false},"excerpt":{"rendered":"<p>Zgarda \u0219trangulant\u0103 este folosit \u00een dresajul canin sau corectarea problemelor de comportamente. este utilizat \u00een special pentru c\u00e2inii de talie mare \u0219i \u00eei \u00eempediec\u0103 pe ace\u0219tia s\u0103 trag\u0103 \u00een les\u0103 \u0219i \u00eei for\u021beaz\u0103 s\u0103 mearg\u0103 la picior, compens\u00e2nd sau supliment\u00e2nd un dresaj corect \u00een acest scop. Poate fi dimensionat\u0103 \u00een func\u021bie de dimensiunea g\u00e2tului c\u00e2inelui. [&hellip;]<\/p>\n","protected":false},"featured_media":9990,"template":"","meta":[],"product_brand":[],"product_cat":[168,1855,1854],"product_tag":[1851,928,688],"class_list":{"0":"post-4979","1":"product","2":"type-product","3":"status-publish","4":"has-post-thumbnail","6":"product_cat-caini","7":"product_cat-zgarzi-metalice","8":"product_cat-zgarzi-si-curele","9":"product_tag-zgarda-forta","10":"product_tag-zgarda-strangulanta","11":"product_tag-zgarzi-caini","13":"first","14":"instock","15":"shipping-taxable","16":"purchasable","17":"product-type-simple"},"_links":{"self":[{"href":"https:\/\/faberpet.ro\/stage\/wp-json\/wp\/v2\/product\/4979","targetHints":{"allow":["GET"]}}],"collection":[{"href":"https:\/\/faberpet.ro\/stage\/wp-json\/wp\/v2\/product"}],"about":[{"href":"https:\/\/faberpet.ro\/stage\/wp-json\/wp\/v2\/types\/product"}],"wp:featuredmedia":[{"embeddable":true,"href":"https:\/\/faberpet.ro\/stage\/wp-json\/wp\/v2\/media\/9990"}],"wp:attachment":[{"href":"https:\/\/faberpet.ro\/stage\/wp-json\/wp\/v2\/media?parent=4979"}],"wp:term":[{"taxonomy":"product_brand","embeddable":true,"href":"https:\/\/faberpet.ro\/stage\/wp-json\/wp\/v2\/product_brand?post=4979"},{"taxonomy":"product_cat","embeddable":true,"href":"https:\/\/faberpet.ro\/stage\/wp-json\/wp\/v2\/product_cat?post=4979"},{"taxonomy":"product_tag","embeddable":true,"href":"https:\/\/faberpet.ro\/stage\/wp-json\/wp\/v2\/product_tag?post=4979"}],"curies":[{"name":"wp","href":"https:\/\/api.w.org\/{rel}","templated":true}]}}