{"id":4983,"date":"2024-10-21T20:33:52","date_gmt":"2024-10-21T17:33:52","guid":{"rendered":"https:\/\/faberpet.ro\/stage\/produs\/zgarda-forta-dresaj-pentru-caini-56-74-cm-4-mm-x-11-zale\/"},"modified":"2025-08-04T07:35:01","modified_gmt":"2025-08-04T05:35:01","slug":"zgarda-forta-dresaj-pentru-caini-56-74-cm-4-mm-x-11-zale","status":"publish","type":"product","link":"https:\/\/faberpet.ro\/stage\/produs\/zgarda-forta-dresaj-pentru-caini-56-74-cm-4-mm-x-11-zale\/","title":{"rendered":"Zgarda forta dresaj pentru caini 56-74 cm\/4 mm x 11 zale"},"content":{"rendered":"<p>Zgarda de for\u021b\u0103 este folosit \u00een dresajul canin sau corectarea problemelor de comportamente. este utilizat \u00een special pentru c\u00e2inii de talie medie \u0219i mare \u0219i \u00eei \u00eempediec\u0103 pe ace\u0219tia s\u0103 trag\u0103 \u00een les\u0103 \u0219i \u00eei for\u021beaz\u0103 s\u0103 mearg\u0103 la picior, compens\u00e2nd sau supliment\u00e2nd un dresaj corect \u00een acest scop. Zgarda de for\u021b\u0103 trebuie utilizat\u0103 cu precau\u021bie deoarece zona g\u00e2tului este foarte sensibil\u0103 \u0219i din\u021bii zg\u0103rzii pot duce leziuni at\u00e2t externe, prin zg\u00e2rierea \u0219i chiar peforarea pielii, c\u00e2t \u0219i interne, la nivelul traheei. Nu se recomand\u0103 utilizarea zg\u0103rzii de for\u021b\u0103 la c\u00e2ini cu p\u0103r scurt, f\u0103r\u0103 subp\u0103r sau tun\u0219i, deoarece blana acestora nu ofer\u0103 protec\u021bia necesar\u0103 \u0219i distan\u021ba suficient\u0103 \u00eentre din\u021bii zg\u0103rzii \u0219i g\u00e2t. Poate fi dimensionat\u0103 \u00een func\u021bie de dimensiunea g\u00e2tului c\u00e2inelui. Elementele zg\u0103rzii care ciupesc pielea au v\u0103furile rotunjite pentru a nu r\u0103ni c\u00e2inele. Format\u0103 din 11 zale cu grosimea de 4 mm. Circumferin\u021ba zg\u0103rzii: 56- 74 cm. Confec\u021bionat\u0103 din o\u021bel inoxidabil. Prev\u0103zut\u0103 cu lan\u021b culisant. C\u00e2nd alege\u021bi o zgard\u0103 \u0219trangulant\u0103 m\u0103sura\u021bi circumferin\u021ba g\u00e2tului (imediat \u00een spatele urechilor) c\u0103\u021belului iar la aceasta dimensiunie mai adauga\u021bi 5 cm, determin\u00e2nd astfel lungimea zg\u0103rzii care trebuie cump\u0103rat\u0103.<\/p>\n","protected":false},"excerpt":{"rendered":"<p>Zgarda de for\u021b\u0103 este folosit \u00een dresajul canin sau corectarea problemelor de comportamente. este utilizat \u00een special pentru c\u00e2inii de talie medie \u0219i mare \u0219i \u00eei \u00eempediec\u0103 pe ace\u0219tia s\u0103 trag\u0103 \u00een les\u0103 \u0219i \u00eei for\u021beaz\u0103 s\u0103 mearg\u0103 la picior, compens\u00e2nd sau supliment\u00e2nd un dresaj corect \u00een acest scop. Zgarda de for\u021b\u0103 trebuie utilizat\u0103 cu [&hellip;]<\/p>\n","protected":false},"featured_media":9996,"template":"","meta":[],"product_brand":[],"product_cat":[168,1855,1854],"product_tag":[1883,1882,1870],"class_list":{"0":"post-4983","1":"product","2":"type-product","3":"status-publish","4":"has-post-thumbnail","6":"product_cat-caini","7":"product_cat-zgarzi-metalice","8":"product_cat-zgarzi-si-curele","9":"product_tag-dresaj-pentru-caini","10":"product_tag-forta-dresaj","11":"product_tag-zgarzi-pentru-caini","13":"first","14":"instock","15":"shipping-taxable","16":"purchasable","17":"product-type-simple"},"_links":{"self":[{"href":"https:\/\/faberpet.ro\/stage\/wp-json\/wp\/v2\/product\/4983","targetHints":{"allow":["GET"]}}],"collection":[{"href":"https:\/\/faberpet.ro\/stage\/wp-json\/wp\/v2\/product"}],"about":[{"href":"https:\/\/faberpet.ro\/stage\/wp-json\/wp\/v2\/types\/product"}],"wp:featuredmedia":[{"embeddable":true,"href":"https:\/\/faberpet.ro\/stage\/wp-json\/wp\/v2\/media\/9996"}],"wp:attachment":[{"href":"https:\/\/faberpet.ro\/stage\/wp-json\/wp\/v2\/media?parent=4983"}],"wp:term":[{"taxonomy":"product_brand","embeddable":true,"href":"https:\/\/faberpet.ro\/stage\/wp-json\/wp\/v2\/product_brand?post=4983"},{"taxonomy":"product_cat","embeddable":true,"href":"https:\/\/faberpet.ro\/stage\/wp-json\/wp\/v2\/product_cat?post=4983"},{"taxonomy":"product_tag","embeddable":true,"href":"https:\/\/faberpet.ro\/stage\/wp-json\/wp\/v2\/product_tag?post=4983"}],"curies":[{"name":"wp","href":"https:\/\/api.w.org\/{rel}","templated":true}]}}