{"id":4988,"date":"2024-10-21T20:33:53","date_gmt":"2024-10-21T17:33:53","guid":{"rendered":"https:\/\/faberpet.ro\/stage\/produs\/zgarda-chinga-reflectorizanta-pentru-pisici-1x18-25-cm\/"},"modified":"2025-08-04T08:31:03","modified_gmt":"2025-08-04T06:31:03","slug":"zgarda-chinga-reflectorizanta-pentru-pisici-1x18-25-cm","status":"publish","type":"product","link":"https:\/\/faberpet.ro\/stage\/produs\/zgarda-chinga-reflectorizanta-pentru-pisici-1x18-25-cm\/","title":{"rendered":"Zgarda chinga reflectorizanta pentru pisici 1&#215;18-25 cm"},"content":{"rendered":"<p>Zgard\u0103 confec\u021bionat\u0103 din material nylon. Are l\u0103\u021bimea de 1cm \u0219i lungimea maxim\u0103 desf\u0103\u0219urat\u0103 de 25 cm. Reglare simpl\u0103 \u0219i rapid\u0103, beneficiind de un sistem de \u00eenchidere eficient ce include o cataram\u0103 rafinat\u0103 din plastic. este prev\u0103zut\u0103 cu un inel de prindere din inox \u0219i cu clopo\u021bel. Cu cataram\u0103 deblocabil\u0103 pentru a nu se r\u0103m\u00e2ne pisicu\u021ba ag\u0103\u021bat. Comfortabil\u0103, elegant\u0103. Un accesoriu util \u0219i atr\u0103g\u0103tor pentru animalul Dvs. Disponibil\u0103 \u00een diferite culori. Se vinde ambalat c\u00e2te 6 buc\/set! Pre\u021bul afi\u0219at este per buc!<\/p>\n","protected":false},"excerpt":{"rendered":"<p>Zgard\u0103 confec\u021bionat\u0103 din material nylon. Are l\u0103\u021bimea de 1cm \u0219i lungimea maxim\u0103 desf\u0103\u0219urat\u0103 de 25 cm. Reglare simpl\u0103 \u0219i rapid\u0103, beneficiind de un sistem de \u00eenchidere eficient ce include o cataram\u0103 rafinat\u0103 din plastic. este prev\u0103zut\u0103 cu un inel de prindere din inox \u0219i cu clopo\u021bel. Cu cataram\u0103 deblocabil\u0103 pentru a nu se r\u0103m\u00e2ne pisicu\u021ba [&hellip;]<\/p>\n","protected":false},"featured_media":10002,"template":"","meta":[],"product_brand":[],"product_cat":[171,1908,1907],"product_tag":[1905,1906,1904],"class_list":{"0":"post-4988","1":"product","2":"type-product","3":"status-publish","4":"has-post-thumbnail","6":"product_cat-pisici","7":"product_cat-zgarzi-chinga","8":"product_cat-zgarzi-pisici","9":"product_tag-zgarda-piele-naturala","10":"product_tag-zgarda-pisici","11":"product_tag-zgarzi-chinga","13":"first","14":"instock","15":"shipping-taxable","16":"purchasable","17":"product-type-simple"},"_links":{"self":[{"href":"https:\/\/faberpet.ro\/stage\/wp-json\/wp\/v2\/product\/4988","targetHints":{"allow":["GET"]}}],"collection":[{"href":"https:\/\/faberpet.ro\/stage\/wp-json\/wp\/v2\/product"}],"about":[{"href":"https:\/\/faberpet.ro\/stage\/wp-json\/wp\/v2\/types\/product"}],"wp:featuredmedia":[{"embeddable":true,"href":"https:\/\/faberpet.ro\/stage\/wp-json\/wp\/v2\/media\/10002"}],"wp:attachment":[{"href":"https:\/\/faberpet.ro\/stage\/wp-json\/wp\/v2\/media?parent=4988"}],"wp:term":[{"taxonomy":"product_brand","embeddable":true,"href":"https:\/\/faberpet.ro\/stage\/wp-json\/wp\/v2\/product_brand?post=4988"},{"taxonomy":"product_cat","embeddable":true,"href":"https:\/\/faberpet.ro\/stage\/wp-json\/wp\/v2\/product_cat?post=4988"},{"taxonomy":"product_tag","embeddable":true,"href":"https:\/\/faberpet.ro\/stage\/wp-json\/wp\/v2\/product_tag?post=4988"}],"curies":[{"name":"wp","href":"https:\/\/api.w.org\/{rel}","templated":true}]}}